{"id":10840,"date":"2022-02-17T17:27:59","date_gmt":"2022-02-17T16:27:59","guid":{"rendered":"http:\/\/blogs.univ-jfc.fr\/vphn\/?page_id=10840"},"modified":"2022-02-17T18:48:28","modified_gmt":"2022-02-17T17:48:28","slug":"bibliographie-indicative","status":"publish","type":"page","link":"https:\/\/blogs.univ-jfc.fr\/vphn\/bibliographie-indicative\/","title":{"rendered":"Bibliographie indicative"},"content":{"rendered":"\n<ul><li><span style=\"text-decoration: underline\">OUTILS :<\/span><\/li><\/ul>\n\n\n\n<p>&#8211; ALBERT J.-M., <em>Petit atlas historique du Moyen \u00c2ge<\/em>, Paris, 2018, Armand Colin.<\/p>\n\n\n\n<p>&#8211; DE LIBERA A. (dir.), GAUVARD C. (dir.) et ZINK M. (dir.),<em> Dictionnaire du Moyen \u00c2ge<\/em>, Paris, 2002, Presses universitaires de France.<\/p>\n\n\n\n<ul><li><span style=\"text-decoration: underline\">TRAVAUX G\u00c9N\u00c9RAUX:<\/span><\/li><\/ul>\n\n\n\n<p><strong><span style=\"text-decoration: underline\">Les institutions au Moyen \u00c2ge<\/span><\/strong><\/p>\n\n\n\n<p><strong>Articles :<\/strong><\/p>\n\n\n\n<p>&#8211; JOHANS E., \u00ab Les officiers de justice \u00e0 Rodez au XIVe si\u00e8cle : un groupe r\u00e9duit mais influent \u00bb, dans FOURNIEL B. (dir.), La justice dans les cit\u00e9s \u00e9piscopales, du Moyen \u00c2ge jusqu&rsquo;\u00e0 la soci\u00e9t\u00e9 de l\u2019Ancien R\u00e9gime, Toulouse, 2014,<em> Presses de l\u2019Universit\u00e9 Toulouse 1 Capitole, Presses de l\u2019Universit\u00e9 des Sciences sociales de Toulouse<\/em>, p. 445-458.<\/p>\n\n\n\n<p><strong><span style=\"text-decoration: underline\">Le Royaume de France des XIVe et XVe si\u00e8cles<\/span><\/strong><\/p>\n\n\n\n<p><strong>Manuel :<\/strong><\/p>\n\n\n\n<p>&#8211; FELLER L., <em>Paysans et seigneurs au Moyen \u00c2ge, VIIIe &#8211; XVe si\u00e8cles<\/em>, Paris, 2017, Armand Colin.<\/p>\n\n\n\n<p><strong>Ouvrages scientifiques :<\/strong><\/p>\n\n\n\n<p>&#8211; DEMOTZ B. (dir.),<em> Les principaut\u00e9s dans l\u2019Occident M\u00e9di\u00e9val<\/em>, Bruxelles, 2007, Brepols, p. 317- 339.<\/p>\n\n\n\n<p><strong>Article :<\/strong><\/p>\n\n\n\n<p>&#8211; BUCHHOLZER L., LACHAUD F., \u00ab Le serment dans les villes du bas Moyen \u00c2ge. (XIVe- d\u00e9but XVIe si\u00e8cle) \u00bb, <em>Histoire urbaine<\/em>, 2014, N\u00b0 39, p. 7-27.<\/p>\n\n\n\n<ul><li><span style=\"text-decoration: underline\">GUERRE DE CENT ANS :<\/span><\/li><\/ul>\n\n\n\n<p><strong>Manuels :<\/strong><\/p>\n\n\n\n<p>&#8211; ALLMAND C. T., BEAUNE C., BOVE B. et al., <em>La Guerre de Cent ans<\/em>, Paris, 2012, Fayard.<\/p>\n\n\n\n<p><strong>Ouvrage scientifique :<\/strong><\/p>\n\n\n\n<p>&#8211; MAIREY A., <em>La guerre de Cent ans<\/em>,. Saint-Denis, 2017, Presses universitaires de Vincennes.<\/p>\n\n\n\n<p><strong>Articles :<\/strong><\/p>\n\n\n\n<p>&#8211; CHALLET V., FERRAND G., \u00ab Villages en guerre : les communaut\u00e9s de d\u00e9fense dans le Midi pendant la guerre de Cent Ans \u00bb, <em>Arch\u00e9ologie du Midi M\u00e9di\u00e9val<\/em>, 2007, N\u00b025, p. 111-122.<\/p>\n\n\n\n<ul><li><span style=\"text-decoration: underline\">LES ARMAGNACS :<\/span><\/li><\/ul>\n\n\n\n<p><strong>Ouvrage scientifique :<\/strong><\/p>\n\n\n\n<p>&#8211; BRILLET D., <em>Un Armagnac en Rouergue Jean Ier d\u2019Armagnac. Un grand seigneur du Midi au XIV\u00e8me si\u00e8cle, Villefranche-de-Rouergue<\/em>, 2009, Soci\u00e9t\u00e9 des amis de Villefranche et du Bas-Rouergue.<\/p>\n\n\n\n<p><strong>Articles :<\/strong><\/p>\n\n\n\n<p>&#8211; JOHANS E., \u00ab Lignages aristocratiques du Rouergue et des C\u00e9vennes au service des princes d\u2019Armagnac \u00bb, dans BERTRAND M. (dir.), Pouvoir des familles, familles de pouvoir, Toulouse,2005, <em>Presses Universitaires du Midi<\/em>, p.79-87.<\/p>\n\n\n\n<p>&#8211; JOHANS E., \u00ab Les domaines montagnards des princes d\u2019Armagnac : la baronnie de Roquefeuil et les montagnes du Rouergue \u00bb, dans BOUCHERON P. (dir.) et MORNET E. (dir.), <em>Actes des congr\u00e8s de la Soci\u00e9t\u00e9 des historiens m\u00e9di\u00e9vistes de l&rsquo;enseignement sup\u00e9rieur public. Montagnes m\u00e9di\u00e9vales<\/em>., Paris, 2003, Editions de la Sorbonne, p. 121-135.<\/p>\n\n\n\n<p>&#8211; JOHANS E., \u00ab Jean de Lescun (v. 1405-1473) : Destin\u00e9e politique d\u2019un vrai b\u00e2tard, pseudo-Armagnac, au service du roi \u00bb, dans AVIGNON C. (dir.), B\u00e2tards et b\u00e2tardises dans l\u2019Europe m\u00e9di\u00e9vale et moderne, Rennes, 2016,<em> Presses universitaires de Rennes<\/em>, p. 279-288.<\/p>\n\n\n\n<ul><li><span style=\"text-decoration: underline\">LA GUERRE CIVILE ENTRE ARMAGNACS ET BOURGUIGNONS :<\/span><\/li><\/ul>\n\n\n\n<p><strong>Ouvrages scientifiques :<\/strong><\/p>\n\n\n\n<p>&#8211; DUPUY M.,<em> Le chaos d\u2019o\u00f9 sortit la France, le temps des Armagnacs et des Bourguignons<\/em>, Paris, 1980, Perrin.<\/p>\n\n\n\n<p>&#8211; SCHNERB B.,<em> Les Armagnacs et les Bourguignons : la maudite guerre 1407-1435<\/em>, Paris, 2009, Perrin.<\/p>\n\n\n\n<p><strong>Articles :<\/strong><\/p>\n\n\n\n<p>&#8211; FARGETTE S., \u00ab Rumeurs, propagande et opinion publique au temps de la guerre civile (1407-1420) \u00bb, <em>Le Moyen \u00c2ge : Revue d\u2019histoire et de philologie<\/em>, 2007, N\u00b02, p. 309-334.<\/p>\n\n\n\n<p>&#8211; POLLACK &#8211; LAGUSHENKO T., \u00ab Le parti Armagnac : nouveaux mod\u00e8les de violence politique dans la France du bas Moyen \u00c2ge \u00bb, <em>Annales du Midi<\/em>, 2006, N\u00b0255, p. 441-446.<\/p>\n\n\n\n<p>&#8211; SCHNERB B., \u00ab Les insurrections \u00e0 Paris au temps de la guerre civile entre Armagnacs et Bourguignons \u00bb, dans BOVE B. (dir.) et GAUVARD C. (dir.),<em> Le Paris du Moyen \u00c2ge<\/em>, Paris, 2018, Belin, p. 237-262.<\/p>\n\n\n\n<ul><li><span style=\"text-decoration: underline\">LE ROUERGUE ET RODEZ :<\/span><\/li><\/ul>\n\n\n\n<p><strong>Ouvrages scientifiques :<\/strong><\/p>\n\n\n\n<p>&#8211; CHOLVY G. (dir.), ENJALBERT H. (dir.) et al., <em>Histoire du Rouergue<\/em>, Toulouse, 2001, Privat, p. 83-210.<\/p>\n\n\n\n<p><strong>Articles :<\/strong><\/p>\n\n\n\n<p>&#8211; CATALO J., \u00ab Rodez \u00bb dans GALINI\u00c9 H. (dir.), GAUTHIEZ B. (dir.) et ZADORA-RIO E. (dir.), Villages et villes au Moyen-\u00c2ge. Les dynamiques morphologiques. Vol. 1 et 2, Tours, 2003, <em>Presses universitaires Fran\u00e7ois-Rabelais<\/em>, p. 151-169.<\/p>\n\n\n\n<p>&#8211; FERRAND G., \u00ab D\u00e9mographie et d\u00e9fense en Rouergue pendant la guerre de Cent ans : la contrainte du nombre \u00bb, dans FOISSAC P. (dir.), Vivre et mourir en temps de guerre de la pr\u00e9histoire \u00e0 nos jours : Quercy et r\u00e9gions voisines, Toulouse, 2013, <em>Presses universitaires du Midi<\/em>, p. 87-95.<\/p>\n\n\n\n<p>&#8211; JOHANS E., \u00ab Prix fonciers et pr\u00e9l\u00e8vement princier en Rouergue avant la Peste noire (1341-1347) \u00bb, dans DENJEAN C., Sources s\u00e9rielles et prix au Moyen-\u00c2ge., Toulouse, 2009, <em>Presses universitaires du Midi<\/em>, p. 193-219.<\/p>\n","protected":false},"excerpt":{"rendered":"<p>OUTILS : &#8211; ALBERT J.-M., Petit atlas historique du Moyen \u00c2ge, Paris, 2018, Armand Colin. &#8211; DE LIBERA A. (dir.), GAUVARD C. (dir.) et ZINK M. (dir.), Dictionnaire du Moyen \u00c2ge, Paris, 2002, Presses universitaires de France. TRAVAUX G\u00c9N\u00c9RAUX: Les institutions au Moyen \u00c2ge Articles : &#8211; JOHANS E., \u00ab Les officiers de justice \u00e0 &hellip; <\/p>\n<p class=\"link-more\"><a href=\"https:\/\/blogs.univ-jfc.fr\/vphn\/bibliographie-indicative\/\" class=\"more-link\">Continuer la lecture<span class=\"screen-reader-text\"> de &laquo;&nbsp;Bibliographie indicative&nbsp;&raquo;<\/span><\/a><\/p>\n","protected":false},"author":851,"featured_media":0,"parent":0,"menu_order":0,"comment_status":"closed","ping_status":"closed","template":"","meta":[],"_links":{"self":[{"href":"https:\/\/blogs.univ-jfc.fr\/vphn\/wp-json\/wp\/v2\/pages\/10840"}],"collection":[{"href":"https:\/\/blogs.univ-jfc.fr\/vphn\/wp-json\/wp\/v2\/pages"}],"about":[{"href":"https:\/\/blogs.univ-jfc.fr\/vphn\/wp-json\/wp\/v2\/types\/page"}],"author":[{"embeddable":true,"href":"https:\/\/blogs.univ-jfc.fr\/vphn\/wp-json\/wp\/v2\/users\/851"}],"replies":[{"embeddable":true,"href":"https:\/\/blogs.univ-jfc.fr\/vphn\/wp-json\/wp\/v2\/comments?post=10840"}],"version-history":[{"count":4,"href":"https:\/\/blogs.univ-jfc.fr\/vphn\/wp-json\/wp\/v2\/pages\/10840\/revisions"}],"predecessor-version":[{"id":10907,"href":"https:\/\/blogs.univ-jfc.fr\/vphn\/wp-json\/wp\/v2\/pages\/10840\/revisions\/10907"}],"wp:attachment":[{"href":"https:\/\/blogs.univ-jfc.fr\/vphn\/wp-json\/wp\/v2\/media?parent=10840"}],"curies":[{"name":"wp","href":"https:\/\/api.w.org\/{rel}","templated":true}]}}