{"id":1122,"date":"2018-02-01T12:02:52","date_gmt":"2018-02-01T11:02:52","guid":{"rendered":"http:\/\/blogs.univ-jfc.fr\/vphn\/?page_id=1122"},"modified":"2018-03-14T17:58:53","modified_gmt":"2018-03-14T16:58:53","slug":"laffaire-calas-2017","status":"publish","type":"page","link":"https:\/\/blogs.univ-jfc.fr\/vphn\/figures-et-evenements\/laffaire-calas-2017\/","title":{"rendered":"L&rsquo;Affaire Calas [2017]"},"content":{"rendered":"<p style=\"text-align: justify\"><a href=\"http:\/\/archives.haute-garonne.fr\/pdf\/service_educatif\/brochures\/affaireCalas.pdf\">L&rsquo;affaire Calas<\/a> est l\u2019\u00e9pilogue du conflit\u00a0 religieux qui a oppos\u00e9 catholiques et protestants pendant deux si\u00e8cles, du XVI\u00e8me si\u00e8cle au XVIII\u00e8me si\u00e8cle. Dans cette affaire, Voltaire, \u00e9crivain illustre pour ses id\u00e9es progressistes, se fait le d\u00e9fenseur de la victime, dans un \u00ab\u00a0combat\u00a0\u00bb qu&rsquo;il m\u00e8ne jusqu&rsquo;\u00e0 la preuve de l&rsquo;erreur judiciaire et \u00e0 la r\u00e9habilitation du pr\u00e9tendu coupable d\u00e9sign\u00e9 \u00e0 la vindicte populaire par une justice partiale et un proc\u00e8s \u00e0 charge. En 1761, Jean Calas, commer\u00e7ant protestant de Toulouse, est accus\u00e9 d\u2019avoir assassin\u00e9 son fils Marc-Antoine, retrouv\u00e9 mort dans leur maison familiale rue des Filatiers. Pour mobile d\u2019accusation, on soup\u00e7onne Calas d\u2019avoir voulu emp\u00eacher son fils de\u00a0 se convertir au catholicisme.<\/p>\n<figure id=\"attachment_1428\" aria-describedby=\"caption-attachment-1428\" style=\"width: 218px\" class=\"wp-caption alignright\"><img loading=\"lazy\" class=\"size-medium wp-image-1428\" src=\"http:\/\/blogs.univ-jfc.fr\/vphn\/wp-content\/uploads\/sites\/65\/2018\/02\/JeanCalas-218x300.jpg\" alt=\"\" width=\"218\" height=\"300\" srcset=\"https:\/\/blogs.univ-jfc.fr\/vphn\/wp-content\/uploads\/sites\/65\/2018\/02\/JeanCalas-218x300.jpg 218w, https:\/\/blogs.univ-jfc.fr\/vphn\/wp-content\/uploads\/sites\/65\/2018\/02\/JeanCalas.jpg 233w\" sizes=\"(max-width: 218px) 100vw, 218px\" \/><figcaption id=\"caption-attachment-1428\" class=\"wp-caption-text\">http:\/\/ravachol.centerblog.net\/rub actes et faits de L&rsquo;histoire de france.html<\/figcaption><\/figure>\n<p style=\"text-align: justify\">D\u00e8s son origine, la ville de Toulouse fut particuli\u00e8rement hostile au protestantisme, alors qu\u2019il put se d\u00e9velopper avec vigueur dans certaines villes voisines comme Montauban ou Castres. Si la reforme protestante a connu un d\u00e9veloppement particulier dans le midi de la France, l\u2019implantation des Huguenots dans le dioc\u00e8se de Toulouse fut mod\u00e9r\u00e9e. En opposition avec ce mouvement r\u00e9gional de conversion au protestantisme, la ville de Toulouse, fut impitoyable avec sa population protestante. D\u00e9but XVII\u00e8me les protestants ne sont plus qu\u2019un gros millier dans le dioc\u00e8se de Toulouse. Durant le XVII\u00e8me si\u00e8cle, la mont\u00e9e de l\u2019intol\u00e9rance et de la r\u00e9pression va crescendo, jusqu\u2019\u00e0 l\u2019\u00c9dit de r\u00e9vocation de Fontainebleau.<\/p>\n<p style=\"text-align: justify\">A la m\u00eame \u00e9poque, il est \u00e0 noter que deux autres affaires anti-protestantes semblables eurent lieu dans la r\u00e9gion Toulousaine\u00a0: <a href=\"https:\/\/www.ladepeche.fr\/article\/2017\/03\/22\/2541118-les-protestants-caussadais.html\">l\u2019affaire Rochette<\/a> \u00e0 Montauban et <a href=\"https:\/\/www.museeprotestant.org\/notice\/laffaire-sirven\/\">l\u2019affaire Sirven<\/a> pr\u00e8s de Mazamet, fort ressemblante \u00e0 l\u2019affaire Calas et o\u00f9 Voltaire d\u00e9fendit \u00e0 nouveau un p\u00e8re protestant accus\u00e9 d\u2019avoir noy\u00e9 sa fille dans un puits pour l\u2019emp\u00eacher de se convertir au catholicisme.<\/p>\n<p style=\"text-align: justify\">L\u2019affaire Calas fut dans un premier temps instruite et jug\u00e9e par les Capitouls, puis jug\u00e9e en appel par <a href=\"http:\/\/gallica.bnf.fr\/ark:\/12148\/bpt6k122939f.r=Histoire%20du%20parlement%20de%20Toulouse%20Dub%C3%A9dat\">le parlement de Toulouse<\/a>. Elle a fait rena\u00eetre et cro\u00eetre l\u2019anti-protestantisme sous l\u2019influence de \u00ab\u00a0fanatiques bigots (catholiques)\u00a0\u00bb, qui ont noyaut\u00e9 les deux instances de pouvoirs de la ville de Toulouse. Le capitoul Beaudrigue qui m\u00e8ne l\u2019instruction utilise \u00e0 dessein les failles de Calas dans sa d\u00e9fense. En effet, Calas ment dans un premier temps, en disant qu\u2019il a retrouv\u00e9 son fils mort et en cachant la pendaison pour \u00e9viter le d\u00e9shonneur public et l\u2019absence de fun\u00e9railles r\u00e9serv\u00e9e aux suicid\u00e9s. Puis le p\u00e8re de Calas revient sur sa version bien qu\u2019il ait d\u00e9j\u00e0 jur\u00e9 sur la Bible. Il fait donc un coupable d\u00e9sign\u00e9 pour cause de parjure. Pour motiver le meurtre du p\u00e8re, Beaudrigue utilise le fait que la victime, Marc Antoine Calas, voulait se convertir au catholicisme, s\u2019appuyant uniquement sur la rumeur et l\u2019ou\u00ef-dire. De plus, Pimbert (procureur du roi) exige un monitoire avec des questions orient\u00e9es de fa\u00e7on ill\u00e9gale pour accuser la famille. La proc\u00e9dure favorise donc les d\u00e9nonciations calomnieuses de la part des fanatiques catholiques.<\/p>\n<p style=\"text-align: justify\">Pourtant des \u00e9l\u00e9ments tangibles pouvaient orienter le proc\u00e8s en faveur de Calas. Il est certes protestant mais n\u2019est pas un fanatique. Il verse une pension \u00e0 un des ses fils qui est d\u00e9j\u00e0 converti au catholicisme. Par ailleurs tout se passe tr\u00e8s bien avec sa servante catholique (obligation pour les protestants) qui s\u2019est occup\u00e9e de ses enfants. Au moment des faits, Calas a 63 ans (un vieillard pour l\u2019\u00e9poque, argument repris par Voltaire dans son trait\u00e9 sur l&rsquo;intol\u00e9rance). Il aurait d\u00fb assommer son fils, le soulever pour le pendre,\u00a0 chose impossible s\u2019il avait commis le meurtre seul. L\u2019enqu\u00eate de quartier le d\u00e9crit comme un homme sympathique, sans histoires et non violent. \u00a0Malgr\u00e9 l&rsquo;orientation de l&rsquo;instruction contre Jean Calas, le jugement en appel du parlement de Toulouse ne fut pas une simple formalit\u00e9. Les 13 juges furent d&rsquo;avis diff\u00e9rents et partag\u00e9s sur le sort de Calas. Il faudra environ 10 s\u00e9ances de \u00ab\u00a0n\u00e9gociations\u00a0\u00bb et d&rsquo;h\u00e9sitations pour qu\u2019\u00e0 l&rsquo;issue de la derni\u00e8re, le 9 mars 1762, Jean Calas soit condamn\u00e9 \u00e0 mort \u00e0 8 voix contre 5. Apr\u00e8s son ex\u00e9cution, dans le cadre de la r\u00e9habilitation voulue par Voltaire le 9 mars 1765, Louis XV<\/p>\n<figure id=\"attachment_1385\" aria-describedby=\"caption-attachment-1385\" style=\"width: 187px\" class=\"wp-caption alignright\"><img loading=\"lazy\" class=\" wp-image-1385\" src=\"http:\/\/blogs.univ-jfc.fr\/vphn\/wp-content\/uploads\/sites\/65\/2018\/02\/Dapr\u00e8s_Maurice_Quentin_de_La_Tour_Portrait_de_Voltaire_c._1737_mus\u00e9e_Antoine_L\u00e9cuyer-1-242x300.jpg\" alt=\"\" width=\"187\" height=\"231\" srcset=\"https:\/\/blogs.univ-jfc.fr\/vphn\/wp-content\/uploads\/sites\/65\/2018\/02\/Dapr\u00e8s_Maurice_Quentin_de_La_Tour_Portrait_de_Voltaire_c._1737_mus\u00e9e_Antoine_L\u00e9cuyer-1-242x300.jpg 242w, https:\/\/blogs.univ-jfc.fr\/vphn\/wp-content\/uploads\/sites\/65\/2018\/02\/Dapr\u00e8s_Maurice_Quentin_de_La_Tour_Portrait_de_Voltaire_c._1737_mus\u00e9e_Antoine_L\u00e9cuyer-1.jpg 404w\" sizes=\"(max-width: 187px) 100vw, 187px\" \/><figcaption id=\"caption-attachment-1385\" class=\"wp-caption-text\">D&rsquo;apr\u00e8s Maurice Quentin de La Tour Portrait de Voltaire c. 1737 mus\u00e9e Antoine L\u00e9cuyer<\/figcaption><\/figure>\n<p style=\"text-align: justify\">demande un compl\u00e9ment d\u2019enqu\u00eate et le parlement de Paris a consid\u00e9r\u00e9 le dossier vide, preuve de la partialit\u00e9 des premiers jugements. L\u2019explication de l\u2019erreur judiciaire est \u00e0 chercher dans l&rsquo;anti-protestantisme de la population toulousaine instrumentalis\u00e9e par le Conseil Municipal. Les capitouls ont f\u00e9d\u00e9r\u00e9 la population catholique pour lib\u00e9rer sa haine et sa ranc\u0153ur, et aussi sans doute pour faire oublier une situation \u00e9conomique mauvaise dans la ville. Enfin, le m\u00e9decin l\u00e9giste Antoine Louis, d\u00e9montra apr\u00e8s coup de fa\u00e7on irr\u00e9futable, en s\u2019appuyant sur les comptes rendus effectu\u00e9s lors des faits par les m\u00e9decins, que Marc Antoine s\u2019est lui-m\u00eame pendu, puisqu&rsquo;il n&rsquo;y avait aucune autre marque de violence sur le corps.<\/p>\n<figure id=\"attachment_1339\" aria-describedby=\"caption-attachment-1339\" style=\"width: 300px\" class=\"wp-caption alignnone\"><img loading=\"lazy\" class=\"size-medium wp-image-1339\" src=\"http:\/\/blogs.univ-jfc.fr\/vphn\/wp-content\/uploads\/sites\/65\/2018\/02\/famille-calas2f-1-300x221.jpg\" alt=\"\" width=\"300\" height=\"221\" srcset=\"https:\/\/blogs.univ-jfc.fr\/vphn\/wp-content\/uploads\/sites\/65\/2018\/02\/famille-calas2f-1-300x221.jpg 300w, https:\/\/blogs.univ-jfc.fr\/vphn\/wp-content\/uploads\/sites\/65\/2018\/02\/famille-calas2f-1.jpg 699w\" sizes=\"(max-width: 300px) 100vw, 300px\" \/><figcaption id=\"caption-attachment-1339\" class=\"wp-caption-text\">Daniel CHODOWIECKI (1726 &#8211; 1801)<br \/>RMN-Grand Palais<\/figcaption><\/figure>\n<p style=\"text-align: justify\">Aujourd\u2019hui, \u00a0des comm\u00e9morations ont toujours lieu, rendant hommage \u00e0 Jean Calas. La comm\u00e9moration du 250\u00e8me anniversaire de la r\u00e9habilitation de Calas, le 9 Mars 2015, avec l&rsquo;aide et la pr\u00e9sence de <a href=\"http:\/\/www.jean-calas-toulouse-europe.com\/\">l&rsquo;association \u00ab\u00a0Jean Calas, l&rsquo;Europe nous regarde\u00a0\u00bb<\/a>, qui milite pour que tout le monde ait acc\u00e8s \u00e0 la maison de la famille Calas, est un moment important. La maison fut pr\u00e9serv\u00e9e, et l\u2019affaire Calas a pu devenir un symbole majeur de l\u2019intol\u00e9rance religieuse. Un rassemblement comm\u00e9moratif a \u00e9t\u00e9 organis\u00e9 en 2005 sur la place Saint Georges, endroit o\u00f9 le pauvre Jean Calas fut ex\u00e9cut\u00e9. Une plaque y fut pos\u00e9e en remplacement d&rsquo;une ancienne d\u00e9j\u00e0 pr\u00e9sente. Lors du 250\u00e8me anniversaire, une nouvelle plaque comm\u00e9morative (juxtapos\u00e9e \u00e0 une ancienne plaque tardivement pos\u00e9e en 1948) fut install\u00e9e.<\/p>\n<figure id=\"attachment_1456\" aria-describedby=\"caption-attachment-1456\" style=\"width: 179px\" class=\"wp-caption aligncenter\"><img loading=\"lazy\" class=\"size-full wp-image-1456\" src=\"http:\/\/blogs.univ-jfc.fr\/vphn\/wp-content\/uploads\/sites\/65\/2018\/02\/t\u00e9l\u00e9chargement.jpg\" alt=\"\" width=\"179\" height=\"281\" \/><figcaption id=\"caption-attachment-1456\" class=\"wp-caption-text\">Photo de Didier Descouens<br \/>Mars 2014<\/figcaption><\/figure>\n<p>&nbsp;<\/p>\n<p>Pour aller plus loin:<\/p>\n<p>&nbsp;<\/p>\n<p>Article sp\u00e9cialis\u00e9:<\/p>\n<p>Claude LAURIOL, \u00ab L&rsquo;affaire Calas \u00e0 Toulouse \u00bb, <em>Annales du Midi : revue arch\u00e9ologique, historique et philosophique de la France m\u00e9ridionale<\/em>, n\u00b0184, 1987, pp.505-507<\/p>\n<p>Ouvrage sp\u00e9cialis\u00e9:<\/p>\n<p>David BIEN, <em>L\u2019affaire Calas, h\u00e9r\u00e9sie, pers\u00e9cution, tol\u00e9rance \u00e0 Toulouse au XVIII\u00e8me si\u00e8cle<\/em>, Toulouse, 198<\/p>\n<p>Site:<\/p>\n<p>http:\/\/urlz.fr\/5Z3n<\/p>\n","protected":false},"excerpt":{"rendered":"<p>L&rsquo;affaire Calas est l\u2019\u00e9pilogue du conflit\u00a0 religieux qui a oppos\u00e9 catholiques et protestants pendant deux si\u00e8cles, du XVI\u00e8me si\u00e8cle au XVIII\u00e8me si\u00e8cle. Dans cette affaire, Voltaire, \u00e9crivain illustre pour ses id\u00e9es progressistes, se fait le d\u00e9fenseur de la victime, dans un \u00ab\u00a0combat\u00a0\u00bb qu&rsquo;il m\u00e8ne jusqu&rsquo;\u00e0 la preuve de l&rsquo;erreur judiciaire et \u00e0 la r\u00e9habilitation du &hellip; <\/p>\n<p class=\"link-more\"><a href=\"https:\/\/blogs.univ-jfc.fr\/vphn\/figures-et-evenements\/laffaire-calas-2017\/\" class=\"more-link\">Continuer la lecture<span class=\"screen-reader-text\"> de &laquo;&nbsp;L&rsquo;Affaire Calas [2017]&nbsp;&raquo;<\/span><\/a><\/p>\n","protected":false},"author":435,"featured_media":0,"parent":69,"menu_order":2,"comment_status":"closed","ping_status":"closed","template":"","meta":[],"_links":{"self":[{"href":"https:\/\/blogs.univ-jfc.fr\/vphn\/wp-json\/wp\/v2\/pages\/1122"}],"collection":[{"href":"https:\/\/blogs.univ-jfc.fr\/vphn\/wp-json\/wp\/v2\/pages"}],"about":[{"href":"https:\/\/blogs.univ-jfc.fr\/vphn\/wp-json\/wp\/v2\/types\/page"}],"author":[{"embeddable":true,"href":"https:\/\/blogs.univ-jfc.fr\/vphn\/wp-json\/wp\/v2\/users\/435"}],"replies":[{"embeddable":true,"href":"https:\/\/blogs.univ-jfc.fr\/vphn\/wp-json\/wp\/v2\/comments?post=1122"}],"version-history":[{"count":10,"href":"https:\/\/blogs.univ-jfc.fr\/vphn\/wp-json\/wp\/v2\/pages\/1122\/revisions"}],"predecessor-version":[{"id":2060,"href":"https:\/\/blogs.univ-jfc.fr\/vphn\/wp-json\/wp\/v2\/pages\/1122\/revisions\/2060"}],"up":[{"embeddable":true,"href":"https:\/\/blogs.univ-jfc.fr\/vphn\/wp-json\/wp\/v2\/pages\/69"}],"wp:attachment":[{"href":"https:\/\/blogs.univ-jfc.fr\/vphn\/wp-json\/wp\/v2\/media?parent=1122"}],"curies":[{"name":"wp","href":"https:\/\/api.w.org\/{rel}","templated":true}]}}