{"id":11387,"date":"2022-03-13T21:58:11","date_gmt":"2022-03-13T20:58:11","guid":{"rendered":"http:\/\/blogs.univ-jfc.fr\/vphn\/?page_id=11387"},"modified":"2022-03-13T21:58:11","modified_gmt":"2022-03-13T20:58:11","slug":"bibliographie-jean-de-bernuy","status":"publish","type":"page","link":"https:\/\/blogs.univ-jfc.fr\/vphn\/bibliographie-jean-de-bernuy\/","title":{"rendered":"Bibliographie &#8211; Jean de Bernuy"},"content":{"rendered":"\n<p>BORDES Fran\u00e7ois, \u00ab Les capitouls de Toulouse et la religion, du Moyen \u00e2ge \u00e0 la Renaissance \u00bb in <em>Le ciel sur cette Terre<\/em>, Presses universitaires du Midi, \u00ab M\u00e9ridiennes \u00bb, Toulouse, 2008, 390 pages, (pages 275-294).<\/p>\n\n\n\n<p>BORDES Fran\u00e7ois, \u00ab Petits et grands serviteurs de la cit\u00e9 : les officiers municipaux de Toulouse du XIII\u00e8me au XVI\u00e8me \u00bb in <em>Toulouse, une m\u00e9tropole m\u00e9ridionale<\/em>, Framespa, \u00ab M\u00e9ridiennes \u00bb, Toulouse, 2009, (pages 269-286).<\/p>\n\n\n\n<p>CASADO ALONSO Hilario, \u00ab La gestion d&rsquo;une entreprise de commercialisation du pastel toulousain au d\u00e9but du XVIe si\u00e8cle \u00bb in <em>Annales du Midi<\/em>, 2001, pages 457 \u00e0 479.<\/p>\n\n\n\n<p>CASTER Gilles, <em>Le commerce du pastel et de l\u2019\u00e9picerie \u00e0 Toulouse ( 1450-1561 )<\/em>, \u00c9douard Privat, \u00ab Biblioth\u00e8que m\u00e9ridionale \u00bb, Toulouse, 1962, 411 pages.&nbsp;<\/p>\n\n\n\n<p>CASTER Gilles, <em>Les routes de Cocagne: le si\u00e8cle d\u2019or du pastel ( 1450-1561 )<\/em>, Privat, \u00ab Pages grand sud \u00bb, Toulouse, 1998, 233 pages.&nbsp;<\/p>\n\n\n\n<p>CAU Christian, <em>Toulouse 2000 ans d\u2019arts et d\u2019histoire<\/em>, Dr\u00e9mil-Lafage, \u00ab Hors collection \u00bb, Paris, 1999, 207 pages.&nbsp;<\/p>\n\n\n\n<p>DEBUICHE Colin, \u00ab L\u2019h\u00f4tel de Bernuy et l\u2019influence des Medidas del Romano dans l\u2019architecture toulousaine de la Renaissance \u00bb in <em>Les cahiers de Framespa<\/em>, Toulouse, mai 2010, n\u00b05.&nbsp;<\/p>\n\n\n\n<p>DEBUICHE Colin, \u00ab L\u2019h\u00f4tel de Bernuy: un \u00e9difice toulousain de la Renaissance entre France et Espagne \u00bb in <em>Les \u00e9changes artistiques entre la France et l\u2019Espagne (XVe-fin XIXe si\u00e8cles)<\/em>, Perpignan, PUP, 2012, p. 35-54.<\/p>\n\n\n\n<p>DE GORSSE Pierre, <em>Les Grandes heures de Toulouse<\/em>, Perrin, \u00ab Hors collection \u00bb, Paris, 1978, 367 pages.&nbsp;<\/p>\n\n\n\n<p>WOLFF Philippe (dir.), L\u2019Histoire de Toulouse, Privat, \u00ab Univers de la France et des pays francophones \u00bb, Toulouse, 1994, 552 pages.&nbsp;<\/p>\n\n\n\n<p>WOLFF Philippe (dir.), <em>Les toulousains dans l\u2019Histoire<\/em>, Privat, \u00ab Les hommes dans l\u2019Histoire \u00bb, Toulouse, 1984, 443 pages<\/p>\n","protected":false},"excerpt":{"rendered":"<p>BORDES Fran\u00e7ois, \u00ab Les capitouls de Toulouse et la religion, du Moyen \u00e2ge \u00e0 la Renaissance \u00bb in Le ciel sur cette Terre, Presses universitaires du Midi, \u00ab M\u00e9ridiennes \u00bb, Toulouse, 2008, 390 pages, (pages 275-294). BORDES Fran\u00e7ois, \u00ab Petits et grands serviteurs de la cit\u00e9 : les officiers municipaux de Toulouse du XIII\u00e8me au &hellip; <\/p>\n<p class=\"link-more\"><a href=\"https:\/\/blogs.univ-jfc.fr\/vphn\/bibliographie-jean-de-bernuy\/\" class=\"more-link\">Continuer la lecture<span class=\"screen-reader-text\"> de &laquo;&nbsp;Bibliographie &#8211; Jean de Bernuy&nbsp;&raquo;<\/span><\/a><\/p>\n","protected":false},"author":858,"featured_media":0,"parent":0,"menu_order":0,"comment_status":"closed","ping_status":"closed","template":"","meta":[],"_links":{"self":[{"href":"https:\/\/blogs.univ-jfc.fr\/vphn\/wp-json\/wp\/v2\/pages\/11387"}],"collection":[{"href":"https:\/\/blogs.univ-jfc.fr\/vphn\/wp-json\/wp\/v2\/pages"}],"about":[{"href":"https:\/\/blogs.univ-jfc.fr\/vphn\/wp-json\/wp\/v2\/types\/page"}],"author":[{"embeddable":true,"href":"https:\/\/blogs.univ-jfc.fr\/vphn\/wp-json\/wp\/v2\/users\/858"}],"replies":[{"embeddable":true,"href":"https:\/\/blogs.univ-jfc.fr\/vphn\/wp-json\/wp\/v2\/comments?post=11387"}],"version-history":[{"count":2,"href":"https:\/\/blogs.univ-jfc.fr\/vphn\/wp-json\/wp\/v2\/pages\/11387\/revisions"}],"predecessor-version":[{"id":11392,"href":"https:\/\/blogs.univ-jfc.fr\/vphn\/wp-json\/wp\/v2\/pages\/11387\/revisions\/11392"}],"wp:attachment":[{"href":"https:\/\/blogs.univ-jfc.fr\/vphn\/wp-json\/wp\/v2\/media?parent=11387"}],"curies":[{"name":"wp","href":"https:\/\/api.w.org\/{rel}","templated":true}]}}