{"id":11416,"date":"2022-03-13T22:55:17","date_gmt":"2022-03-13T21:55:17","guid":{"rendered":"http:\/\/blogs.univ-jfc.fr\/vphn\/?page_id=11416"},"modified":"2022-03-13T23:03:06","modified_gmt":"2022-03-13T22:03:06","slug":"bibliographie-9","status":"publish","type":"page","link":"https:\/\/blogs.univ-jfc.fr\/vphn\/bibliographie-9\/","title":{"rendered":"Bibliographie"},"content":{"rendered":"\n<p><strong>Usuels<\/strong><\/p>\n\n\n\n<p><br>Amandry, M., (2006), Dictionnaire de numismatique, (Hors collection Larousse), Larousse.<br>Roret, N.E., (2018), Nouveau manuel complet de numismatique ancienne (G\u00e9n\u00e9ralit\u00e9s), Hachette livre-BNF.<\/p>\n\n\n\n<p><strong>I. L\u2019\u00e9volution du r\u00f4le politique des monnaies<\/strong><br><strong>A. Les monnaies f\u00e9odales<\/strong><\/p>\n\n\n\n<p><br><strong>Ouvrages g\u00e9n\u00e9raux<\/strong><\/p>\n\n\n\n<p><br>Bisson, T. N. (1963). Monnaies f\u00e9odales et circulation mon\u00e9taire en Languedoc (XeXIIIe si\u00e8cles). Mireille Castaing-Sicard. Speculum, 38(2), 334.<\/p>\n\n\n\n<p><strong>Articles sp\u00e9cifiques<\/strong><\/p>\n\n\n\n<p>Benaniba, A., &amp; Diaz, J. M. (2011). Corpus des monnaies du Languedoc carolingien et f\u00e9odal et du Roussillon. HADES cr\u00e9ations.<br>Sarah G., Genevi\u00e8ve V., Guerrot C., \u201cLe tr\u00e9sor carolingien d\u00e9couvert \u00e0 Auzeville (Haute-Garonne) en 1878. \u00c9tude des monnayages toulousains de Charles le Chauve et de P\u00e9pin II d&rsquo;Aquitaine\u201d. Revue numismatique, 6e s\u00e9rie &#8211; Tome 173, ann\u00e9e 2016 pp. 417-498.<\/p>\n\n\n\n<p><strong>B. Les monnaies royales<\/strong><\/p>\n\n\n\n<p><strong><br>Ouvrages g\u00e9n\u00e9raux<\/strong><\/p>\n\n\n\n<p><br>Le Goff. J. (2019), Le Moyen Age et l\u2019argent (French Edition). Tempus Perrin.<\/p>\n\n\n\n<p><strong>Articles sp\u00e9cifiques<\/strong><\/p>\n\n\n\n<p>Labrousse, M. (1973), Monnaies \u00ab \u00e0 la croix \u00bb trouv\u00e9es \u00e0 Vieille-Toulouse au cours des fouilles de 1969, 1970 et 1971. Pallas, 75-104.<br>Piron S., \u201cMonnaie et majest\u00e9 royale dans la France du XIVe si\u00e8cle\u201d. Annales. His<\/p>\n\n\n\n<p><strong>C. Vers une centralisation des monnaies<\/strong><\/p>\n\n\n\n<p><br><strong>Ouvrages g\u00e9n\u00e9raux<\/strong><\/p>\n\n\n\n<p><br>Ladurie, E. L. R. (2020). Histoire du Languedoc : \u00ab Que sais-je ? \u00bb n\u00b0 958 (French Edition) (8e \u00e9d.). Que sais-je ?<\/p>\n\n\n\n<p><strong>Articles sp\u00e9cifiques<\/strong><\/p>\n\n\n\n<p><br>Hocquet, J. C. (2020). \u201cBeno\u00eet Santiano, La Monnaie, le prince et le marchand : une analyse \u00e9conomique des ph\u00e9nom\u00e8nes mon\u00e9taires au Moyen ge\u201d. Cahiers de civilisation m\u00e9di\u00e9vale, 250-251, 207.<\/p>\n\n\n\n<p><strong>II. L\u2019\u00e9volution du r\u00f4le \u00e9conomique des monnaies<br>A. D\u2019une valeur \u201cmat\u00e9rielle\u201d \u00e0 une valeur \u201cfaciale\u201d<\/strong><\/p>\n\n\n\n<p><br><strong>Ouvrages g\u00e9n\u00e9raux<\/strong><\/p>\n\n\n\n<p><br>Evangelisti, P., &amp; Dalarun, J. (2021), \u201cLa Pens\u00e9e \u00c9conomique Au Moyen Age : Richesse, Pauvret\u00e9, Marches Et Monnaie\u201d. Savoirs Anciens Et M\u00e9di\u00e9vaux (French Edition). Classiques Garnier.<br>Miguet, T. (2014). L&rsquo;or vivant de l&rsquo;alchimie m\u00e9di\u00e9vale. L&rsquo;Or Au Moyen Age : Monnaie, M\u00e9tal, Objets, Symbole, 293-331.<\/p>\n\n\n\n<p><br><strong>Articles sp\u00e9cifiques<\/strong><\/p>\n\n\n\n<p><br>Bompaire, M. (2007). \u201c\u00c9valuer les monnaies \u00e0 la fin du Moyen- ge. Une information imparfaite et in\u00e9gale.\u201d. Cahiers Vilfredo Pareto, 45 (137), 69-79.<\/p>\n\n\n\n<p>Porret, M. (2015).Caporossi O., Traimond B. (dir.), \u201cLa fabrique du faux mon\u00e9taire (du Moyen ge \u00e0 nos jours)\u201d. Crime, Histoire &amp; Soci\u00e9t\u00e9s, 19(1), 131-132.<\/p>\n\n\n\n<p><strong>B. Les \u00e9changes commerciaux et culturels<\/strong><\/p>\n\n\n\n<p><br><strong>Ouvrages g\u00e9n\u00e9raux<\/strong><\/p>\n\n\n\n<p><br>Evangelisti, P., &amp; Dalarun, J. (2021).\u201d La pens\u00e9e \u00e9conomique au Moyen ge: richesse, pauvret\u00e9, march\u00e9s et monnaie\u201d. Savoirs anciens et m\u00e9di\u00e9vaux 7.<\/p>\n\n\n\n<p><strong>Articles sp\u00e9cifiques<\/strong><\/p>\n\n\n\n<p><br>Terrisse, M. (2014). \u201cLa pr\u00e9sence arabo-musulmane en Languedoc et en Provence \u00e0 l\u2019\u00e9poque m\u00e9di\u00e9vale\u201d. Hommes &amp; migrations, 1306, 126-128.<\/p>\n\n\n\n<p><strong>C. Du troc au sou<\/strong><\/p>\n\n\n\n<p><br><strong>Ouvrages g\u00e9n\u00e9raux<\/strong><\/p>\n\n\n\n<p><br>Hocquet, J.-C. (2020). \u201cLa Monnaie, le prince et le marchand : une analyse \u00e9conomique des ph\u00e9nom\u00e8nes mon\u00e9taires au Moyen Age\u201d. Cahiers de civilisation m\u00e9di\u00e9vale, 250-251, 207.<\/p>\n\n\n\n<p><strong>Articles sp\u00e9cifiques<\/strong><\/p>\n\n\n\n<p><br>Bompaire, M. (1987), \u201cUn livre de changeur languedocien du milieu du XIVe s\u201d. Revue numismatique, 118-183.<\/p>\n\n\n\n<p><strong>III. L\u2019\u00e9volution du r\u00f4le social des monnaies<br>A. Les ateliers<\/strong><\/p>\n\n\n\n<p><br><strong>Ouvrages g\u00e9n\u00e9raux<\/strong><\/p>\n\n\n\n<p><br>Bompaire M. L&rsquo;argent au Moyen ge, XVIIe congr\u00e8s de la S.H.M.E.S.P. (ClermontFerrand, 30 mai-ler juin 1997), Soci\u00e9t\u00e9 des Historiens M\u00e9di\u00e9vistes de l&rsquo;Enseignement Sup\u00e9rieur Public. Revue numismatique, 6e s\u00e9rie &#8211; Tome 154, ann\u00e9e 1999 pp. 388-391.<\/p>\n\n\n\n<p><strong>Articles sp\u00e9cifiques<\/strong><\/p>\n\n\n\n<p><br>Coativy, Y. (2020). Les freins \u00e0 l\u2019innovation technologique dans la fabrication mon\u00e9taire (Occident, Extr\u00eame-Orient, XVIe-XXe si\u00e8cle). Dialogues d&rsquo;histoire ancienne, 20, 125-142.<\/p>\n\n\n\n<p><strong>B. La religion et les monnaies<\/strong><\/p>\n\n\n\n<p><strong><br>Ouvrages g\u00e9n\u00e9raux<\/strong><\/p>\n\n\n\n<p><br>Collectif. (F\u00e9vrier 1982). L&rsquo;Or au moyen \u00e2ge : monnaie, m\u00e9tal, objet, symbole [colloque]. CUERMA Centre universitaire d&rsquo;\u00e9tudes et de recherches m\u00e9di\u00e9vales d&rsquo;Aix-en-Provence, Aix-enProvence.<\/p>\n\n\n\n<p><strong>Articles sp\u00e9cifiques<\/strong><\/p>\n\n\n\n<p><br>Olivier Thuaudet, \u00ab La pratique du p\u00e8lerinage en Provence \u00e0 la fin du Moyen Age et au d\u00e9but de l\u2019\u00e9poque moderne d\u2019apr\u00e8s les enseignes et les ampoules \u00bb, Arch\u00e9ologie m\u00e9di\u00e9vale, 47 | 2017, 89-129.<\/p>\n\n\n\n<p><strong>C. Vers un \u00e9litisme de certaines monnaies<\/strong><\/p>\n\n\n\n<p><br><strong>Ouvrages g\u00e9n\u00e9raux<\/strong><\/p>\n\n\n\n<p><br>Babelon, E. (2018). La Th\u00e9orie F\u00e9odale de La Monnaie. (French Edition). Wentworth Press.<\/p>\n\n\n\n<p><strong>Articles sp\u00e9cifiques<\/strong><\/p>\n\n\n\n<p><br>Jambu, J. (2020). \u201cInventer de la monnaie pour les pauvres. Ou comment cr\u00e9er la monnaie fiduciaire (France, XVIe-XVIIe si\u00e8cle)\u201d. Dialogues d&rsquo;histoire ancienne, 20, 183-201.<\/p>\n\n\n\n<p><strong>Sitographie<\/strong><\/p>\n\n\n\n<p><br><a href=\"http:\/\/classes.bnf.fr\/franc\/nav\/index_nais.htm\" data-type=\"URL\" data-id=\"http:\/\/classes.bnf.fr\/franc\/nav\/index_nais.htm\" target=\"_blank\" rel=\"noreferrer noopener\">BnF &#8211; Le franc, histoire d\u2019une monnaie. (s. d.). BNF.<\/a> Consult\u00e9 le 30 septembre 2021 \u00e0<br>11h00, \u00e0 l\u2019adresse http:\/\/classes.bnf.fr\/franc\/nav\/index_nais.htm<\/p>\n\n\n\n<p><strong>Vid\u00e9os\/ Podcasts<\/strong><\/p>\n\n\n\n<p><br><a href=\"https:\/\/www.youtube.com\/watch?v=ZtezRpbIm3g\" data-type=\"URL\" data-id=\"https:\/\/www.youtube.com\/watch?v=ZtezRpbIm3g\" target=\"_blank\" rel=\"noreferrer noopener\">L\u2019argent au Moyen-Age au prisme des crises mon\u00e9taires &#8211; Marc Bompaire<\/a>. (2020, 16 janvier). [Vid\u00e9o]. YouTube.<\/p>\n","protected":false},"excerpt":{"rendered":"<p>Usuels Amandry, M., (2006), Dictionnaire de numismatique, (Hors collection Larousse), Larousse.Roret, N.E., (2018), Nouveau manuel complet de numismatique ancienne (G\u00e9n\u00e9ralit\u00e9s), Hachette livre-BNF. I. L\u2019\u00e9volution du r\u00f4le politique des monnaiesA. Les monnaies f\u00e9odales Ouvrages g\u00e9n\u00e9raux Bisson, T. N. (1963). Monnaies f\u00e9odales et circulation mon\u00e9taire en Languedoc (XeXIIIe si\u00e8cles). Mireille Castaing-Sicard. Speculum, 38(2), 334. Articles sp\u00e9cifiques Benaniba, &hellip; <\/p>\n<p class=\"link-more\"><a href=\"https:\/\/blogs.univ-jfc.fr\/vphn\/bibliographie-9\/\" class=\"more-link\">Continuer la lecture<span class=\"screen-reader-text\"> de &laquo;&nbsp;Bibliographie&nbsp;&raquo;<\/span><\/a><\/p>\n","protected":false},"author":860,"featured_media":0,"parent":0,"menu_order":0,"comment_status":"closed","ping_status":"closed","template":"","meta":[],"_links":{"self":[{"href":"https:\/\/blogs.univ-jfc.fr\/vphn\/wp-json\/wp\/v2\/pages\/11416"}],"collection":[{"href":"https:\/\/blogs.univ-jfc.fr\/vphn\/wp-json\/wp\/v2\/pages"}],"about":[{"href":"https:\/\/blogs.univ-jfc.fr\/vphn\/wp-json\/wp\/v2\/types\/page"}],"author":[{"embeddable":true,"href":"https:\/\/blogs.univ-jfc.fr\/vphn\/wp-json\/wp\/v2\/users\/860"}],"replies":[{"embeddable":true,"href":"https:\/\/blogs.univ-jfc.fr\/vphn\/wp-json\/wp\/v2\/comments?post=11416"}],"version-history":[{"count":4,"href":"https:\/\/blogs.univ-jfc.fr\/vphn\/wp-json\/wp\/v2\/pages\/11416\/revisions"}],"predecessor-version":[{"id":11421,"href":"https:\/\/blogs.univ-jfc.fr\/vphn\/wp-json\/wp\/v2\/pages\/11416\/revisions\/11421"}],"wp:attachment":[{"href":"https:\/\/blogs.univ-jfc.fr\/vphn\/wp-json\/wp\/v2\/media?parent=11416"}],"curies":[{"name":"wp","href":"https:\/\/api.w.org\/{rel}","templated":true}]}}