{"id":1152,"date":"2018-02-16T23:33:59","date_gmt":"2018-02-16T22:33:59","guid":{"rendered":"http:\/\/blogs.univ-jfc.fr\/vphn\/?page_id=1152"},"modified":"2018-03-14T17:45:27","modified_gmt":"2018-03-14T16:45:27","slug":"la-collaboration-franco-allemande-et-lepuration-dans-le-sud-ouest-de-la-france-1940-1944-2017","status":"publish","type":"page","link":"https:\/\/blogs.univ-jfc.fr\/vphn\/histoire-locale\/la-collaboration-franco-allemande-et-lepuration-dans-le-sud-ouest-de-la-france-1940-1944-2017\/","title":{"rendered":"La collaboration franco-allemande et l&rsquo;\u00e9puration dans le Sud-Ouest de la France (1940-1944) [2017]"},"content":{"rendered":"<p><strong>Pendant la Seconde Guerre Mondiale, la France est confront\u00e9e \u00e0 de nombreux \u00e9v\u00e9nements changeants qui ont fortement marqu\u00e9 le pays. Apr\u00e8s une attaque \u00e9clair men\u00e9e par l\u2019Allemagne, la France bascule dans un contexte d\u2019occupation \u00e9trang\u00e8re.<\/strong><\/p>\n<figure id=\"attachment_1422\" aria-describedby=\"caption-attachment-1422\" style=\"width: 300px\" class=\"wp-caption alignleft\"><img loading=\"lazy\" class=\"wp-image-1422 size-medium\" src=\"http:\/\/blogs.univ-jfc.fr\/vphn\/wp-content\/uploads\/sites\/65\/2018\/02\/632px-France_map_Lambert-93_with_regions_and_departments-occupation-fr.svg_-300x285.png\" alt=\"\" width=\"300\" height=\"285\" srcset=\"https:\/\/blogs.univ-jfc.fr\/vphn\/wp-content\/uploads\/sites\/65\/2018\/02\/632px-France_map_Lambert-93_with_regions_and_departments-occupation-fr.svg_-300x285.png 300w, https:\/\/blogs.univ-jfc.fr\/vphn\/wp-content\/uploads\/sites\/65\/2018\/02\/632px-France_map_Lambert-93_with_regions_and_departments-occupation-fr.svg_.png 632w\" sizes=\"(max-width: 300px) 100vw, 300px\" \/><figcaption id=\"caption-attachment-1422\" class=\"wp-caption-text\">Carte de la France en 1940.<br \/> Eric Gaba, NGDC World Data Bank II, Septembre 2008 https:\/\/commons.wikimedia.org\/wiki\/File:France_map_Lambert-93_with_regions_and_departments-occupation-fr.svg<\/figcaption><\/figure>\n<p style=\"text-align: left\"><strong>La collaboration avec l\u2019Allemagne pr\u00e9sente des particularit\u00e9s, notamment dans la zone libre pourtant affranchie de l\u2019occupation allemande. Que cette collaboration soit politique, administrative, ou encore religieuse, le Sud de la France a bel et bien collabor\u00e9, allant jusqu\u2019\u00e0 aider volontairement l\u2019Allemagne d\u2019Hitler. Cette collaboration devient plus \u00e9troite lorsqu\u2019en Novembre 1942 la France de Vichy bascule \u00e0 son tour en zone occup\u00e9e.<\/strong><\/p>\n<p>Que ce soit au sein de la population ou du gouvernement, la collaboration \u00e9tait bien pr\u00e9sente en zone libre. Prenons l\u2019exemple des Pyr\u00e9n\u00e9es Orientales, d\u00e8s le 19 Septembre 1940, le S.O.L (service d\u2019ordre l\u00e9gionnaire) est cr\u00e9\u00e9 par Joseph Darnand \u00e0 Perpignan. Ce n\u2019est pas le seul groupe marginal qui voit le jour, on peut aussi citer le Parti Populaire Fran\u00e7ais, mouvement cr\u00e9\u00e9 en 1936 suite \u00e0 la vague d\u2019id\u00e9aux fascistes qui a envahi l\u2019Europe. A la fois fasciste et anti-communiste, ce parti exerce une solide propagande au profit de l\u2019Allemagne nazie. Apr\u00e8s son interdiction en 1940, le fondateur du parti, Jacques Doriot, s\u2019immisce dans d\u2019autres partis et mouvements afin de poursuivre sa mission. Pour cela, il cr\u00e9\u00e9 le journal le <em>Cri du Peuple<\/em> afin de rallier les foules. Cela fonctionne puisque dans le courant de juin 1941, le parti compte 48 nouveaux adh\u00e9rents dans les Pyr\u00e9n\u00e9es Orientales.<\/p>\n<figure id=\"attachment_1394\" aria-describedby=\"caption-attachment-1394\" style=\"width: 300px\" class=\"wp-caption aligncenter\"><img loading=\"lazy\" class=\"wp-image-1394 size-medium\" src=\"http:\/\/blogs.univ-jfc.fr\/vphn\/wp-content\/uploads\/sites\/65\/2018\/02\/27605066_1602995346461496_1608223148_o-300x292.jpg\" alt=\"\" width=\"300\" height=\"292\" srcset=\"https:\/\/blogs.univ-jfc.fr\/vphn\/wp-content\/uploads\/sites\/65\/2018\/02\/27605066_1602995346461496_1608223148_o-300x292.jpg 300w, https:\/\/blogs.univ-jfc.fr\/vphn\/wp-content\/uploads\/sites\/65\/2018\/02\/27605066_1602995346461496_1608223148_o-768x747.jpg 768w, https:\/\/blogs.univ-jfc.fr\/vphn\/wp-content\/uploads\/sites\/65\/2018\/02\/27605066_1602995346461496_1608223148_o-1024x996.jpg 1024w, https:\/\/blogs.univ-jfc.fr\/vphn\/wp-content\/uploads\/sites\/65\/2018\/02\/27605066_1602995346461496_1608223148_o.jpg 1053w\" sizes=\"(max-width: 300px) 100vw, 300px\" \/><figcaption id=\"caption-attachment-1394\" class=\"wp-caption-text\">Extrait de la \u00ab\u00a0une\u00a0\u00bb du journal Le Matin du 10 Octobre 1941. R\u00e9f\u00e9rence \u00e0 Jacques Doriot, collaborateur radical lors de la Seconde Guerre Mondiale. https:\/\/commons.wikimedia.org\/wiki\/File:Chefs_de_parti_LVF_1941.jpg<\/figcaption><\/figure>\n<figure id=\"attachment_1876\" aria-describedby=\"caption-attachment-1876\" style=\"width: 150px\" class=\"wp-caption alignright\"><img loading=\"lazy\" class=\"wp-image-1876 size-thumbnail\" src=\"http:\/\/blogs.univ-jfc.fr\/vphn\/wp-content\/uploads\/sites\/65\/2018\/02\/14921521401_cea731906b_b-150x150.jpg\" alt=\"\" width=\"150\" height=\"150\" srcset=\"https:\/\/blogs.univ-jfc.fr\/vphn\/wp-content\/uploads\/sites\/65\/2018\/02\/14921521401_cea731906b_b-150x150.jpg 150w, https:\/\/blogs.univ-jfc.fr\/vphn\/wp-content\/uploads\/sites\/65\/2018\/02\/14921521401_cea731906b_b-100x100.jpg 100w\" sizes=\"(max-width: 150px) 100vw, 150px\" \/><figcaption id=\"caption-attachment-1876\" class=\"wp-caption-text\">Place du Capitole \u00e0 Toulouse pour la venue du g\u00e9n\u00e9ral de Gaulle, le 16 septembre 1944, apr\u00e8s la lib\u00e9ration. https:\/\/www.flickr.com\/photos\/archives-toulouse\/14921521401<\/figcaption><\/figure>\n<p>&nbsp;<\/p>\n<p>&nbsp;<\/p>\n<p>Outre la propagande exerc\u00e9e par des groupes marginaux, le gouvernement de Vichy a directement particip\u00e9 \u00e0 la solution finale. Selon Jean Est\u00e8be, auteur de <em>Toulouse, 1940-1944<\/em>, le Midi toulousain a, sous Vichy, mis en vigueur de son plein gr\u00e9, des mesures \u00e0 l\u2019encontre des Juifs. Le 3 Octobre 1940, on interdit aux personnes de confession juive l\u2019exercice de certaines fonctions. Cela n\u2019est que le pr\u00e9ambule d\u2019une longue marche de pers\u00e9cutions envers les Juifs. Le lendemain, le pr\u00e9fet autorise l\u2019internement des Juifs \u00e9trangers dans des camps sp\u00e9ciaux. Des lois sont instaur\u00e9es, et ne font qu\u2019attiser la haine et rendre l\u00e9gitime celle des groupes marginaux.<\/p>\n<figure id=\"attachment_1276\" aria-describedby=\"caption-attachment-1276\" style=\"width: 300px\" class=\"wp-caption alignnone\"><img loading=\"lazy\" class=\"wp-image-1276 size-medium\" src=\"http:\/\/blogs.univ-jfc.fr\/vphn\/wp-content\/uploads\/sites\/65\/2018\/02\/p\u00e9tain-300x199.jpg\" alt=\"\" width=\"300\" height=\"199\" srcset=\"https:\/\/blogs.univ-jfc.fr\/vphn\/wp-content\/uploads\/sites\/65\/2018\/02\/p\u00e9tain-300x199.jpg 300w, https:\/\/blogs.univ-jfc.fr\/vphn\/wp-content\/uploads\/sites\/65\/2018\/02\/p\u00e9tain-768x509.jpg 768w, https:\/\/blogs.univ-jfc.fr\/vphn\/wp-content\/uploads\/sites\/65\/2018\/02\/p\u00e9tain.jpg 800w\" sizes=\"(max-width: 300px) 100vw, 300px\" \/><figcaption id=\"caption-attachment-1276\" class=\"wp-caption-text\">P\u00e9tain et Hitler, photographi\u00e9s par Heinrich Hoffmann, 24 Octobre 1940. https:\/\/commons.wikimedia.org\/wiki\/File:Bundesarchiv_Bild_183-H25217,_Henry_Philippe_Petain_und_Adolf_Hitler.jpg<\/figcaption><\/figure>\n<p>Le 11 novembre 1942, des modifications territoriales d\u2019envergure sont avanc\u00e9es. La zone d\u2019occupation est \u00e9tendue sur l\u2019ensemble de la France pour des raisons militaires. Cela m\u00e8ne \u00e0 une collaboration totale et officielle. C\u2019est dans ce contexte que l\u00e9gislation fran\u00e7aise et solution finale se conjuguent. Dans le but de pr\u00e9parer l\u2019arriv\u00e9e des Allemands en zone libre, la France de Vichy a d\u00e9lib\u00e9r\u00e9ment rassembl\u00e9 les Juifs par convois afin de les d\u00e9porter. En Haute-Garonne, dans les premi\u00e8res vagues pr\u00e8s de 170 personnes sont d\u00e9port\u00e9es dans le courant de Novembre 1942. A Toulouse, un certain Muller est nomm\u00e9 pour organiser les d\u00e9portations. Les rafles deviennent alors plus importantes. Au total, on \u00e9tablit \u00e0 environ 6 000 le nombre de Juifs d\u00e9port\u00e9s dans la r\u00e9gion de la Haute-Garonne et ses environs.<\/p>\n<figure id=\"attachment_1387\" aria-describedby=\"caption-attachment-1387\" style=\"width: 222px\" class=\"wp-caption alignright\"><img loading=\"lazy\" class=\"wp-image-1387 size-medium\" src=\"http:\/\/blogs.univ-jfc.fr\/vphn\/wp-content\/uploads\/sites\/65\/2018\/02\/27497952_1602995329794831_1486307990_n-222x300.jpg\" alt=\"\" width=\"222\" height=\"300\" srcset=\"https:\/\/blogs.univ-jfc.fr\/vphn\/wp-content\/uploads\/sites\/65\/2018\/02\/27497952_1602995329794831_1486307990_n-222x300.jpg 222w, https:\/\/blogs.univ-jfc.fr\/vphn\/wp-content\/uploads\/sites\/65\/2018\/02\/27497952_1602995329794831_1486307990_n.jpg 665w\" sizes=\"(max-width: 222px) 100vw, 222px\" \/><figcaption id=\"caption-attachment-1387\" class=\"wp-caption-text\">Les 21 points du S.O.L. Organisation politique sous le r\u00e9gime de Vichy https:\/\/commons.wikimedia.org\/wiki\/File:Les_21_points_du_S.O.I..jpg<\/figcaption><\/figure>\n<p>Les groupes marginaux abord\u00e9s pr\u00e9c\u00e9demment prennent de l\u2019assurance lorsque l\u2019occupation s\u2019\u00e9tend. Le SOL devient une milice le 20 f\u00e9vrier 1943, l\u2019essentiel de ses groupes est situ\u00e9 \u00e0 Perpignan. Ils effectuent, en parall\u00e8le de l\u2019arm\u00e9e allemande, des surveillances sur les activit\u00e9s de la population. Les milices \u00e9taient r\u00e9put\u00e9es pour \u00eatre violentes, quand elles ne recrutaient pas ses membres par conviction, elles employaient des techniques d\u2019intimidation, ou encore d\u2019humiliation. Des moyens plus officieux sont mis en place pour recruter toujours plus d\u2019adh\u00e9rents comme les communiqu\u00e9s ou encore les r\u00e9unions. Outre les d\u00e9nonciations et les violences, le SOL effectuait une forte propagande pour la Waffen SS. C\u2019est au travers de journaux comme le Roussillon que le SOL publie des articles virulents \u00e0 l\u2019encontre des gaullistes, communistes et Juifs.<\/p>\n<p>On peut finalement s\u2019int\u00e9resser \u00e0 l\u2019\u00e9puration dans le sud-ouest afin de comprendre l\u2019importance de la collaboration dans cet espace. Tout d\u2019abord, avant de parler de l\u2019\u00e9puration, il est n\u00e9cessaire de rappeler le contexte de la lib\u00e9ration qui est arriv\u00e9e de mani\u00e8re plus tardive dans le Sud-Ouest par rapport au Nord, notamment gr\u00e2ce au d\u00e9barquement en Provence, le 15 ao\u00fbt 1944. De plus, tr\u00e8s rapidement la lib\u00e9ration \u00e0 l\u2019\u00e9chelle nationale \u00e9tait synonyme d\u2019une soif de vengeance, de la volont\u00e9 de punir les collaborateurs. De plus, les cons\u00e9quences importantes de cette \u00e9puration sont le reflet et mettent en avant le probl\u00e8me de la collaboration lors de la Seconde Guerre Mondiale, ce qui peut nuire \u00e0 la recherche d&rsquo;une nouvelle unit\u00e9 et de nouvelles \u00e9lites s&rsquo;incarnant la plupart du temps \u00e0 travers le mythe du r\u00e9sistant. En effet, cette p\u00e9riode obscure \u00e0 la sortie de la guerre, a \u00e9t\u00e9 volontairement mise de cot\u00e9 que ce soit par l\u2019\u00c9tat ou les historiens m\u00eames pour les raisons \u00e9voqu\u00e9es pr\u00e9c\u00e9demment. Cependant quand on s&rsquo;interroge sur la question de la collaboration franco-allemande, il est forcement n\u00e9cessaire de parler de cette p\u00e9riode et donc de se r\u00e9f\u00e9rer \u00e0 des auteurs comme Robert Paxton, \u00e0 l&rsquo;\u00e9chelle nationale, qui gr\u00e2ce \u00e0 ses recherches, a d\u00e9montr\u00e9 la collaboration de diff\u00e9rentes couches de la population et du R\u00e9gime de Vichy avec l&rsquo;occupant nazi. Il est donc tr\u00e8s int\u00e9ressant d&rsquo;observer une \u00e9puration aussi forte dans le Nord que dans le Sud-Ouest de par les chiffres et la violence qu&rsquo;elle a engendr\u00e9e. Cela montre donc \u00e0 quel point la collaboration \u00e9tait pr\u00e9sente dans le Nord comme dans le Sud, ce qui peut para\u00eetre surprenant \u00e9tant donn\u00e9 que le Sud-Ouest est longtemps rest\u00e9 une zone libre sous la tutelle du r\u00e9gime de Vichy contrairement au nord de la France. Ainsi, cela pose la question des raisons des collaborateurs dans le Sud ( par conviction, antis\u00e9mitisme d\u00e9j\u00e0 fort par rapport aux Juifs). Finalement, dans le Nord comme dans le Sud-Ouest, l&rsquo;\u00e9puration s&rsquo;est d\u00e9roul\u00e9e, g\u00e9n\u00e9ralement en deux phases. Ainsi, on va plus s&rsquo;int\u00e9resser \u00e0 la pluralit\u00e9 des formes que pouvait prendre cette \u00e9puration dans le Sud-Ouest en \u00e9voquant l&rsquo;\u00e9puration sauvage mais aussi, plus tard, celle qui est r\u00e9glement\u00e9e par l\u2019\u00c9tat. Pour cela, on va s&rsquo;appuyer sur diff\u00e9rents exemples comme le cas du Languedoc-Roussillon et de la Dordogne afin de conclure sur une situation particuli\u00e8re, celle de Toulouse \u00e9voqu\u00e9e notamment par Jean Est\u00e8be.<\/p>\n<p>&nbsp;<\/p>\n<p><span style=\"color: #000000\">Pour aller plus loin :<\/span><\/p>\n<p><a href=\"http:\/\/blogs.univ-jfc.fr\/vphn\/?page_id=1836&amp;preview=true\" target=\"_blank\" rel=\"noopener noreferrer\">Bibliographie pour approfondir le sujet<\/a><\/p>\n","protected":false},"excerpt":{"rendered":"<p>Pendant la Seconde Guerre Mondiale, la France est confront\u00e9e \u00e0 de nombreux \u00e9v\u00e9nements changeants qui ont fortement marqu\u00e9 le pays. Apr\u00e8s une attaque \u00e9clair men\u00e9e par l\u2019Allemagne, la France bascule dans un contexte d\u2019occupation \u00e9trang\u00e8re. La collaboration avec l\u2019Allemagne pr\u00e9sente des particularit\u00e9s, notamment dans la zone libre pourtant affranchie de l\u2019occupation allemande. Que cette collaboration &hellip; <\/p>\n<p class=\"link-more\"><a href=\"https:\/\/blogs.univ-jfc.fr\/vphn\/histoire-locale\/la-collaboration-franco-allemande-et-lepuration-dans-le-sud-ouest-de-la-france-1940-1944-2017\/\" class=\"more-link\">Continuer la lecture<span class=\"screen-reader-text\"> de &laquo;&nbsp;La collaboration franco-allemande et l&rsquo;\u00e9puration dans le Sud-Ouest de la France (1940-1944) [2017]&nbsp;&raquo;<\/span><\/a><\/p>\n","protected":false},"author":434,"featured_media":0,"parent":1173,"menu_order":0,"comment_status":"closed","ping_status":"closed","template":"","meta":[],"_links":{"self":[{"href":"https:\/\/blogs.univ-jfc.fr\/vphn\/wp-json\/wp\/v2\/pages\/1152"}],"collection":[{"href":"https:\/\/blogs.univ-jfc.fr\/vphn\/wp-json\/wp\/v2\/pages"}],"about":[{"href":"https:\/\/blogs.univ-jfc.fr\/vphn\/wp-json\/wp\/v2\/types\/page"}],"author":[{"embeddable":true,"href":"https:\/\/blogs.univ-jfc.fr\/vphn\/wp-json\/wp\/v2\/users\/434"}],"replies":[{"embeddable":true,"href":"https:\/\/blogs.univ-jfc.fr\/vphn\/wp-json\/wp\/v2\/comments?post=1152"}],"version-history":[{"count":15,"href":"https:\/\/blogs.univ-jfc.fr\/vphn\/wp-json\/wp\/v2\/pages\/1152\/revisions"}],"predecessor-version":[{"id":2057,"href":"https:\/\/blogs.univ-jfc.fr\/vphn\/wp-json\/wp\/v2\/pages\/1152\/revisions\/2057"}],"up":[{"embeddable":true,"href":"https:\/\/blogs.univ-jfc.fr\/vphn\/wp-json\/wp\/v2\/pages\/1173"}],"wp:attachment":[{"href":"https:\/\/blogs.univ-jfc.fr\/vphn\/wp-json\/wp\/v2\/media?parent=1152"}],"curies":[{"name":"wp","href":"https:\/\/api.w.org\/{rel}","templated":true}]}}