{"id":11562,"date":"2023-03-16T11:26:34","date_gmt":"2023-03-16T10:26:34","guid":{"rendered":"http:\/\/blogs.univ-jfc.fr\/vphn\/?page_id=11562"},"modified":"2023-05-29T16:15:17","modified_gmt":"2023-05-29T14:15:17","slug":"sainte-foy-de-conques","status":"publish","type":"page","link":"https:\/\/blogs.univ-jfc.fr\/vphn\/sainte-foy-de-conques\/","title":{"rendered":"Sainte Foy de Conques"},"content":{"rendered":"\n<p><strong>Introduction<\/strong><\/p>\n\n\n\n<div class=\"wp-block-image\"><figure class=\"alignright size-large is-resized\"><img loading=\"lazy\" src=\"https:\/\/blogs.univ-jfc.fr\/vphn\/wp-content\/uploads\/sites\/65\/2023\/05\/Carte-Conques-2.gif\" alt=\"\" class=\"wp-image-12951\" width=\"237\" height=\"208\" \/><figcaption><em>Carte de l&#8217;emplacement g\u00e9ographique de Conques en Occitanie &#8211; Tourisme en Occitanie<\/em><\/figcaption><\/figure><\/div>\n\n\n\n<p class=\"has-text-align-left\">Conques est un petit village situ\u00e9 en Aveyron, non loin de Rodez, dans la r\u00e9gion Occitanie. C\u2019est un village qui est principalement connu pour deux raisons principales. La premi\u00e8re, est que Conques poss\u00e8de l\u2019une des premi\u00e8res \u00e9glises a avoir \u00e9t\u00e9 b\u00e2tie dans le style roman, un style architectural qui s\u2019est impos\u00e9 en Europe du XI\u00e8me au XIII\u00e8me si\u00e8cle. Sa construction a d\u00e9but\u00e9 pr\u00e9cis\u00e9ment en 1040, sous l\u2019ordre de l\u2019abb\u00e9 Odolric. Il faudra attendre le d\u00e9but du XII\u00e8me si\u00e8cle pour que l\u2019\u00e9difice soit compl\u00e8tement achev\u00e9. Il est aussi important de mentionner que l\u2019\u00e9glise de Conques fait partie du patrimoine mondial de l\u2019UNESCO depuis 1998, ce qui peut expliquer d\u2019une part sa grande popularit\u00e9. La deuxi\u00e8me raison est que Conques est situ\u00e9e directement sur le chemin menant \u00e0 Saint-Jacques de Compostelle, qui est l\u2019une des trois grandes destinations dans le monde chr\u00e9tien avec Rome et J\u00e9rusalem. De ce fait, le village accueille chaque ann\u00e9e des milliers de p\u00e8lerins pouvant provenir de l\u2019Europe toute enti\u00e8re. Une fois \u00e0 Conques, ces derniers en profitent pour v\u00e9n\u00e9rer les reliques de Sainte-Foy, une jeune martyre chr\u00e9tienne de 14 ans, victime des pers\u00e9cutions anti-chr\u00e9tiennes sous le r\u00e8gne de l\u2019empereur Diocl\u00e9tien durant le IV\u00e8me si\u00e8cle. C\u2019est ainsi qu\u2019\u00e0 travers cet article nous nous pencherons sur les nombreux aspects qui peuvent se rattacher \u00e0 ces<br>reliques.<\/p>\n\n\n\n<p><strong>Le personnage de Sainte Foy<\/strong><\/p>\n\n\n\n<div class=\"wp-block-image\"><figure class=\"alignleft size-large is-resized\"><img loading=\"lazy\" src=\"http:\/\/blogs.univ-jfc.fr\/vphn\/wp-content\/uploads\/sites\/65\/2023\/05\/Sainte-Foy-image-705x1024.jpg\" alt=\"\" class=\"wp-image-12934\" width=\"158\" height=\"229\" srcset=\"https:\/\/blogs.univ-jfc.fr\/vphn\/wp-content\/uploads\/sites\/65\/2023\/05\/Sainte-Foy-image-705x1024.jpg 705w, https:\/\/blogs.univ-jfc.fr\/vphn\/wp-content\/uploads\/sites\/65\/2023\/05\/Sainte-Foy-image-207x300.jpg 207w, https:\/\/blogs.univ-jfc.fr\/vphn\/wp-content\/uploads\/sites\/65\/2023\/05\/Sainte-Foy-image-768x1116.jpg 768w, https:\/\/blogs.univ-jfc.fr\/vphn\/wp-content\/uploads\/sites\/65\/2023\/05\/Sainte-Foy-image.jpg 800w\" sizes=\"(max-width: 158px) 100vw, 158px\" \/><figcaption><em>Enluminure de sainte Foy d&rsquo;un manuscrit du XIIe si\u00e8cle, S\u00f6lden, Allemagne &#8211; Wikipedia<\/em><\/figcaption><\/figure><\/div>\n\n\n\n<p>Morte \u00e0 l\u2019\u00e2ge de 12 ans en 303 \u00e0 Agen, Foy est une sainte chr\u00e9tienne qui est c\u00e9l\u00e9br\u00e9e le 6 octobre par les catholiques. Foy est une sainte qui est morte en martyr, br\u00fbl\u00e9e et d\u00e9capit\u00e9e pour sa foi qu\u2019elle a d\u00e9fendu jusqu\u2019au bout. Une martyr \u00e9tant une personne qui a \u00e9t\u00e9 mise \u00e0 mort pour \u00eatre fid\u00e8le \u00e0 la religion chr\u00e9tienne et qui refuse de l\u2019abandonner. De plus, Foy va \u00eatre qualifi\u00e9e de vierge, d\u00e9signant une personne n\u2019ayant jamais eu de contact avec un homme, seul titre religieux rattach\u00e9 \u00e0 la femme du d\u00e9but du christianisme. Sainte Foy va donc prendre une position importante dans le monde chr\u00e9tien et faire partie des martyres vierges. Sainte Foy va ensuite faire la renomm\u00e9e de l\u2019abbatiale de Conques suite \u00e0 ses miracles qui vont piquer l\u2019int\u00e9r\u00eat de Bernard d\u2019Angers qui va les mettre \u00e0 l&rsquo;\u00e9crit dans plusieurs livres. Sainte Foy restera une v\u00e9ritable ic\u00f4ne dans le monde jusqu\u2019\u00e0 aujourd\u2019hui o\u00f9 le positionnement strat\u00e9gique de Conques sur le chemin de Saint-Jacques de Compostelle lui permet de continuer son rayonnement \u00e0 travers l\u2019Europe.<\/p>\n\n\n\n<p><strong>La soci\u00e9t\u00e9 et les reliques<\/strong><\/p>\n\n\n\n<div class=\"wp-block-image\"><figure class=\"alignleft size-large is-resized\"><img loading=\"lazy\" src=\"https:\/\/blogs.univ-jfc.fr\/vphn\/wp-content\/uploads\/sites\/65\/2023\/05\/Saint-Jacque-de-Compstelle.jpg\" alt=\"\" class=\"wp-image-12939\" width=\"218\" height=\"180\" srcset=\"https:\/\/blogs.univ-jfc.fr\/vphn\/wp-content\/uploads\/sites\/65\/2023\/05\/Saint-Jacque-de-Compstelle.jpg 396w, https:\/\/blogs.univ-jfc.fr\/vphn\/wp-content\/uploads\/sites\/65\/2023\/05\/Saint-Jacque-de-Compstelle-300x248.jpg 300w\" sizes=\"(max-width: 218px) 100vw, 218px\" \/><figcaption>Conques sur le chemin de Saint-Jacques-de-Compostelle &#8211; Carnets de Voyages<\/figcaption><\/figure><\/div>\n\n\n\n<p>La soci\u00e9t\u00e9 m\u00e9di\u00e9vale eu Europe, est une soci\u00e9t\u00e9 dans laquelle la religion joue un r\u00f4le important dans le vie des fid\u00e8les. Ces derniers ont pour obligation de remplir plusieurs r\u00e8gles d\u00e9cid\u00e9es par l\u2019\u00c9glise afin de s\u2019assurer une \u00e9ventuelle place dans l\u2019au-del\u00e0, et parmi elles, celle du p\u00e8lerinage. Il s\u2019agit d\u2019un voyage que les croyants doivent effectuer \u00e0 pied vers un lieu religieux afin d\u2019y v\u00e9n\u00e9rer les reliques d\u2019un ou d\u2019une sainte (ici, sainte Foy), cela en y faisant part de leurs diff\u00e9rents d\u00e9sirs comme par exemple, celui de gu\u00e9rir d\u2019une maladie ou de demander le pardon des p\u00e9ch\u00e9s. Il s&rsquo;agit d\u2019une \u00e9tape primordiale dans la vie des fid\u00e8les. C\u2019est pourquoi les reliques poss\u00e8dent un aspect social fort, pouvant ainsi f\u00e9d\u00e9rer de nombreux p\u00e8lerins des diff\u00e9rents pays qui peuvent ainsi tous se retrouver pour y pratiquer leur foi au sein d\u2019un seul et m\u00eame lieu.<\/p>\n\n\n\n<p><strong>Les reliques, un symbole de pouvoir<\/strong><\/p>\n\n\n\n<div class=\"wp-block-image\"><figure class=\"alignright size-large is-resized\"><img loading=\"lazy\" src=\"https:\/\/blogs.univ-jfc.fr\/vphn\/wp-content\/uploads\/sites\/65\/2023\/05\/Le-reliquaire.jpg\" alt=\"\" class=\"wp-image-12937\" width=\"213\" height=\"297\" srcset=\"https:\/\/blogs.univ-jfc.fr\/vphn\/wp-content\/uploads\/sites\/65\/2023\/05\/Le-reliquaire.jpg 395w, https:\/\/blogs.univ-jfc.fr\/vphn\/wp-content\/uploads\/sites\/65\/2023\/05\/Le-reliquaire-215x300.jpg 215w\" sizes=\"(max-width: 213px) 100vw, 213px\" \/><figcaption>Le reliquaire, La Majest\u00e9 de Sainte Foy &#8211; Larousse<\/figcaption><\/figure><\/div>\n\n\n\n<p>Au Moyen \u00e2ge, les reliques religieuses \u00e9taient des objets tr\u00e8s convoit\u00e9s qui<br>apportaient gloire, richesse et reconnaissance aux institutions qui les poss\u00e9daient.<br>L\u2019\u00e9glise de Sainte Foy par exemple, a \u00e9t\u00e9 victime de corruption et de n\u00e9potisme de<br>la part de certains de ses clercs qui ont abus\u00e9 de leur pouvoir pour s\u2019approprier des reliques et les vendre ill\u00e9galement. Malgr\u00e9 les interdictions de l\u2019\u00c9glise, le commerce de reliques \u00e9tait courant et certains textes parlent m\u00eame de \u00abcommerce r\u00e9gulier\u00bb. Cependant, l\u2019\u00c9glise ferma les yeux sur cette pratique, se concentrant davantage sur l\u2019interdiction de montrer des reliques en dehors du reliquaire et des lieux religieux.<\/p>\n\n\n\n<p>Les reliques \u00e9taient des symboles de pouvoir et de prestige, tant pour les institutions religieuses que pour les pouvoirs politiques. En effet, la possession de reliques apportait une l\u00e9gitimit\u00e9 suppl\u00e9mentaire aux autorit\u00e9s et renfor\u00e7ait leur puissance lors des rituels religieux. Les reliques \u00e9taient \u00e9galement un formidable moyen d\u2019attirer les foules, ce qui apportait richesse et renomm\u00e9e aux territoires qui les poss\u00e9daient. En somme, les reliques religieuses \u00e9taient des enjeux majeurs de pouvoir et de prestige au Moyen \u00e2ge, et leur possession avait des implications \u00e0 la fois religieuses et politiques. Malgr\u00e9 les tentatives de l\u2019\u00c9glise pour r\u00e9guler le commerce des reliques, celui-ci a persist\u00e9, contribuant \u00e0 la corruption et \u00e0 les abus de pouvoir de certains clercs.<\/p>\n","protected":false},"excerpt":{"rendered":"<p>Introduction Conques est un petit village situ\u00e9 en Aveyron, non loin de Rodez, dans la r\u00e9gion Occitanie. C\u2019est un village qui est principalement connu pour deux raisons principales. La premi\u00e8re, est que Conques poss\u00e8de l\u2019une des premi\u00e8res \u00e9glises a avoir \u00e9t\u00e9 b\u00e2tie dans le style roman, un style architectural qui s\u2019est impos\u00e9 en Europe du &hellip; <\/p>\n<p class=\"link-more\"><a href=\"https:\/\/blogs.univ-jfc.fr\/vphn\/sainte-foy-de-conques\/\" class=\"more-link\">Continuer la lecture<span class=\"screen-reader-text\"> de &laquo;&nbsp;Sainte Foy de Conques&nbsp;&raquo;<\/span><\/a><\/p>\n","protected":false},"author":1173,"featured_media":0,"parent":0,"menu_order":0,"comment_status":"closed","ping_status":"closed","template":"","meta":[],"_links":{"self":[{"href":"https:\/\/blogs.univ-jfc.fr\/vphn\/wp-json\/wp\/v2\/pages\/11562"}],"collection":[{"href":"https:\/\/blogs.univ-jfc.fr\/vphn\/wp-json\/wp\/v2\/pages"}],"about":[{"href":"https:\/\/blogs.univ-jfc.fr\/vphn\/wp-json\/wp\/v2\/types\/page"}],"author":[{"embeddable":true,"href":"https:\/\/blogs.univ-jfc.fr\/vphn\/wp-json\/wp\/v2\/users\/1173"}],"replies":[{"embeddable":true,"href":"https:\/\/blogs.univ-jfc.fr\/vphn\/wp-json\/wp\/v2\/comments?post=11562"}],"version-history":[{"count":23,"href":"https:\/\/blogs.univ-jfc.fr\/vphn\/wp-json\/wp\/v2\/pages\/11562\/revisions"}],"predecessor-version":[{"id":13051,"href":"https:\/\/blogs.univ-jfc.fr\/vphn\/wp-json\/wp\/v2\/pages\/11562\/revisions\/13051"}],"wp:attachment":[{"href":"https:\/\/blogs.univ-jfc.fr\/vphn\/wp-json\/wp\/v2\/media?parent=11562"}],"curies":[{"name":"wp","href":"https:\/\/api.w.org\/{rel}","templated":true}]}}