{"id":1173,"date":"2018-02-01T11:14:00","date_gmt":"2018-02-01T10:14:00","guid":{"rendered":"http:\/\/blogs.univ-jfc.fr\/vphn\/?page_id=1173"},"modified":"2025-05-27T20:49:50","modified_gmt":"2025-05-27T18:49:50","slug":"histoire-locale","status":"publish","type":"page","link":"https:\/\/blogs.univ-jfc.fr\/vphn\/histoire-locale\/","title":{"rendered":"Histoire locale"},"content":{"rendered":"<ul>\n<li style=\"list-style-type: none\">\n<ul>\n<li><a href=\"https:\/\/blogs.univ-jfc.fr\/vphn\/2023\/04\/19\/deportation-et-internement-en-occitanie-pendant-la-seconde-guerre-mondiale\/\">D\u00e9portation et internement en Occitanie pendant la Seconde guerre mondiale [2023]<\/a><\/li>\n<li><a href=\"http:\/\/blogs.univ-jfc.fr\/vphn\/figures-et-evenements\/la-bande-a-mina-2018-2019\/\">La bande \u00e0 Mina [2018]<\/a><\/li>\n<li><a href=\"http:\/\/blogs.univ-jfc.fr\/vphn\/la-bataille-des-pyrenees-de-1813-2022\/\" target=\"_blank\" rel=\"noopener\">La bataille des Pyr\u00e9n\u00e9es de 1813 [2022]<\/a><\/li>\n<li><a href=\"https:\/\/blogs.univ-jfc.fr\/vphn\/histoire-locale\/la-bataille-de-muret-1213-2021\/\">La bataille de Muret [2021]<\/a><\/li>\n<li><a href=\"http:\/\/blogs.univ-jfc.fr\/vphn\/la-bataille-de-1814-a-toulouse\/\">La bataille de 1814 \u00e0 Toulouse [2020]<\/a><\/li>\n<li>La <a href=\"http:\/\/blogs.univ-jfc.fr\/vphn\/histoire-locale\/cohabitation-entre-reformes-et-catholiques-de-ledit-de-nantes-a-sa-revocation-2019-2020\/\">cohabitation entre r\u00e9form\u00e9s et catholiques, de l\u2019\u00e9dit de Nantes \u00e0 sa r\u00e9vocation [2020]<\/a><\/li>\n<li><a href=\"http:\/\/blogs.univ-jfc.fr\/vphn\/la-collaboration-franco-allemande-et-lepuration-dans-le-sud-ouest-de-la-france-1940-1944-2017\/\">La collaboration franco-allemande et l&rsquo;\u00e9puration dans le Sud-Ouest de la France (1940-1944) [2017]<\/a><\/li>\n<li><a href=\"http:\/\/blogs.univ-jfc.fr\/vphn\/la-cie-des-houilleres-de-carmaux-du-temps-des-solages-1780-a-1944\/\">La compagnie des Houill\u00e8res de Carmaux au temps des de Solages [2020]<\/a><\/li>\n<li><a href=\"https:\/\/blogs.univ-jfc.fr\/vphn\/2023\/03\/30\/la-das-reich-dans-le-tarn-et-garonne\/?preview_id=12016&amp;preview_nonce=7abec16bec&amp;preview=true\">La Das Reich dans le Tarn et Garonne [2023]<\/a><\/li>\n<li><a href=\"http:\/\/blogs.univ-jfc.fr\/vphn\/histoire-locale\/la-depeche-du-midi-2018\/\">La D\u00e9p\u00eache du Midi [2018]<\/a><\/li>\n<li><a href=\"http:\/\/blogs.univ-jfc.fr\/vphn\/histoire-locale\/la-greve-des-megissiers-graulhetois-de-1910-2018\/\">La gr\u00e8ve des m\u00e9gissiers graulh\u00e9tois de 1910 [2018]<\/a><\/li>\n<li><a href=\"http:\/\/blogs.univ-jfc.fr\/vphn\/figures-et-evenements\/la-peste-dans-le-rouergue-du-xve-au-xviie-siecle-2017\/\">La peste dans le Rouergue du XVe au XVIIe si\u00e8cle [2017]<\/a><\/li>\n<li><a href=\"https:\/\/blogs.univ-jfc.fr\/vphn\/la-peste-a-toulouse-1348-1652-2022\/\">La peste \u00e0 Toulouse du XIII au XVIIe si\u00e8cle [2022]\u00a0<\/a><\/li>\n<li><a href=\"http:\/\/blogs.univ-jfc.fr\/vphn\/histoire-locale\/la-resistance-dans-le-tarn-et-garonne-2017\/\">La r\u00e9sistance dans le Tarn-Et-Garonne [2017]<\/a><\/li>\n<li><a href=\"http:\/\/blogs.univ-jfc.fr\/vphn\/la-resistance-dans-le-tarn-2022\/\" target=\"_blank\" rel=\"noopener\">La r\u00e9sistance dans le Tarn [2022]<\/a><\/li>\n<li><a href=\"http:\/\/blogs.univ-jfc.fr\/vphn\/la-resistance-en-midi-pyrenees-2017\/\">La r\u00e9sistance en Midi-Pyr\u00e9n\u00e9es [2017]<\/a><\/li>\n<li>La r\u00e9sistance juive dans le Tarn [2017]<\/li>\n<li><a href=\"http:\/\/blogs.univ-jfc.fr\/vphn\/la-revolte-des-vignerons-de-1907-2022\/\" target=\"_blank\" rel=\"noopener\">La r\u00e9volte des vignerons de 1907 [2022]<\/a><\/li>\n<li><a href=\"http:\/\/blogs.univ-jfc.fr\/vphn\/histoire-locale\/la-rivalite-entre-castres-et-albi-lors-de-la-creation-du-departement-du-tarn-pendant-la-revolution-francaise2018\/\">La rivalit\u00e9 entre Castres et Albi lors de la cr\u00e9ation du d\u00e9partement du Tarn pendant la R\u00e9volution fran\u00e7aise [2018]<\/a><\/li>\n<li><a href=\"http:\/\/blogs.univ-jfc.fr\/vphn\/histoire-locale\/la-saint-barthelemy-au-haut-languedoc2018-2019\/\">La Saint Barth\u00e9lemy en Haut Languedoc [2018]<\/a><\/li>\n<li><a href=\"http:\/\/blogs.univ-jfc.fr\/vphn\/histoire-locale\/la-septimanie-musulmane-face-aux-francs-2019\/\">La Septimanie musulmane face aux Francs [2018] <\/a><\/li>\n<li><a href=\"http:\/\/blogs.univ-jfc.fr\/vphn\/histoire-locale\/la-vallee-rouge-1946-53\/\">La vall\u00e9e rouge [2020]<\/a><\/li>\n<li><a href=\"http:\/\/blogs.univ-jfc.fr\/vphn\/la-vie-des-rutenes\/\">La vie des Rut\u00e8nes [2023]<\/a><\/li>\n<li><a href=\"http:\/\/blogs.univ-jfc.fr\/vphn\/histoire-locale\/lacademie-des-jeux-floraux-a-toulouse-2018-2019\/\">L&rsquo; acad\u00e9mie des jeux floraux \u00e0 Toulouse\u00a0 [2018]<\/a><\/li>\n<li><a href=\"http:\/\/blogs.univ-jfc.fr\/vphn\/laccueil-des-enfants-espagnols-dans-le-sud-de-la-france-1937-1945-2017\/\">L&rsquo;accueil des enfants espagnols dans le sud de la France (1937-1945) [2017]<\/a><\/li>\n<li><a href=\"http:\/\/blogs.univ-jfc.fr\/vphn\/laeropostale-2021\/\" target=\"_blank\" rel=\"noopener noreferrer\">L\u2019a\u00e9ropostale [2021]<\/a><\/li>\n<li><a href=\"http:\/\/blogs.univ-jfc.fr\/vphn\/figures-et-evenements\/laffaire-fualdes-dans-la-presse-au-xixe-siecle-2017\/\">L&rsquo;affaire Fuald\u00e8s dans la presse au XIXe si\u00e8cle [2017]<\/a><\/li>\n<li><a href=\"https:\/\/blogs.univ-jfc.fr\/vphn\/histoire-locale\/lastronomie-dans-le-sud-ouest-de-la-france-au-xviie-siecle-2021\/\">L&rsquo;astronomie dans le sud-ouest de la France au XVIIe si\u00e8cle [2021]<\/a><\/li>\n<li><a href=\"http:\/\/blogs.univ-jfc.fr\/vphn\/histoire-locale\/laveyron-dans-la-seconde-guerre-mondiale-2018\/\">L&rsquo; Aveyron dans la Seconde Guerre mondiale [2018]<\/a><\/li>\n<li><a href=\"https:\/\/blogs.univ-jfc.fr\/vphn\/2023\/04\/06\/le-15e-regiment-dinfanterie\/\">Le 15e r\u00e9giment d&rsquo;infanterie [2023]<\/a><\/li>\n<li><a href=\"http:\/\/blogs.univ-jfc.fr\/vphn\/histoire-locale\/le-corps-franc-pommies-la-resistance-de-larmee-2020\/\">Le corps franc Pommi\u00e8s : la r\u00e9sistance de l&rsquo;arm\u00e9e [2020]<\/a><\/li>\n<li><a href=\"https:\/\/blogs.univ-jfc.fr\/vphn\/le-massacre-des-italiens-a-aigues-mortes-en-1893-2022\/\">Le massacre des Italiens \u00e0 Aigues-Mortes en 1893 [2022]<\/a><\/li>\n<li><a href=\"http:\/\/blogs.univ-jfc.fr\/vphn\/2020\/01\/12\/le-musee-des-augustins-1795-1895\/\">Le mus\u00e9e des Augustins (1795-1895)[2020]<\/a><\/li>\n<li><a href=\"http:\/\/blogs.univ-jfc.fr\/vphn\/histoire-locale\/le-pastel-dans-le-pays-de-cocagne-2018-2019\/\">Le pastel dans le Pays de Cocagne<\/a> [2018]<\/li>\n<li><a href=\"http:\/\/blogs.univ-jfc.fr\/vphn\/le-textile-de-mazamet-castres-et-ses-ouvriers-au-xix-siecle\/\">Le textile de Castres-Mazamet et ses ouvriers au XIXe si\u00e8cle [2020]<\/a><\/li>\n<li><a href=\"https:\/\/blogs.univ-jfc.fr\/vphn\/2023\/04\/12\/le-traite-des-pyrenees-1659-une-paix-avec-de-grands-enjeux-pour-le-controle-de-leurope-de-louest\/\">Le trait\u00e9 des Pyr\u00e9n\u00e9es 1659, une paix avec de grands enjeux pour le contr\u00f4le de l&rsquo;Europe de L&rsquo;Ouest[2023]<\/a><\/li>\n<li><a href=\"https:\/\/blogs.univ-jfc.fr\/vphn\/2022\/02\/24\/le-village-de-montans-a-lepoque-gallo-romaine-iiie-siecle-av-j-c-iiie-siecle-ap-j-c-2022\/\">Le village de Montans \u00e0 l&rsquo;\u00e9poque gallo-romaine (IIIe si\u00e8cle av. J.-C.\/IIIe si\u00e8cle apr. J.-C) [2022]<\/a><\/li>\n<li><a href=\"http:\/\/blogs.univ-jfc.fr\/vphn\/histoire-locale\/les-cabinets-de-curiosites-dans-les-environs-de-toulouse-2018-2019-2\/\">Les cabinets de curiosit\u00e9s dans les environs de Toulouse [2018]<\/a><\/li>\n<li>Les cathares \u00e0 Lavaur [2017]<\/li>\n<li><a href=\"https:\/\/blogs.univ-jfc.fr\/vphn\/2021\/02\/19\/les-comtes-de-toulouse-viiie-xiiie-siecle-2021\/\">Les comtes de Toulouse (VIIIe-XIIIe si\u00e8cle) [2021]<\/a><\/li>\n<li><a href=\"http:\/\/blogs.univ-jfc.fr\/vphn\/histoire-locale\/les-debuts-de-laeronautique-dans-la-region-toulousaine-1900-1955-2018-2019\/\">Les d\u00e9buts de l&rsquo;a\u00e9ronautique dans la r\u00e9gion toulousaine, 1900-1955 [2018]<\/a><\/li>\n<li><a href=\"http:\/\/blogs.univ-jfc.fr\/vphn\/histoire-locale\/les-exiles-republicains-espagnols-dans-le-sud-ouest-1936-1975-2017\/\">Les exil\u00e9s r\u00e9publicains espagnols dans le Sud-Ouest (1936-1975) [2017]<\/a><\/li>\n<li><a href=\"http:\/\/blogs.univ-jfc.fr\/vphn\/les-femmes-dans-les-camps-dinternement-administratifs-du-so-2022\/\">Les femmes dans les camps d&rsquo;internement administratifs du SO [2022]<\/a><\/li>\n<li><a href=\"http:\/\/blogs.univ-jfc.fr\/vphn\/histoire-locale\/les-greves-des-mineurs-carmausins-de-1850-a-1892-2017\/\">Les gr\u00e8ves des mineurs carmausins, de 1850 \u00e0 1892 [2017]<\/a><\/li>\n<li><a href=\"http:\/\/blogs.univ-jfc.fr\/vphn\/histoire-locale\/les-hospitaliers-a-la-couvertoirade-2020\/\">Les hospitaliers \u00e0 la Couvertoirade [2020]<\/a><\/li>\n<li><a href=\"http:\/\/blogs.univ-jfc.fr\/vphn\/les-mines-de-carmaux-au-xixe-siecle-2022\/\" target=\"_blank\" rel=\"noopener\">Les mines de Carmaux au XIXe si\u00e8cle [2022]<\/a><\/li>\n<li><a href=\"http:\/\/blogs.univ-jfc.fr\/vphn\/figures-et-evenements\/les-protestants-dans-le-quercy-pendant-les-guerres-de-religion\/\">Les protestants dans le Quercy pendant les Guerres de religion [2017]<\/a><\/li>\n<li><a href=\"http:\/\/blogs.univ-jfc.fr\/vphn\/histoire-locale\/les-revoltes-populaires-dans-le-sud-ouest-de-la-france-de-1593-a-1595-2017\/\">Les r\u00e9voltes populaires dans le sud-ouest de la France de 1593 \u00e0 1595 [2017]<\/a><\/li>\n<li><a href=\"https:\/\/blogs.univ-jfc.fr\/vphn\/histoire-locale\/les-rutenes-2021\/\">Les Rut\u00e8nes [2021]<\/a><\/li>\n<li><a href=\"http:\/\/blogs.univ-jfc.fr\/vphn\/figures-et-evenements\/les-templiers-du-larzac-a-lepoque-medievale-2017\/\">Les templiers du Larzac \u00e0 l&rsquo;\u00e9poque m\u00e9di\u00e9vale [2017]<\/a><\/li>\n<li>Les Wisigoths [2021]<\/li>\n<li><a href=\"http:\/\/blogs.univ-jfc.fr\/vphn\/histoire-locale\/lexploitation-miniere-du-bassin-decazevillois-milieu-xixe-debut-xxe-2018\/\">L&rsquo;exploitation mini\u00e8re du bassin decazevillois (milieu XIXe &#8211; d\u00e9but XXe s.) [2018]<\/a><\/li>\n<li><a href=\"http:\/\/blogs.univ-jfc.fr\/vphn\/histoire-locale\/lhistoire-du-segala-xixe-xxe-siecle-2018\/\">L&rsquo;histoire du S\u00e9gala XIXe-XXe si\u00e8cle [2018]<\/a><\/li>\n<li><a href=\"http:\/\/blogs.univ-jfc.fr\/vphn\/limmigration-espagnole-en-aveyron-du-xixe-a-nos-jours-2021\/\" target=\"_blank\" rel=\"noopener noreferrer\">L\u2019immigration espagnole en Aveyron du XIX<sup>e<\/sup> \u00e0 nos jours [2021]<\/a><\/li>\n<li><a href=\"http:\/\/blogs.univ-jfc.fr\/vphn\/limmigration-italienne-en-occitanie-au-xxe-siecle\/\">L&rsquo;immigration italienne en Occitanie au XIXe si\u00e8cle [2020]<\/a><\/li>\n<li><a href=\"http:\/\/blogs.univ-jfc.fr\/vphn\/lindustrialisation-a-mazamet-lexemple-du-delainage-2020\/\">L&rsquo;industrialisation \u00e0 Mazamet, l&rsquo;exemple du d\u00e9lainage [2020]<\/a><\/li>\n<li><a href=\"http:\/\/blogs.univ-jfc.fr\/vphn\/histoire-locale\/lindustrie-de-la-ceramique-a-giroussens-xvie-xixe-siecles-2018-2019\/\">L&rsquo;industrie de la c\u00e9ramique \u00e0 Giroussens, XVIe-XIXe si\u00e8cles [2018]<\/a><\/li>\n<li><a href=\"http:\/\/blogs.univ-jfc.fr\/vphn\/luniversite-de-toulouse-1229-1470-2021\/\" target=\"_blank\" rel=\"noopener noreferrer\">L\u2019universit\u00e9 de Toulouse (1229-1470) [2021]<\/a><\/li>\n<li><a href=\"http:\/\/blogs.univ-jfc.fr\/vphn\/histoire-locale\/linsurrection-royaliste-de-1799-dans-le-sud-ouest-2021\/\">L&rsquo;insurrection royaliste de 1799 dans le Sud-Ouest [2021]\u00a0<\/a><\/li>\n<li><a href=\"https:\/\/blogs.univ-jfc.fr\/vphn\/2024\/04\/30\/lintolerance-religieuse-en-occitanie-a-travers-laffaire-sirven\/\">L&rsquo;intol\u00e9rance religieuse en Occitanie \u00e0 travers l&rsquo;Affaire Sirven. [2024]<\/a><\/li>\n<li><a href=\"http:\/\/blogs.univ-jfc.fr\/vphn\/lusine-de-brusson-jeune-a-villemur-sur-tarn-xixe-xxe-2021\/\" target=\"_blank\" rel=\"noopener noreferrer\">L\u2019usine de Brusson-jeune \u00e0 Villemur-sur-Tarn, XIXe-XXe [2021]<\/a><\/li>\n<li><a href=\"http:\/\/blogs.univ-jfc.fr\/vphn\/histoire-locale\/misere-et-greves-ouvrieres-dans-le-bassin-houiller-de-decazeville-au-xixe-siecle-2018\/\">Mis\u00e8re et gr\u00e8ves ouvri\u00e8res dans le bassin houiller de Decazeville au XIXe si\u00e8cle [2018]<\/a><\/li>\n<li><a href=\"http:\/\/blogs.univ-jfc.fr\/vphn\/histoire-locale\/bastien-laurent-2018-2019\/\">Musique et R\u00e9volution [2018]<\/a><\/li>\n<li><a href=\"http:\/\/blogs.univ-jfc.fr\/vphn\/histoire-locale\/narbonne-et-la-narbonnaise\/\">Narbonne et la Narbonnaise du IIe si\u00e8cle av. J.-C.\u00a0au IIIe si\u00e8cle ap. J.-C. [2018]<\/a><\/li>\n<li><a href=\"http:\/\/blogs.univ-jfc.fr\/vphn\/histoire-locale\/rodez-sous-loccupation-2018-2019\/\">Rodez sous l&rsquo;Occupation [2018-2019]<\/a><\/li>\n<li><a href=\"http:\/\/blogs.univ-jfc.fr\/vphn\/thermalisme-et-mine-a-cransac-les-thermes-xix-xxe\/\">Thermalisme et mine \u00e0 Cransac-les-thermes, XIX-XXe [2020]<\/a><\/li>\n<li><a href=\"http:\/\/blogs.univ-jfc.fr\/vphn\/vabre-la-vallee-des-justes\/\">Vabre, La vall\u00e9e des Justes (2020)<\/a><\/li>\n<li><a href=\"https:\/\/blogs.univ-jfc.fr\/vphn\/2022\/02\/24\/la-vicomte-de-lautrec-2022\/\">La vicomt\u00e9 de Lautrec [2022]<\/a><\/li>\n<li><a href=\"http:\/\/blogs.univ-jfc.fr\/vphn\/les-armagnacs-et-le-comte-de-rodez-1313-1497-2022\/\">Les Armagnacs et le comt\u00e9 de Rodez (1313-1497) [2022]<\/a><\/li>\n<li><a href=\"https:\/\/blogs.univ-jfc.fr\/vphn\/?p=10715\">Les commanderies templi\u00e8res et leur influence sur le Languedoc du XI au XIIIe si\u00e8cle [2022]<\/a><\/li>\n<li><a href=\"https:\/\/blogs.univ-jfc.fr\/vphn\/2023\/03\/16\/la-prison-de-castres\/\">La prison de Castres [2023]<\/a><\/li>\n<li><a href=\"https:\/\/blogs.univ-jfc.fr\/vphn\/2023\/03\/17\/cathares-et-croises-dans-la-memoire-collective-et-lhistoriographie\/\">Cathares et crois\u00e9s dans la m\u00e9moire collective et l\u2019Historiographie [2023]<\/a><\/li>\n<li><a href=\"https:\/\/blogs.univ-jfc.fr\/vphn\/2023\/05\/01\/les-cagots\/\">Les cagots [2023]<\/a><\/li>\n<li><a href=\"https:\/\/blogs.univ-jfc.fr\/alcooloccitanie\/2023\/05\/23\/alcool-en-occitanie-au-xixe-siecle\/\">L&rsquo;alcool en Occitanie au XIX\u00e8me si\u00e8cle [2023]<\/a><\/li>\n<li><a href=\"http:\/\/blogs.univ-jfc.fr\/vphn\/2024\/04\/29\/le-8rpima-et-castres\/\" target=\"_blank\" rel=\"noopener\">Le 8e RPIMa et Castres [2024]<\/a><\/li>\n<li>La S.F.I.O en Aveyron, de 1901 \u00e0 1958 [2024]<\/li>\n<li><em><a href=\"https:\/\/blogs.univ-jfc.fr\/vphn\/2025\/05\/27\/la-memoire-des-monuments-aux-morts-dans-le-midi\/\">Les<\/a><\/em><em><a href=\"https:\/\/blogs.univ-jfc.fr\/vphn\/2025\/05\/27\/la-memoire-des-monuments-aux-morts-dans-le-midi\/\"> monuments<\/a><\/em><em><a href=\"https:\/\/blogs.univ-jfc.fr\/vphn\/2025\/05\/27\/la-memoire-des-monuments-aux-morts-dans-le-midi\/\"> aux<\/a><\/em> <em><a href=\"https:\/\/blogs.univ-jfc.fr\/vphn\/2025\/05\/27\/la-memoire-des-monuments-aux-morts-dans-le-midi\/\">morts<\/a><\/em><em><a href=\"https:\/\/blogs.univ-jfc.fr\/vphn\/2025\/05\/27\/la-memoire-des-monuments-aux-morts-dans-le-midi\/\"> dans<\/a><\/em><em><a href=\"https:\/\/blogs.univ-jfc.fr\/vphn\/2025\/05\/27\/la-memoire-des-monuments-aux-morts-dans-le-midi\/\"> le<\/a><\/em><em><a href=\"https:\/\/blogs.univ-jfc.fr\/vphn\/2025\/05\/27\/la-memoire-des-monuments-aux-morts-dans-le-midi\/\"> Midi<\/a><\/em><em><a href=\"https:\/\/blogs.univ-jfc.fr\/vphn\/2025\/05\/27\/la-memoire-des-monuments-aux-morts-dans-le-midi\/\"> [2025]<\/a><\/em><\/li>\n<\/ul>\n<\/li>\n<\/ul>\n\n\n<p><\/p>\n","protected":false},"excerpt":{"rendered":"<p>D\u00e9portation et internement en Occitanie pendant la Seconde guerre mondiale [2023] La bande \u00e0 Mina [2018] La bataille des Pyr\u00e9n\u00e9es de 1813 [2022] La bataille de Muret [2021] La bataille de 1814 \u00e0 Toulouse [2020] La cohabitation entre r\u00e9form\u00e9s et catholiques, de l\u2019\u00e9dit de Nantes \u00e0 sa r\u00e9vocation [2020] La collaboration franco-allemande et l&rsquo;\u00e9puration dans &hellip; <\/p>\n<p class=\"link-more\"><a href=\"https:\/\/blogs.univ-jfc.fr\/vphn\/histoire-locale\/\" class=\"more-link\">Continuer la lecture<span class=\"screen-reader-text\"> de &laquo;&nbsp;Histoire locale&nbsp;&raquo;<\/span><\/a><\/p>\n","protected":false},"author":20,"featured_media":0,"parent":0,"menu_order":1,"comment_status":"closed","ping_status":"closed","template":"","meta":[],"_links":{"self":[{"href":"https:\/\/blogs.univ-jfc.fr\/vphn\/wp-json\/wp\/v2\/pages\/1173"}],"collection":[{"href":"https:\/\/blogs.univ-jfc.fr\/vphn\/wp-json\/wp\/v2\/pages"}],"about":[{"href":"https:\/\/blogs.univ-jfc.fr\/vphn\/wp-json\/wp\/v2\/types\/page"}],"author":[{"embeddable":true,"href":"https:\/\/blogs.univ-jfc.fr\/vphn\/wp-json\/wp\/v2\/users\/20"}],"replies":[{"embeddable":true,"href":"https:\/\/blogs.univ-jfc.fr\/vphn\/wp-json\/wp\/v2\/comments?post=1173"}],"version-history":[{"count":158,"href":"https:\/\/blogs.univ-jfc.fr\/vphn\/wp-json\/wp\/v2\/pages\/1173\/revisions"}],"predecessor-version":[{"id":14897,"href":"https:\/\/blogs.univ-jfc.fr\/vphn\/wp-json\/wp\/v2\/pages\/1173\/revisions\/14897"}],"wp:attachment":[{"href":"https:\/\/blogs.univ-jfc.fr\/vphn\/wp-json\/wp\/v2\/media?parent=1173"}],"curies":[{"name":"wp","href":"https:\/\/api.w.org\/{rel}","templated":true}]}}