{"id":11911,"date":"2023-03-25T17:49:54","date_gmt":"2023-03-25T16:49:54","guid":{"rendered":"http:\/\/blogs.univ-jfc.fr\/vphn\/?page_id=11911"},"modified":"2023-03-25T17:53:01","modified_gmt":"2023-03-25T16:53:01","slug":"bacler-dalbe","status":"publish","type":"page","link":"https:\/\/blogs.univ-jfc.fr\/vphn\/bacler-dalbe\/","title":{"rendered":"Bacler D&rsquo;Albe (1761-1824)"},"content":{"rendered":"\n<p>Louis Albert-Guislain Bacler d\u2019Albe de son nom complet est un g\u00e9n\u00e9ral , cartographe et peintre fran\u00e7ais n\u00e9 en 1761 et mort en 1824 . Sous le Consulat et l\u2019empire il y joue un r\u00f4le historique fondamental ax\u00e9 d\u2019autour 3 domaines : aide \u00e0 la strat\u00e9gie militaire napol\u00e9onienne , la confections de carte militaire et enfin la peinture militaire. De plus Bacler d\u2019Albe est chef des ing\u00e9nieurs du D\u00e9p\u00f4t de la guerre entre 1799 et 1804 \u00e9galement il participe \u00e0 l\u2019uniformisation de la cartographie en France et enfin il acc\u00e8de au poste de chef du bureau de topographie de Napol\u00e9on 1er entre 1804 et 1814.<\/p>\n","protected":false},"excerpt":{"rendered":"<p>Louis Albert-Guislain Bacler d\u2019Albe de son nom complet est un g\u00e9n\u00e9ral , cartographe et peintre fran\u00e7ais n\u00e9 en 1761 et mort en 1824 . Sous le Consulat et l\u2019empire il y joue un r\u00f4le historique fondamental ax\u00e9 d\u2019autour 3 domaines : aide \u00e0 la strat\u00e9gie militaire napol\u00e9onienne , la confections de carte militaire et enfin &hellip; <\/p>\n<p class=\"link-more\"><a href=\"https:\/\/blogs.univ-jfc.fr\/vphn\/bacler-dalbe\/\" class=\"more-link\">Continuer la lecture<span class=\"screen-reader-text\"> de &laquo;&nbsp;Bacler D&rsquo;Albe (1761-1824)&nbsp;&raquo;<\/span><\/a><\/p>\n","protected":false},"author":814,"featured_media":0,"parent":0,"menu_order":0,"comment_status":"closed","ping_status":"closed","template":"","meta":[],"_links":{"self":[{"href":"https:\/\/blogs.univ-jfc.fr\/vphn\/wp-json\/wp\/v2\/pages\/11911"}],"collection":[{"href":"https:\/\/blogs.univ-jfc.fr\/vphn\/wp-json\/wp\/v2\/pages"}],"about":[{"href":"https:\/\/blogs.univ-jfc.fr\/vphn\/wp-json\/wp\/v2\/types\/page"}],"author":[{"embeddable":true,"href":"https:\/\/blogs.univ-jfc.fr\/vphn\/wp-json\/wp\/v2\/users\/814"}],"replies":[{"embeddable":true,"href":"https:\/\/blogs.univ-jfc.fr\/vphn\/wp-json\/wp\/v2\/comments?post=11911"}],"version-history":[{"count":2,"href":"https:\/\/blogs.univ-jfc.fr\/vphn\/wp-json\/wp\/v2\/pages\/11911\/revisions"}],"predecessor-version":[{"id":11915,"href":"https:\/\/blogs.univ-jfc.fr\/vphn\/wp-json\/wp\/v2\/pages\/11911\/revisions\/11915"}],"wp:attachment":[{"href":"https:\/\/blogs.univ-jfc.fr\/vphn\/wp-json\/wp\/v2\/media?parent=11911"}],"curies":[{"name":"wp","href":"https:\/\/api.w.org\/{rel}","templated":true}]}}