{"id":11917,"date":"2023-03-25T17:57:16","date_gmt":"2023-03-25T16:57:16","guid":{"rendered":"http:\/\/blogs.univ-jfc.fr\/vphn\/?page_id=11917"},"modified":"2023-03-25T18:00:47","modified_gmt":"2023-03-25T17:00:47","slug":"nicolas-antoine-sanson-1756-1824","status":"publish","type":"page","link":"https:\/\/blogs.univ-jfc.fr\/vphn\/nicolas-antoine-sanson-1756-1824\/","title":{"rendered":"Nicolas Antoine Sanson (1756-1824)"},"content":{"rendered":"\n<p>Antoine Sanson est un g\u00e9n\u00e9ral fran\u00e7ais de la r\u00e9volution et de l\u2019empire n\u00e9 en 1756 et mort en 1824 , il est connu pour avoir \u00e9t\u00e9 directeur du d\u00e9p\u00f4t g\u00e9n\u00e9ral de la guerre en 1802 et il fut chevalier de la l\u00e9gion d&rsquo;honneur en 1803 et m\u00eame commandeur de cette ordre en 1804 . Il pr\u00eate main forte aupr\u00e8s du mar\u00e9chal Berthier et ils sont charg\u00e9 du service topographie durant les campagne de Prusse et de Pologne (1806-1807).<\/p>\n","protected":false},"excerpt":{"rendered":"<p>Antoine Sanson est un g\u00e9n\u00e9ral fran\u00e7ais de la r\u00e9volution et de l\u2019empire n\u00e9 en 1756 et mort en 1824 , il est connu pour avoir \u00e9t\u00e9 directeur du d\u00e9p\u00f4t g\u00e9n\u00e9ral de la guerre en 1802 et il fut chevalier de la l\u00e9gion d&rsquo;honneur en 1803 et m\u00eame commandeur de cette ordre en 1804 . Il &hellip; <\/p>\n<p class=\"link-more\"><a href=\"https:\/\/blogs.univ-jfc.fr\/vphn\/nicolas-antoine-sanson-1756-1824\/\" class=\"more-link\">Continuer la lecture<span class=\"screen-reader-text\"> de &laquo;&nbsp;Nicolas Antoine Sanson (1756-1824)&nbsp;&raquo;<\/span><\/a><\/p>\n","protected":false},"author":814,"featured_media":0,"parent":0,"menu_order":0,"comment_status":"closed","ping_status":"closed","template":"","meta":[],"_links":{"self":[{"href":"https:\/\/blogs.univ-jfc.fr\/vphn\/wp-json\/wp\/v2\/pages\/11917"}],"collection":[{"href":"https:\/\/blogs.univ-jfc.fr\/vphn\/wp-json\/wp\/v2\/pages"}],"about":[{"href":"https:\/\/blogs.univ-jfc.fr\/vphn\/wp-json\/wp\/v2\/types\/page"}],"author":[{"embeddable":true,"href":"https:\/\/blogs.univ-jfc.fr\/vphn\/wp-json\/wp\/v2\/users\/814"}],"replies":[{"embeddable":true,"href":"https:\/\/blogs.univ-jfc.fr\/vphn\/wp-json\/wp\/v2\/comments?post=11917"}],"version-history":[{"count":3,"href":"https:\/\/blogs.univ-jfc.fr\/vphn\/wp-json\/wp\/v2\/pages\/11917\/revisions"}],"predecessor-version":[{"id":11922,"href":"https:\/\/blogs.univ-jfc.fr\/vphn\/wp-json\/wp\/v2\/pages\/11917\/revisions\/11922"}],"wp:attachment":[{"href":"https:\/\/blogs.univ-jfc.fr\/vphn\/wp-json\/wp\/v2\/media?parent=11917"}],"curies":[{"name":"wp","href":"https:\/\/api.w.org\/{rel}","templated":true}]}}