{"id":11926,"date":"2023-03-25T18:17:07","date_gmt":"2023-03-25T17:17:07","guid":{"rendered":"http:\/\/blogs.univ-jfc.fr\/vphn\/?page_id=11926"},"modified":"2023-05-08T23:53:58","modified_gmt":"2023-05-08T21:53:58","slug":"bibliographie-et-sitographie-pour-aller-plus-loin","status":"publish","type":"page","link":"https:\/\/blogs.univ-jfc.fr\/vphn\/bibliographie-et-sitographie-pour-aller-plus-loin\/","title":{"rendered":"Bibliographie et sitographie cartographie militaire : pour aller plus loin !"},"content":{"rendered":"\n<p><strong><span style=\"text-decoration: underline\">I. Le livre de navigation<\/span><\/strong><\/p>\n\n\n\n<p>Le manuscrit du livre&nbsp;: <a href=\"https:\/\/gallica.bnf.fr\/ark:\/12148\/btv1b6000438h\">https:\/\/gallica.bnf.fr\/ark:\/12148\/btv1b6000438h<\/a><\/p>\n\n\n\n<p>Yerasimos St\u00e9phane, <em>Les ing\u00e9nieurs ottomans<\/em>, dans<em> B\u00e2tisseurs et bureaucrates. Ing\u00e9nieurs et soci\u00e9t\u00e9 au Maghreb et au Moyen-Orient<\/em>, MOM \u00c9ditions, 1990 &#8211; <a href=\"https:\/\/www.persee.fr\/doc\/mom_0295-6950_1990_act_4_1_3807\">https:\/\/www.persee.fr\/doc\/mom_0295-6950_1990_act_4_1_3807<\/a><\/p>\n\n\n\n<p>SOLNON Jean-Fran\u00e7ois, <em>VIII. La marine occidentale pour mod\u00e8le<\/em>,dans <em>L&rsquo;Empire ottoman et l&rsquo;Europe<\/em>, Perrin, 2017, p. 227-257 &#8211; <a href=\"https:\/\/www-cairn-info.gorgone.univ-toulouse.fr\/l-empire-ottoman-et-l-europe--9782262072162-page-227.htm\">VIII. La marine occidentale pour mod\u00e8le | Cairn.info (univ-toulouse.fr)<\/a> <\/p>\n\n\n\n<p>YILMAZ Ibrahim, <em>The Kitab-\u0131 Bahriye \u201cBook of Navigation\u201d of Piri Reis, <\/em>dans<em> The Cartographic Journal<\/em>, volume 47, num\u00e9ro 3, 2010 &#8211; <a href=\"http:\/\/www.fig.net\/resources\/proceedings\/fig_proceedings\/fig2012\/papers\/ts02k\/TS02K_yilmaz_5687.pdf\">Microsoft Word &#8211; TS02K_yilmaz_5687 (fig.net)<\/a><\/p>\n\n\n\n<p><a href=\"http:\/\/expositions.bnf.fr\/marine\/grand\/por_325.htm\">BnF &#8211; L&rsquo;\u00c2ge d&rsquo;or des cartes marines<\/a><\/p>\n\n\n\n<p>MANTRAN Robert, <em>Soliman le Magnifique ou Sulayman (1494-1566<\/em>), <em>Encyclop\u00e6dia Universalis <\/em>[en ligne], consult\u00e9 le 14 mars 2023 &#8211; <a href=\"http:\/\/www.universalis-edu.com\/encyclopedie\/soliman-le-magnifique-sulayman\/\">http:\/\/www.universalis-edu.com\/encyclopedie\/soliman-le-magnifique-sulayman\/<\/a><\/p>\n\n\n\n<p>SOUCEK Svat, <em>Studies in ottoman naval history and maritime geography<\/em>, Istanbul, The Isis press, coll. <em>Analecta isisiana n\u00b0102<\/em>, 2008, p. 58-59<\/p>\n\n\n\n<p><strong>II. Cartographie de Louis XIV \u00e0 Louis XVI<\/strong><\/p>\n\n\n\n<p>ROUCAUD M., <em>Les cartes au service du militaire de Louis XIV \u00e0 Napol\u00e9on<\/em>, Revue Historique des Arm\u00e9es, 2018\/1, pages 19 \u00e0 30, \u00e9ditions Service Historique de la D\u00e9fense<\/p>\n\n\n\n<p>PELLETIER M., <em>Cartographie de la France et du monde de la Renaissance au Si\u00e8cle des lumi\u00e8res<\/em>, 2002, \u00e9ditions de la Biblioth\u00e8que nationale de France<\/p>\n\n\n\n<p>BINOIS G., <em>La cartographie militaire au XVIIIe si\u00e8cle, une cartographie historique&nbsp;?<\/em>, Hypoth\u00e8ses, 2016\/1, pages 41 \u00e0 51, \u00e9ditions de la Sorbonne<\/p>\n\n\n\n<p>CHALINE O., <em>Les arm\u00e9es du roi<\/em>, 2016, Armand Colin<\/p>\n\n\n\n<p><strong><span style=\"text-decoration: underline\">III. Consulat et Empire fran\u00e7ais<\/span><\/strong><\/p>\n\n\n\n<p><strong>Bibliographie :<\/strong><\/p>\n\n\n\n<p>-Bertaud Jean Paul , <em>Le Consulat et l\u2019empire (1799-1815)<\/em> , Paris ,Armand Colin , 2021 , page 61 \u00e0 90.<\/p>\n\n\n\n<p>-Boulanger Philippe , <em>La g\u00e9ographie reine des batailles<\/em> , Paris , Perrin ,2020 , page 13 \u00e0 48.<\/p>\n\n\n\n<p>-Rothenberg Gunther Erich , <em>Atlas des guerres : Les guerres napol\u00e9oniennes (1796-1815)<\/em> , Paris ,Autrement ,2000.<\/p>\n\n\n\n<p><strong>Sitographie&nbsp;:<\/strong><\/p>\n\n\n\n<p>-Roucaud Michel,&nbsp; <em>Les cartes au service du militaire de Louis XIV \u00e0 Napol\u00e9on<\/em> , Revue historique des arm\u00e9es, n\u00b0 290, 2018, p. 19-30 (<a href=\"https:\/\/www-cairn-info.gorgone.univ-toulouse.fr\/revue-historique-des-armees-2018-1-page-19.htm\"><u>https:\/\/www-cairn-info.gorgone.univ-toulouse.fr\/revue-historique-des-armees-2018-1-page-19.htm<\/u><\/a>) (consult\u00e9e le 4 mars 2023)<\/p>\n\n\n\n<p>-Souchon C\u00e9cile , <em>Langages et communication : espaces, territoires, pouvoirs,<\/em> Paris , \u00c9ditions du comit\u00e9 des travaux historiques et scientifiques , 2015 , page 77-99. (<a href=\"https:\/\/books.openedition.org\/cths\/2079?lang=fr\"><u>https:\/\/books.openedition.org\/cths\/2079?lang=fr<\/u><\/a> ) (consult\u00e9e le 4 mars 2023)<\/p>\n","protected":false},"excerpt":{"rendered":"<p>I. Le livre de navigation Le manuscrit du livre&nbsp;: https:\/\/gallica.bnf.fr\/ark:\/12148\/btv1b6000438h Yerasimos St\u00e9phane, Les ing\u00e9nieurs ottomans, dans B\u00e2tisseurs et bureaucrates. Ing\u00e9nieurs et soci\u00e9t\u00e9 au Maghreb et au Moyen-Orient, MOM \u00c9ditions, 1990 &#8211; https:\/\/www.persee.fr\/doc\/mom_0295-6950_1990_act_4_1_3807 SOLNON Jean-Fran\u00e7ois, VIII. La marine occidentale pour mod\u00e8le,dans L&rsquo;Empire ottoman et l&rsquo;Europe, Perrin, 2017, p. 227-257 &#8211; VIII. La marine occidentale pour mod\u00e8le &hellip; <\/p>\n<p class=\"link-more\"><a href=\"https:\/\/blogs.univ-jfc.fr\/vphn\/bibliographie-et-sitographie-pour-aller-plus-loin\/\" class=\"more-link\">Continuer la lecture<span class=\"screen-reader-text\"> de &laquo;&nbsp;Bibliographie et sitographie cartographie militaire : pour aller plus loin !&nbsp;&raquo;<\/span><\/a><\/p>\n","protected":false},"author":814,"featured_media":0,"parent":0,"menu_order":0,"comment_status":"closed","ping_status":"closed","template":"","meta":[],"_links":{"self":[{"href":"https:\/\/blogs.univ-jfc.fr\/vphn\/wp-json\/wp\/v2\/pages\/11926"}],"collection":[{"href":"https:\/\/blogs.univ-jfc.fr\/vphn\/wp-json\/wp\/v2\/pages"}],"about":[{"href":"https:\/\/blogs.univ-jfc.fr\/vphn\/wp-json\/wp\/v2\/types\/page"}],"author":[{"embeddable":true,"href":"https:\/\/blogs.univ-jfc.fr\/vphn\/wp-json\/wp\/v2\/users\/814"}],"replies":[{"embeddable":true,"href":"https:\/\/blogs.univ-jfc.fr\/vphn\/wp-json\/wp\/v2\/comments?post=11926"}],"version-history":[{"count":6,"href":"https:\/\/blogs.univ-jfc.fr\/vphn\/wp-json\/wp\/v2\/pages\/11926\/revisions"}],"predecessor-version":[{"id":13013,"href":"https:\/\/blogs.univ-jfc.fr\/vphn\/wp-json\/wp\/v2\/pages\/11926\/revisions\/13013"}],"wp:attachment":[{"href":"https:\/\/blogs.univ-jfc.fr\/vphn\/wp-json\/wp\/v2\/media?parent=11926"}],"curies":[{"name":"wp","href":"https:\/\/api.w.org\/{rel}","templated":true}]}}