{"id":11946,"date":"2023-03-29T11:24:57","date_gmt":"2023-03-29T09:24:57","guid":{"rendered":"http:\/\/blogs.univ-jfc.fr\/vphn\/?page_id=11946"},"modified":"2023-03-29T11:24:57","modified_gmt":"2023-03-29T09:24:57","slug":"soliman-1er","status":"publish","type":"page","link":"https:\/\/blogs.univ-jfc.fr\/vphn\/soliman-1er\/","title":{"rendered":"Soliman 1er"},"content":{"rendered":"\n<p>Sultan le plus fameux de sa dynastie, Soliman \u00ab&nbsp;le L\u00e9gislateur&nbsp;\u00bb pour son peuple, \u00ab&nbsp;le Magnifique&nbsp;\u00bb pour les Occidentaux, na\u00eet en 1494 \u00e0 Tr\u00e9bizonde&nbsp;; fils de S\u00e9lim 1<sup>er<\/sup>, il passe son enfance aupr\u00e8s de son p\u00e8re et se voit associ\u00e9 au pouvoir d\u00e8s 1512. C\u2019est tout l\u00e9gitimement qu\u2019il lui succ\u00e8de \u00e0 sa mort, en 1520.<\/p>\n\n\n\n<p>Le r\u00e8gne se Soliman est marqu\u00e9 par de nombreuses conqu\u00eates, qui conduiront l\u2019empire vers son apog\u00e9e militaire&nbsp;: le sultan entreprend treize campagnes, dix en Europe, notamment en Hongrie, o\u00f9 il va jusqu\u2019\u00e0 assi\u00e9ger Vienne&nbsp;; trois en Asie&nbsp;; \u00e9galement, le Proche-Orient passe sous domination ottomane, \u00e0 l\u2019instar d\u2019une partie du Maghreb (Alg\u00e9rie, Tripolitaine, Tunisie). Bon souverain, Soliman se montre tol\u00e9rant vis-\u00e0-vis des populations conquises.<\/p>\n\n\n\n<p>L\u2019expansion de l\u2019empire entra\u00eene la n\u00e9cessit\u00e9 d\u2019en r\u00e9former totalement l\u2019administration&nbsp;: Soliman r\u00e9organise les provinces&nbsp;; reprend le contr\u00f4le des finances&nbsp;; recrute et entretient l\u2019arm\u00e9e et la marine&nbsp;; aussi, il assure des conditions de vie convenables pour son peuple, lequel l\u2019appr\u00e9cie. Ces \u00e9l\u00e9ments lui valent le sobriquet de \u00ab&nbsp;l\u00e9gislateur&nbsp;\u00bb. Le sultan n\u2019en demeure pas moins autoritaire, il exerce une pression sur ses vizirs et n\u2019h\u00e9site pas ex\u00e9cuter quiconque s\u2019opposerait \u00e0 son h\u00e9g\u00e9monie.<\/p>\n\n\n\n<p>Cette apog\u00e9e am\u00e8ne le rayonnement culturel de l\u2019empire&nbsp;: grand m\u00e9c\u00e8ne et lui-m\u00eame po\u00e8te, Soliman permet l\u2019essor des arts au sein de son territoire, et fait \u00e9difier plusieurs mosqu\u00e9es d\u2019un nouveau genre, inspir\u00e9 de la basilique Sainte-Sophie.<\/p>\n\n\n\n<p>Le souverain expire en 1566, en Hongrie, lors d\u2019une \u00e9ni\u00e8me bataille contre les Habsbourg&nbsp;; son fils S\u00e9lim II lui succ\u00e8de.<\/p>\n","protected":false},"excerpt":{"rendered":"<p>Sultan le plus fameux de sa dynastie, Soliman \u00ab&nbsp;le L\u00e9gislateur&nbsp;\u00bb pour son peuple, \u00ab&nbsp;le Magnifique&nbsp;\u00bb pour les Occidentaux, na\u00eet en 1494 \u00e0 Tr\u00e9bizonde&nbsp;; fils de S\u00e9lim 1er, il passe son enfance aupr\u00e8s de son p\u00e8re et se voit associ\u00e9 au pouvoir d\u00e8s 1512. C\u2019est tout l\u00e9gitimement qu\u2019il lui succ\u00e8de \u00e0 sa mort, en 1520. Le &hellip; <\/p>\n<p class=\"link-more\"><a href=\"https:\/\/blogs.univ-jfc.fr\/vphn\/soliman-1er\/\" class=\"more-link\">Continuer la lecture<span class=\"screen-reader-text\"> de &laquo;&nbsp;Soliman 1er&nbsp;&raquo;<\/span><\/a><\/p>\n","protected":false},"author":1182,"featured_media":0,"parent":0,"menu_order":0,"comment_status":"closed","ping_status":"closed","template":"","meta":[],"_links":{"self":[{"href":"https:\/\/blogs.univ-jfc.fr\/vphn\/wp-json\/wp\/v2\/pages\/11946"}],"collection":[{"href":"https:\/\/blogs.univ-jfc.fr\/vphn\/wp-json\/wp\/v2\/pages"}],"about":[{"href":"https:\/\/blogs.univ-jfc.fr\/vphn\/wp-json\/wp\/v2\/types\/page"}],"author":[{"embeddable":true,"href":"https:\/\/blogs.univ-jfc.fr\/vphn\/wp-json\/wp\/v2\/users\/1182"}],"replies":[{"embeddable":true,"href":"https:\/\/blogs.univ-jfc.fr\/vphn\/wp-json\/wp\/v2\/comments?post=11946"}],"version-history":[{"count":1,"href":"https:\/\/blogs.univ-jfc.fr\/vphn\/wp-json\/wp\/v2\/pages\/11946\/revisions"}],"predecessor-version":[{"id":11947,"href":"https:\/\/blogs.univ-jfc.fr\/vphn\/wp-json\/wp\/v2\/pages\/11946\/revisions\/11947"}],"wp:attachment":[{"href":"https:\/\/blogs.univ-jfc.fr\/vphn\/wp-json\/wp\/v2\/media?parent=11946"}],"curies":[{"name":"wp","href":"https:\/\/api.w.org\/{rel}","templated":true}]}}