{"id":12087,"date":"2023-03-30T13:27:11","date_gmt":"2023-03-30T11:27:11","guid":{"rendered":"http:\/\/blogs.univ-jfc.fr\/vphn\/?page_id=12087"},"modified":"2023-03-30T13:27:11","modified_gmt":"2023-03-30T11:27:11","slug":"lecole-normale-superieure","status":"publish","type":"page","link":"https:\/\/blogs.univ-jfc.fr\/vphn\/lecole-normale-superieure\/","title":{"rendered":"L&rsquo;\u00e9cole normale sup\u00e9rieure :"},"content":{"rendered":"\n<p>Cr\u00e9\u00e9e par un d\u00e9cret de 1794, l\u2019Ecole Normale Sup\u00e9rieure forme les \u00e9tudiants aux m\u00e9tiers de l\u2019enseignement, de la recherche ou encore de la technologie. L\u2019admission se fait par concours et la mobilit\u00e9 internationale est renomm\u00e9e. Ainsi, depuis plus de si\u00e8cles, cet \u00e9tablissement que l\u2019on peut consid\u00e9r\u00e9 \u00e0 la fois comme une grande \u00e9cole et une universit\u00e9 permet d\u2019acqu\u00e9rir les comp\u00e9tences et de responsabiliser en vue d\u2019acc\u00e9der \u00e0 de hautes fonctions dans les administrations publiques.<\/p>\n\n\n\n<figure class=\"wp-block-image size-large is-resized\"><img loading=\"lazy\" src=\"https:\/\/upload.wikimedia.org\/wikipedia\/commons\/8\/8c\/%C3%89cole_normale_sup%C3%A9rieure_de_Paris%2C_26_January_2013.jpg\" alt=\"\" width=\"386\" height=\"567\" \/><figcaption>Devanture de l&rsquo;\u00e9cole normale sup\u00e9rieure.<\/figcaption><\/figure>\n\n\n\n<p><\/p>\n","protected":false},"excerpt":{"rendered":"<p>Cr\u00e9\u00e9e par un d\u00e9cret de 1794, l\u2019Ecole Normale Sup\u00e9rieure forme les \u00e9tudiants aux m\u00e9tiers de l\u2019enseignement, de la recherche ou encore de la technologie. L\u2019admission se fait par concours et la mobilit\u00e9 internationale est renomm\u00e9e. Ainsi, depuis plus de si\u00e8cles, cet \u00e9tablissement que l\u2019on peut consid\u00e9r\u00e9 \u00e0 la fois comme une grande \u00e9cole et une &hellip; <\/p>\n<p class=\"link-more\"><a href=\"https:\/\/blogs.univ-jfc.fr\/vphn\/lecole-normale-superieure\/\" class=\"more-link\">Continuer la lecture<span class=\"screen-reader-text\"> de &laquo;&nbsp;L&rsquo;\u00e9cole normale sup\u00e9rieure :&nbsp;&raquo;<\/span><\/a><\/p>\n","protected":false},"author":822,"featured_media":0,"parent":0,"menu_order":0,"comment_status":"closed","ping_status":"closed","template":"","meta":[],"_links":{"self":[{"href":"https:\/\/blogs.univ-jfc.fr\/vphn\/wp-json\/wp\/v2\/pages\/12087"}],"collection":[{"href":"https:\/\/blogs.univ-jfc.fr\/vphn\/wp-json\/wp\/v2\/pages"}],"about":[{"href":"https:\/\/blogs.univ-jfc.fr\/vphn\/wp-json\/wp\/v2\/types\/page"}],"author":[{"embeddable":true,"href":"https:\/\/blogs.univ-jfc.fr\/vphn\/wp-json\/wp\/v2\/users\/822"}],"replies":[{"embeddable":true,"href":"https:\/\/blogs.univ-jfc.fr\/vphn\/wp-json\/wp\/v2\/comments?post=12087"}],"version-history":[{"count":1,"href":"https:\/\/blogs.univ-jfc.fr\/vphn\/wp-json\/wp\/v2\/pages\/12087\/revisions"}],"predecessor-version":[{"id":12095,"href":"https:\/\/blogs.univ-jfc.fr\/vphn\/wp-json\/wp\/v2\/pages\/12087\/revisions\/12095"}],"wp:attachment":[{"href":"https:\/\/blogs.univ-jfc.fr\/vphn\/wp-json\/wp\/v2\/media?parent=12087"}],"curies":[{"name":"wp","href":"https:\/\/api.w.org\/{rel}","templated":true}]}}