{"id":12098,"date":"2023-03-30T13:28:24","date_gmt":"2023-03-30T11:28:24","guid":{"rendered":"http:\/\/blogs.univ-jfc.fr\/vphn\/?page_id=12098"},"modified":"2023-03-30T13:28:24","modified_gmt":"2023-03-30T11:28:24","slug":"le-gaullisme","status":"publish","type":"page","link":"https:\/\/blogs.univ-jfc.fr\/vphn\/le-gaullisme\/","title":{"rendered":"Le gaullisme :"},"content":{"rendered":"\n<p>Il s\u2019agit de la pens\u00e9e politique du premier pr\u00e9sident de la Ve R\u00e9publique, et plus globalement un courant ainsi qu\u2019un parti politique qui, jusqu\u2019au d\u00e9but des ann\u00e9es 2000 continuait \u00e0 influencer la vie politique fran\u00e7aise. Cependant, l\u2019on peut distinguer le gaullisme des ann\u00e9es 1940, dont l\u2019appel du 18 Juin en est le signe le plus fort et a permis \u00e0 Charles de Gaulle d\u2019\u00eatre l\u00e9gitim\u00e9 et de notori\u00e9t\u00e9 publique, de celui de 1944 \u00e0 1946 qui a d\u00e9clar\u00e9 l&rsquo;\u00c9tat Fran\u00e7ais du Mar\u00e9chal P\u00e9tain ainsi que toutes leurs d\u00e9cisions institutionnelles ill\u00e9gitimes mais qui n\u2019a pas pu emp\u00eacher la IVe R\u00e9publique de devenir un \u201cr\u00e9gime des partis\u201d. Ainsi, pr\u00e9alablement \u00e0 la cr\u00e9ation de son parti (RPF -Rassemblement du Peuple Fran\u00e7ais-) le G\u00e9n\u00e9ral a donn\u00e9 au gaullisme ses principes fondamentaux lors du discours de Bayeux du 16 Juin 1946. Pour r\u00e9sumer, le gaullisme est une pure tradition fran\u00e7aise m\u00ealant nationalisme et privil\u00e9giant l\u2019\u00e9xecutisme qui a surv\u00e9cu \u00e0 la mort de son principal instigateur tout en influen\u00e7ant la vie politique de la Ve R\u00e9publique.\u00a0<\/p>\n","protected":false},"excerpt":{"rendered":"<p>Il s\u2019agit de la pens\u00e9e politique du premier pr\u00e9sident de la Ve R\u00e9publique, et plus globalement un courant ainsi qu\u2019un parti politique qui, jusqu\u2019au d\u00e9but des ann\u00e9es 2000 continuait \u00e0 influencer la vie politique fran\u00e7aise. Cependant, l\u2019on peut distinguer le gaullisme des ann\u00e9es 1940, dont l\u2019appel du 18 Juin en est le signe le plus &hellip; <\/p>\n<p class=\"link-more\"><a href=\"https:\/\/blogs.univ-jfc.fr\/vphn\/le-gaullisme\/\" class=\"more-link\">Continuer la lecture<span class=\"screen-reader-text\"> de &laquo;&nbsp;Le gaullisme :&nbsp;&raquo;<\/span><\/a><\/p>\n","protected":false},"author":822,"featured_media":0,"parent":0,"menu_order":0,"comment_status":"closed","ping_status":"closed","template":"","meta":[],"_links":{"self":[{"href":"https:\/\/blogs.univ-jfc.fr\/vphn\/wp-json\/wp\/v2\/pages\/12098"}],"collection":[{"href":"https:\/\/blogs.univ-jfc.fr\/vphn\/wp-json\/wp\/v2\/pages"}],"about":[{"href":"https:\/\/blogs.univ-jfc.fr\/vphn\/wp-json\/wp\/v2\/types\/page"}],"author":[{"embeddable":true,"href":"https:\/\/blogs.univ-jfc.fr\/vphn\/wp-json\/wp\/v2\/users\/822"}],"replies":[{"embeddable":true,"href":"https:\/\/blogs.univ-jfc.fr\/vphn\/wp-json\/wp\/v2\/comments?post=12098"}],"version-history":[{"count":1,"href":"https:\/\/blogs.univ-jfc.fr\/vphn\/wp-json\/wp\/v2\/pages\/12098\/revisions"}],"predecessor-version":[{"id":12099,"href":"https:\/\/blogs.univ-jfc.fr\/vphn\/wp-json\/wp\/v2\/pages\/12098\/revisions\/12099"}],"wp:attachment":[{"href":"https:\/\/blogs.univ-jfc.fr\/vphn\/wp-json\/wp\/v2\/media?parent=12098"}],"curies":[{"name":"wp","href":"https:\/\/api.w.org\/{rel}","templated":true}]}}