{"id":12101,"date":"2023-03-30T13:29:18","date_gmt":"2023-03-30T11:29:18","guid":{"rendered":"http:\/\/blogs.univ-jfc.fr\/vphn\/?page_id=12101"},"modified":"2023-03-30T13:29:38","modified_gmt":"2023-03-30T11:29:38","slug":"hypokhagne","status":"publish","type":"page","link":"https:\/\/blogs.univ-jfc.fr\/vphn\/hypokhagne\/","title":{"rendered":"Hypokh\u00e2gne :"},"content":{"rendered":"\n<p>Il s\u2019agit de la classe pr\u00e9paratoire litt\u00e9raire en premi\u00e8re ann\u00e9e qui permet de pr\u00e9parer le concours des \u00c9coles Normales Sup\u00e9rieures. Le nom d&rsquo;hypokh\u00e2gne trouve son origine dans les moqueries formul\u00e9es par les \u00e9tudiants des classes militaires lorsqu\u2019ils parlaient des \u00e9tudiants litt\u00e9raires. En effet, consid\u00e9r\u00e9 comme peu sportif, l\u2019on disait qu\u2019ils poss\u00e9daient les genoux cagneux, d&rsquo;o\u00f9 la cagne puis remani\u00e9 en grec de fa\u00e7on \u00e0 \u00eatre devenu de \u201ckh\u00e2gne\u201d pour ensuite devenir hypokh\u00e2gne.<\/p>\n","protected":false},"excerpt":{"rendered":"<p>Il s\u2019agit de la classe pr\u00e9paratoire litt\u00e9raire en premi\u00e8re ann\u00e9e qui permet de pr\u00e9parer le concours des \u00c9coles Normales Sup\u00e9rieures. Le nom d&rsquo;hypokh\u00e2gne trouve son origine dans les moqueries formul\u00e9es par les \u00e9tudiants des classes militaires lorsqu\u2019ils parlaient des \u00e9tudiants litt\u00e9raires. En effet, consid\u00e9r\u00e9 comme peu sportif, l\u2019on disait qu\u2019ils poss\u00e9daient les genoux cagneux, d&rsquo;o\u00f9 &hellip; <\/p>\n<p class=\"link-more\"><a href=\"https:\/\/blogs.univ-jfc.fr\/vphn\/hypokhagne\/\" class=\"more-link\">Continuer la lecture<span class=\"screen-reader-text\"> de &laquo;&nbsp;Hypokh\u00e2gne :&nbsp;&raquo;<\/span><\/a><\/p>\n","protected":false},"author":822,"featured_media":0,"parent":0,"menu_order":0,"comment_status":"closed","ping_status":"closed","template":"","meta":[],"_links":{"self":[{"href":"https:\/\/blogs.univ-jfc.fr\/vphn\/wp-json\/wp\/v2\/pages\/12101"}],"collection":[{"href":"https:\/\/blogs.univ-jfc.fr\/vphn\/wp-json\/wp\/v2\/pages"}],"about":[{"href":"https:\/\/blogs.univ-jfc.fr\/vphn\/wp-json\/wp\/v2\/types\/page"}],"author":[{"embeddable":true,"href":"https:\/\/blogs.univ-jfc.fr\/vphn\/wp-json\/wp\/v2\/users\/822"}],"replies":[{"embeddable":true,"href":"https:\/\/blogs.univ-jfc.fr\/vphn\/wp-json\/wp\/v2\/comments?post=12101"}],"version-history":[{"count":2,"href":"https:\/\/blogs.univ-jfc.fr\/vphn\/wp-json\/wp\/v2\/pages\/12101\/revisions"}],"predecessor-version":[{"id":12104,"href":"https:\/\/blogs.univ-jfc.fr\/vphn\/wp-json\/wp\/v2\/pages\/12101\/revisions\/12104"}],"wp:attachment":[{"href":"https:\/\/blogs.univ-jfc.fr\/vphn\/wp-json\/wp\/v2\/media?parent=12101"}],"curies":[{"name":"wp","href":"https:\/\/api.w.org\/{rel}","templated":true}]}}