{"id":12105,"date":"2023-03-30T13:30:14","date_gmt":"2023-03-30T11:30:14","guid":{"rendered":"http:\/\/blogs.univ-jfc.fr\/vphn\/?page_id=12105"},"modified":"2023-03-30T13:30:14","modified_gmt":"2023-03-30T11:30:14","slug":"les-trente-glorieuses","status":"publish","type":"page","link":"https:\/\/blogs.univ-jfc.fr\/vphn\/les-trente-glorieuses\/","title":{"rendered":"Les Trente Glorieuses :"},"content":{"rendered":"\n<p>Le terme nous vient d\u2019un ouvrage de l\u2019\u00e9conomiste Jean Fourasti\u00e9, sorti en 1979 et dont le sous-titre \u201cLa R\u00e9volution invisible\u201d porte les principales caract\u00e9ristiques. Ainsi, cette p\u00e9riode d\u2019apr\u00e8s-guerre a permis \u00e0 la France d\u2019acc\u00e9der au plein emploi et a vu son niveau de vie augmenter consid\u00e9rablement. Ce ph\u00e9nom\u00e8ne de grande prosp\u00e9rit\u00e9 \u00e9conomique tire son origine du progr\u00e8s technique qui a permis un partage \u00e9quitable des gains de productivit\u00e9 et ainsi un acc\u00e8s \u00e0 la consommation de masse puisque la production a augment\u00e9. Cette p\u00e9riode prit fin au premier choc p\u00e9trolier de 1973 et rappelle les \u201cTrois Glorieuses\u201d de 1830.<\/p>\n","protected":false},"excerpt":{"rendered":"<p>Le terme nous vient d\u2019un ouvrage de l\u2019\u00e9conomiste Jean Fourasti\u00e9, sorti en 1979 et dont le sous-titre \u201cLa R\u00e9volution invisible\u201d porte les principales caract\u00e9ristiques. Ainsi, cette p\u00e9riode d\u2019apr\u00e8s-guerre a permis \u00e0 la France d\u2019acc\u00e9der au plein emploi et a vu son niveau de vie augmenter consid\u00e9rablement. Ce ph\u00e9nom\u00e8ne de grande prosp\u00e9rit\u00e9 \u00e9conomique tire son origine &hellip; <\/p>\n<p class=\"link-more\"><a href=\"https:\/\/blogs.univ-jfc.fr\/vphn\/les-trente-glorieuses\/\" class=\"more-link\">Continuer la lecture<span class=\"screen-reader-text\"> de &laquo;&nbsp;Les Trente Glorieuses :&nbsp;&raquo;<\/span><\/a><\/p>\n","protected":false},"author":822,"featured_media":0,"parent":0,"menu_order":0,"comment_status":"closed","ping_status":"closed","template":"","meta":[],"_links":{"self":[{"href":"https:\/\/blogs.univ-jfc.fr\/vphn\/wp-json\/wp\/v2\/pages\/12105"}],"collection":[{"href":"https:\/\/blogs.univ-jfc.fr\/vphn\/wp-json\/wp\/v2\/pages"}],"about":[{"href":"https:\/\/blogs.univ-jfc.fr\/vphn\/wp-json\/wp\/v2\/types\/page"}],"author":[{"embeddable":true,"href":"https:\/\/blogs.univ-jfc.fr\/vphn\/wp-json\/wp\/v2\/users\/822"}],"replies":[{"embeddable":true,"href":"https:\/\/blogs.univ-jfc.fr\/vphn\/wp-json\/wp\/v2\/comments?post=12105"}],"version-history":[{"count":1,"href":"https:\/\/blogs.univ-jfc.fr\/vphn\/wp-json\/wp\/v2\/pages\/12105\/revisions"}],"predecessor-version":[{"id":12106,"href":"https:\/\/blogs.univ-jfc.fr\/vphn\/wp-json\/wp\/v2\/pages\/12105\/revisions\/12106"}],"wp:attachment":[{"href":"https:\/\/blogs.univ-jfc.fr\/vphn\/wp-json\/wp\/v2\/media?parent=12105"}],"curies":[{"name":"wp","href":"https:\/\/api.w.org\/{rel}","templated":true}]}}