{"id":12107,"date":"2023-03-30T13:31:34","date_gmt":"2023-03-30T11:31:34","guid":{"rendered":"http:\/\/blogs.univ-jfc.fr\/vphn\/?page_id=12107"},"modified":"2023-03-30T13:31:34","modified_gmt":"2023-03-30T11:31:34","slug":"pierre-de-fermat","status":"publish","type":"page","link":"https:\/\/blogs.univ-jfc.fr\/vphn\/pierre-de-fermat\/","title":{"rendered":"Pierre de Fermat :"},"content":{"rendered":"\n<p>Math\u00e9maticien fran\u00e7ais du XVIIe si\u00e8cle, il est originaire du sud-ouest et a pu ajouter cette particule de noblesse \u201cde\u201d \u00e0 son nom puisqu\u2019il a eu des fonctions parlementaires dans sa vie. N\u2019ayant pas r\u00e9dig\u00e9 de grands ouvrages, ses correspondances sont les seules h\u00e9ritages de ses travaux avec un c\u00e9l\u00e8bre th\u00e9or\u00e8me que ses contemporains ont mis pr\u00e8s de 250 ans \u00e0 d\u00e9chiffrer ; La conjecture de Fermat. Avec Blaise Pascal, il d\u00e9finit les bases de la probabilit\u00e9 et ses premi\u00e8res exp\u00e9riences ont inspir\u00e9 Isaac Newton pour sa th\u00e9orie de la gravit\u00e9. Ren\u00e9 Descartes, un c\u00e9l\u00e8bre philosophe, avec qui il a \u00e9galement \u00e9chang\u00e9, lui aurait inspir\u00e9 le d\u00e9chiffrement d\u2019une courbe \u00e0 partir d\u2019une expression alg\u00e9brique. On lui doit aussi le raisonnement par l\u2019absurde ainsi que l\u2019arithm\u00e9tique en tant que branche bien distincte des math\u00e9matiques.<\/p>\n\n\n\n<figure class=\"wp-block-image size-large\"><img src=\"https:\/\/upload.wikimedia.org\/wikipedia\/commons\/f\/f3\/Pierre_de_Fermat.jpg\" alt=\"\" \/><figcaption>Portrait de Pierre de Fermat.<\/figcaption><\/figure>\n","protected":false},"excerpt":{"rendered":"<p>Math\u00e9maticien fran\u00e7ais du XVIIe si\u00e8cle, il est originaire du sud-ouest et a pu ajouter cette particule de noblesse \u201cde\u201d \u00e0 son nom puisqu\u2019il a eu des fonctions parlementaires dans sa vie. N\u2019ayant pas r\u00e9dig\u00e9 de grands ouvrages, ses correspondances sont les seules h\u00e9ritages de ses travaux avec un c\u00e9l\u00e8bre th\u00e9or\u00e8me que ses contemporains ont mis &hellip; <\/p>\n<p class=\"link-more\"><a href=\"https:\/\/blogs.univ-jfc.fr\/vphn\/pierre-de-fermat\/\" class=\"more-link\">Continuer la lecture<span class=\"screen-reader-text\"> de &laquo;&nbsp;Pierre de Fermat :&nbsp;&raquo;<\/span><\/a><\/p>\n","protected":false},"author":822,"featured_media":0,"parent":0,"menu_order":0,"comment_status":"closed","ping_status":"closed","template":"","meta":[],"_links":{"self":[{"href":"https:\/\/blogs.univ-jfc.fr\/vphn\/wp-json\/wp\/v2\/pages\/12107"}],"collection":[{"href":"https:\/\/blogs.univ-jfc.fr\/vphn\/wp-json\/wp\/v2\/pages"}],"about":[{"href":"https:\/\/blogs.univ-jfc.fr\/vphn\/wp-json\/wp\/v2\/types\/page"}],"author":[{"embeddable":true,"href":"https:\/\/blogs.univ-jfc.fr\/vphn\/wp-json\/wp\/v2\/users\/822"}],"replies":[{"embeddable":true,"href":"https:\/\/blogs.univ-jfc.fr\/vphn\/wp-json\/wp\/v2\/comments?post=12107"}],"version-history":[{"count":1,"href":"https:\/\/blogs.univ-jfc.fr\/vphn\/wp-json\/wp\/v2\/pages\/12107\/revisions"}],"predecessor-version":[{"id":12108,"href":"https:\/\/blogs.univ-jfc.fr\/vphn\/wp-json\/wp\/v2\/pages\/12107\/revisions\/12108"}],"wp:attachment":[{"href":"https:\/\/blogs.univ-jfc.fr\/vphn\/wp-json\/wp\/v2\/media?parent=12107"}],"curies":[{"name":"wp","href":"https:\/\/api.w.org\/{rel}","templated":true}]}}