{"id":12109,"date":"2023-03-30T13:33:15","date_gmt":"2023-03-30T11:33:15","guid":{"rendered":"http:\/\/blogs.univ-jfc.fr\/vphn\/?page_id=12109"},"modified":"2023-03-30T13:33:15","modified_gmt":"2023-03-30T11:33:15","slug":"louis-le-grand","status":"publish","type":"page","link":"https:\/\/blogs.univ-jfc.fr\/vphn\/louis-le-grand\/","title":{"rendered":"Louis le Grand :"},"content":{"rendered":"\n<p>Louis XVI, roi de France de 1651 \u00e0 1715, a \u00e9t\u00e9 l\u2019un des monarques absolu de la dynastie des Bourbons le plus puissant et dont le r\u00e8gne a \u00e9t\u00e9 le plus long. A la mort de son p\u00e8re, Louis XIII, le jeune h\u00e9ritier n\u2019a pas l\u2019\u00e2ge requis pour gouverner et c\u2019est donc sa m\u00e8re, Anne d\u2019Autriche et le principal ministre d\u2019Etat, Jules Mazarin qui assurent la r\u00e9gence du royaume de France. Ayant d\u00e9cid\u00e9 la construction d\u2019un palais gigantesque \u00e0 Versailles afin de montrer la puissance de son \u00c9tat, le Ch\u00e2teau de Versailles a \u00e9t\u00e9 la r\u00e9sidence officielle de tous les rois de France jusqu\u2019en 1789. Qualifi\u00e9 de roi Soleil, ses conqu\u00eates militaires et ses pouvoirs \u00e9tendus ont permis \u00e0 la France de rayonner dans toute l\u2019Europe voir dans le monde entier.\u00a0<\/p>\n\n\n\n<figure class=\"wp-block-image size-large\"><img src=\"https:\/\/www.pagesjaunes.fr\/media\/ugc\/lycee_general_louis_le_grand_07505600_213620435\" alt=\"\" \/><figcaption>Devanture du lyc\u00e9e portant le nom de Louis le Grand \u00e0 Paris.<\/figcaption><\/figure>\n\n\n\n<p><\/p>\n","protected":false},"excerpt":{"rendered":"<p>Louis XVI, roi de France de 1651 \u00e0 1715, a \u00e9t\u00e9 l\u2019un des monarques absolu de la dynastie des Bourbons le plus puissant et dont le r\u00e8gne a \u00e9t\u00e9 le plus long. A la mort de son p\u00e8re, Louis XIII, le jeune h\u00e9ritier n\u2019a pas l\u2019\u00e2ge requis pour gouverner et c\u2019est donc sa m\u00e8re, Anne &hellip; <\/p>\n<p class=\"link-more\"><a href=\"https:\/\/blogs.univ-jfc.fr\/vphn\/louis-le-grand\/\" class=\"more-link\">Continuer la lecture<span class=\"screen-reader-text\"> de &laquo;&nbsp;Louis le Grand :&nbsp;&raquo;<\/span><\/a><\/p>\n","protected":false},"author":822,"featured_media":0,"parent":0,"menu_order":0,"comment_status":"closed","ping_status":"closed","template":"","meta":[],"_links":{"self":[{"href":"https:\/\/blogs.univ-jfc.fr\/vphn\/wp-json\/wp\/v2\/pages\/12109"}],"collection":[{"href":"https:\/\/blogs.univ-jfc.fr\/vphn\/wp-json\/wp\/v2\/pages"}],"about":[{"href":"https:\/\/blogs.univ-jfc.fr\/vphn\/wp-json\/wp\/v2\/types\/page"}],"author":[{"embeddable":true,"href":"https:\/\/blogs.univ-jfc.fr\/vphn\/wp-json\/wp\/v2\/users\/822"}],"replies":[{"embeddable":true,"href":"https:\/\/blogs.univ-jfc.fr\/vphn\/wp-json\/wp\/v2\/comments?post=12109"}],"version-history":[{"count":1,"href":"https:\/\/blogs.univ-jfc.fr\/vphn\/wp-json\/wp\/v2\/pages\/12109\/revisions"}],"predecessor-version":[{"id":12111,"href":"https:\/\/blogs.univ-jfc.fr\/vphn\/wp-json\/wp\/v2\/pages\/12109\/revisions\/12111"}],"wp:attachment":[{"href":"https:\/\/blogs.univ-jfc.fr\/vphn\/wp-json\/wp\/v2\/media?parent=12109"}],"curies":[{"name":"wp","href":"https:\/\/api.w.org\/{rel}","templated":true}]}}