{"id":12112,"date":"2023-03-30T13:34:31","date_gmt":"2023-03-30T11:34:31","guid":{"rendered":"http:\/\/blogs.univ-jfc.fr\/vphn\/?page_id=12112"},"modified":"2023-03-30T13:34:31","modified_gmt":"2023-03-30T11:34:31","slug":"aime-cesaire","status":"publish","type":"page","link":"https:\/\/blogs.univ-jfc.fr\/vphn\/aime-cesaire\/","title":{"rendered":"Aim\u00e9 C\u00e9saire :"},"content":{"rendered":"\n<p>Homme de lettres fran\u00e7ais, Aim\u00e9 C\u00e9saire est un po\u00e8te d\u2019origine martiniquaise dont le parcours scolaire brillant lui a permis d\u2019arriver en classe pr\u00e9paratoire litt\u00e9raire \u00e0 Paris au cours de l\u2019ann\u00e9e 1931. Avec L\u00e9opold Sedar Senghor, il d\u00e9veloppe le terme de \u201cn\u00e9gritude\u201d et affirme ainsi son identit\u00e9 de fran\u00e7ais de couleurs. Durant ses \u00e9tudes, il fonde un journal \u201cL\u2019Etudiant Noir\u201d, avec des \u00e9tudiants antillais, guyanais et africains afin de r\u00e9affirmer les personnalit\u00e9s des peuples colonis\u00e9s. D\u00e9c\u00e9d\u00e9 en 2008, il a eu une carri\u00e8re politique et artistique, riche de po\u00e8mes engag\u00e9s et anti-colonialiste. Ses principales \u0153uvres sont \u201cCahier d\u2019un retour au pays natal\u201d en 1939, \u201cDiscours sur le colonialisme\u201d de 1950 ou encore une pi\u00e8ce de th\u00e9\u00e2tre s\u2019intitulant \u201cUne saison au Congo\u201d et sorti en 1966.\u00a0<\/p>\n\n\n\n<p><\/p>\n\n\n\n<figure class=\"wp-block-image size-large\"><img src=\"https:\/\/www.bnf.fr\/sites\/default\/files\/2019-07\/portrait-c%C3%A9saire.jpg\" alt=\"\" \/><figcaption>Portrait officiel d&rsquo;Aim\u00e9 C\u00e9saire \u00e0 l&rsquo;assembl\u00e9e nationale.<\/figcaption><\/figure>\n\n\n\n<p><\/p>\n","protected":false},"excerpt":{"rendered":"<p>Homme de lettres fran\u00e7ais, Aim\u00e9 C\u00e9saire est un po\u00e8te d\u2019origine martiniquaise dont le parcours scolaire brillant lui a permis d\u2019arriver en classe pr\u00e9paratoire litt\u00e9raire \u00e0 Paris au cours de l\u2019ann\u00e9e 1931. Avec L\u00e9opold Sedar Senghor, il d\u00e9veloppe le terme de \u201cn\u00e9gritude\u201d et affirme ainsi son identit\u00e9 de fran\u00e7ais de couleurs. Durant ses \u00e9tudes, il fonde &hellip; <\/p>\n<p class=\"link-more\"><a href=\"https:\/\/blogs.univ-jfc.fr\/vphn\/aime-cesaire\/\" class=\"more-link\">Continuer la lecture<span class=\"screen-reader-text\"> de &laquo;&nbsp;Aim\u00e9 C\u00e9saire :&nbsp;&raquo;<\/span><\/a><\/p>\n","protected":false},"author":822,"featured_media":0,"parent":0,"menu_order":0,"comment_status":"closed","ping_status":"closed","template":"","meta":[],"_links":{"self":[{"href":"https:\/\/blogs.univ-jfc.fr\/vphn\/wp-json\/wp\/v2\/pages\/12112"}],"collection":[{"href":"https:\/\/blogs.univ-jfc.fr\/vphn\/wp-json\/wp\/v2\/pages"}],"about":[{"href":"https:\/\/blogs.univ-jfc.fr\/vphn\/wp-json\/wp\/v2\/types\/page"}],"author":[{"embeddable":true,"href":"https:\/\/blogs.univ-jfc.fr\/vphn\/wp-json\/wp\/v2\/users\/822"}],"replies":[{"embeddable":true,"href":"https:\/\/blogs.univ-jfc.fr\/vphn\/wp-json\/wp\/v2\/comments?post=12112"}],"version-history":[{"count":1,"href":"https:\/\/blogs.univ-jfc.fr\/vphn\/wp-json\/wp\/v2\/pages\/12112\/revisions"}],"predecessor-version":[{"id":12114,"href":"https:\/\/blogs.univ-jfc.fr\/vphn\/wp-json\/wp\/v2\/pages\/12112\/revisions\/12114"}],"wp:attachment":[{"href":"https:\/\/blogs.univ-jfc.fr\/vphn\/wp-json\/wp\/v2\/media?parent=12112"}],"curies":[{"name":"wp","href":"https:\/\/api.w.org\/{rel}","templated":true}]}}