{"id":12118,"date":"2023-03-30T13:35:20","date_gmt":"2023-03-30T11:35:20","guid":{"rendered":"http:\/\/blogs.univ-jfc.fr\/vphn\/?page_id=12118"},"modified":"2023-03-30T13:35:20","modified_gmt":"2023-03-30T11:35:20","slug":"sfio","status":"publish","type":"page","link":"https:\/\/blogs.univ-jfc.fr\/vphn\/sfio\/","title":{"rendered":"SFIO :"},"content":{"rendered":"\n<p>En 1905, la Section Fran\u00e7aise de l\u2019Internationale ouvri\u00e8re est cr\u00e9\u00e9e, suite \u00e0 la division du parti socialiste. Les anarchistes ne s&rsquo;associent pas \u00e0 cette unification. Ce parti politique a notamment pris position dans la politique coloniale et le nationalisme belliciste. Cependant, il y a encore des divergences sur les questions d&rsquo;actualit\u00e9. Mais c&rsquo;est sur la question de la guerre que la rupture intervient nettement. L\u2019une des figures essentielles est Jean Jaur\u00e8s, un homme politique de gauche \u00e9loquent et pacifiste. En 1969, la SFIO devient le Parti Socialiste.<\/p>\n","protected":false},"excerpt":{"rendered":"<p>En 1905, la Section Fran\u00e7aise de l\u2019Internationale ouvri\u00e8re est cr\u00e9\u00e9e, suite \u00e0 la division du parti socialiste. Les anarchistes ne s&rsquo;associent pas \u00e0 cette unification. Ce parti politique a notamment pris position dans la politique coloniale et le nationalisme belliciste. Cependant, il y a encore des divergences sur les questions d&rsquo;actualit\u00e9. Mais c&rsquo;est sur la &hellip; <\/p>\n<p class=\"link-more\"><a href=\"https:\/\/blogs.univ-jfc.fr\/vphn\/sfio\/\" class=\"more-link\">Continuer la lecture<span class=\"screen-reader-text\"> de &laquo;&nbsp;SFIO :&nbsp;&raquo;<\/span><\/a><\/p>\n","protected":false},"author":822,"featured_media":0,"parent":0,"menu_order":0,"comment_status":"closed","ping_status":"closed","template":"","meta":[],"_links":{"self":[{"href":"https:\/\/blogs.univ-jfc.fr\/vphn\/wp-json\/wp\/v2\/pages\/12118"}],"collection":[{"href":"https:\/\/blogs.univ-jfc.fr\/vphn\/wp-json\/wp\/v2\/pages"}],"about":[{"href":"https:\/\/blogs.univ-jfc.fr\/vphn\/wp-json\/wp\/v2\/types\/page"}],"author":[{"embeddable":true,"href":"https:\/\/blogs.univ-jfc.fr\/vphn\/wp-json\/wp\/v2\/users\/822"}],"replies":[{"embeddable":true,"href":"https:\/\/blogs.univ-jfc.fr\/vphn\/wp-json\/wp\/v2\/comments?post=12118"}],"version-history":[{"count":1,"href":"https:\/\/blogs.univ-jfc.fr\/vphn\/wp-json\/wp\/v2\/pages\/12118\/revisions"}],"predecessor-version":[{"id":12119,"href":"https:\/\/blogs.univ-jfc.fr\/vphn\/wp-json\/wp\/v2\/pages\/12118\/revisions\/12119"}],"wp:attachment":[{"href":"https:\/\/blogs.univ-jfc.fr\/vphn\/wp-json\/wp\/v2\/media?parent=12118"}],"curies":[{"name":"wp","href":"https:\/\/api.w.org\/{rel}","templated":true}]}}