{"id":12121,"date":"2023-03-30T13:37:44","date_gmt":"2023-03-30T11:37:44","guid":{"rendered":"http:\/\/blogs.univ-jfc.fr\/vphn\/?page_id=12121"},"modified":"2023-03-30T13:37:44","modified_gmt":"2023-03-30T11:37:44","slug":"lecole-libre-des-sciences-politiques","status":"publish","type":"page","link":"https:\/\/blogs.univ-jfc.fr\/vphn\/lecole-libre-des-sciences-politiques\/","title":{"rendered":"L&rsquo;\u00e9cole libre des sciences politiques :"},"content":{"rendered":"\n<p>L&rsquo;\u00c9cole libre des sciences politiques (ELSP), appel\u00e9e plus commun\u00e9ment\u00a0 \u201cSciences Po\u201d, est un \u00e9tablissement fran\u00e7ais priv\u00e9 d&rsquo;enseignement sup\u00e9rieur .<\/p>\n\n\n\n<p><\/p>\n\n\n\n<figure class=\"wp-block-image size-large\"><img src=\"https:\/\/www.amc-archi.com\/mediatheque\/1\/6\/5\/000374561\/sciences-po-renovation-extension-campus-parisien.jpg\" alt=\"\" \/><figcaption>Campus de l&rsquo;\u00e9cole Science Politique, Paris.<\/figcaption><\/figure>\n\n\n\n<p><\/p>\n","protected":false},"excerpt":{"rendered":"<p>L&rsquo;\u00c9cole libre des sciences politiques (ELSP), appel\u00e9e plus commun\u00e9ment\u00a0 \u201cSciences Po\u201d, est un \u00e9tablissement fran\u00e7ais priv\u00e9 d&rsquo;enseignement sup\u00e9rieur .<\/p>\n","protected":false},"author":822,"featured_media":0,"parent":0,"menu_order":0,"comment_status":"closed","ping_status":"closed","template":"","meta":[],"_links":{"self":[{"href":"https:\/\/blogs.univ-jfc.fr\/vphn\/wp-json\/wp\/v2\/pages\/12121"}],"collection":[{"href":"https:\/\/blogs.univ-jfc.fr\/vphn\/wp-json\/wp\/v2\/pages"}],"about":[{"href":"https:\/\/blogs.univ-jfc.fr\/vphn\/wp-json\/wp\/v2\/types\/page"}],"author":[{"embeddable":true,"href":"https:\/\/blogs.univ-jfc.fr\/vphn\/wp-json\/wp\/v2\/users\/822"}],"replies":[{"embeddable":true,"href":"https:\/\/blogs.univ-jfc.fr\/vphn\/wp-json\/wp\/v2\/comments?post=12121"}],"version-history":[{"count":1,"href":"https:\/\/blogs.univ-jfc.fr\/vphn\/wp-json\/wp\/v2\/pages\/12121\/revisions"}],"predecessor-version":[{"id":12122,"href":"https:\/\/blogs.univ-jfc.fr\/vphn\/wp-json\/wp\/v2\/pages\/12121\/revisions\/12122"}],"wp:attachment":[{"href":"https:\/\/blogs.univ-jfc.fr\/vphn\/wp-json\/wp\/v2\/media?parent=12121"}],"curies":[{"name":"wp","href":"https:\/\/api.w.org\/{rel}","templated":true}]}}