{"id":12125,"date":"2023-03-30T13:39:09","date_gmt":"2023-03-30T11:39:09","guid":{"rendered":"http:\/\/blogs.univ-jfc.fr\/vphn\/?page_id=12125"},"modified":"2023-03-30T13:39:09","modified_gmt":"2023-03-30T11:39:09","slug":"la-croix-de-guerre","status":"publish","type":"page","link":"https:\/\/blogs.univ-jfc.fr\/vphn\/la-croix-de-guerre\/","title":{"rendered":"La croix de guerre :"},"content":{"rendered":"\n<p>La croix de Guerre est une d\u00e9coration militaire qui r\u00e9compensait les militaires, civils, des unit\u00e9s, villes et institution car elles ont accompli un fait de guerre important qui rel\u00e8ve d\u2019un grand courage ou d\u2019une \u00e9nergie durant la seconde guerre mondiale.<\/p>\n\n\n\n<figure class=\"wp-block-image size-large\"><img src=\"https:\/\/morange-candas.com\/wp-content\/uploads\/croix_guerre_3945-3-510x765.jpg\" alt=\"\" \/><figcaption>Croix de guerre 1939-1945.<\/figcaption><\/figure>\n\n\n\n<p><\/p>\n","protected":false},"excerpt":{"rendered":"<p>La croix de Guerre est une d\u00e9coration militaire qui r\u00e9compensait les militaires, civils, des unit\u00e9s, villes et institution car elles ont accompli un fait de guerre important qui rel\u00e8ve d\u2019un grand courage ou d\u2019une \u00e9nergie durant la seconde guerre mondiale.<\/p>\n","protected":false},"author":822,"featured_media":0,"parent":0,"menu_order":0,"comment_status":"closed","ping_status":"closed","template":"","meta":[],"_links":{"self":[{"href":"https:\/\/blogs.univ-jfc.fr\/vphn\/wp-json\/wp\/v2\/pages\/12125"}],"collection":[{"href":"https:\/\/blogs.univ-jfc.fr\/vphn\/wp-json\/wp\/v2\/pages"}],"about":[{"href":"https:\/\/blogs.univ-jfc.fr\/vphn\/wp-json\/wp\/v2\/types\/page"}],"author":[{"embeddable":true,"href":"https:\/\/blogs.univ-jfc.fr\/vphn\/wp-json\/wp\/v2\/users\/822"}],"replies":[{"embeddable":true,"href":"https:\/\/blogs.univ-jfc.fr\/vphn\/wp-json\/wp\/v2\/comments?post=12125"}],"version-history":[{"count":1,"href":"https:\/\/blogs.univ-jfc.fr\/vphn\/wp-json\/wp\/v2\/pages\/12125\/revisions"}],"predecessor-version":[{"id":12129,"href":"https:\/\/blogs.univ-jfc.fr\/vphn\/wp-json\/wp\/v2\/pages\/12125\/revisions\/12129"}],"wp:attachment":[{"href":"https:\/\/blogs.univ-jfc.fr\/vphn\/wp-json\/wp\/v2\/media?parent=12125"}],"curies":[{"name":"wp","href":"https:\/\/api.w.org\/{rel}","templated":true}]}}