{"id":12130,"date":"2023-03-30T13:39:59","date_gmt":"2023-03-30T11:39:59","guid":{"rendered":"http:\/\/blogs.univ-jfc.fr\/vphn\/?page_id=12130"},"modified":"2023-03-30T13:39:59","modified_gmt":"2023-03-30T11:39:59","slug":"gouvernement-provisoire-de-la-republique-francaise","status":"publish","type":"page","link":"https:\/\/blogs.univ-jfc.fr\/vphn\/gouvernement-provisoire-de-la-republique-francaise\/","title":{"rendered":"Gouvernement provisoire de la R\u00e9publique Fran\u00e7aise"},"content":{"rendered":"\n<p>Pr\u00e9sid\u00e9 par le g\u00e9n\u00e9ral de Gaulle, le Gouvernement provisoire de la R\u00e9publique Fran\u00e7aise est \u201cl\u2019institution\u201d qui repr\u00e9sente la nation ( Reconnu officiellement par les Alli\u00e9s le 3 octobre 1944). Dans le but d&rsquo;\u00e9viter que la France soit administr\u00e9e par ses Alli\u00e9s de cette p\u00e9riode. L\u2019objectif de ce gouvernement provisoire est de r\u00e9tablir les institutions r\u00e9publicaines.<\/p>\n","protected":false},"excerpt":{"rendered":"<p>Pr\u00e9sid\u00e9 par le g\u00e9n\u00e9ral de Gaulle, le Gouvernement provisoire de la R\u00e9publique Fran\u00e7aise est \u201cl\u2019institution\u201d qui repr\u00e9sente la nation ( Reconnu officiellement par les Alli\u00e9s le 3 octobre 1944). Dans le but d&rsquo;\u00e9viter que la France soit administr\u00e9e par ses Alli\u00e9s de cette p\u00e9riode. L\u2019objectif de ce gouvernement provisoire est de r\u00e9tablir les institutions r\u00e9publicaines.<\/p>\n","protected":false},"author":822,"featured_media":0,"parent":0,"menu_order":0,"comment_status":"closed","ping_status":"closed","template":"","meta":[],"_links":{"self":[{"href":"https:\/\/blogs.univ-jfc.fr\/vphn\/wp-json\/wp\/v2\/pages\/12130"}],"collection":[{"href":"https:\/\/blogs.univ-jfc.fr\/vphn\/wp-json\/wp\/v2\/pages"}],"about":[{"href":"https:\/\/blogs.univ-jfc.fr\/vphn\/wp-json\/wp\/v2\/types\/page"}],"author":[{"embeddable":true,"href":"https:\/\/blogs.univ-jfc.fr\/vphn\/wp-json\/wp\/v2\/users\/822"}],"replies":[{"embeddable":true,"href":"https:\/\/blogs.univ-jfc.fr\/vphn\/wp-json\/wp\/v2\/comments?post=12130"}],"version-history":[{"count":1,"href":"https:\/\/blogs.univ-jfc.fr\/vphn\/wp-json\/wp\/v2\/pages\/12130\/revisions"}],"predecessor-version":[{"id":12131,"href":"https:\/\/blogs.univ-jfc.fr\/vphn\/wp-json\/wp\/v2\/pages\/12130\/revisions\/12131"}],"wp:attachment":[{"href":"https:\/\/blogs.univ-jfc.fr\/vphn\/wp-json\/wp\/v2\/media?parent=12130"}],"curies":[{"name":"wp","href":"https:\/\/api.w.org\/{rel}","templated":true}]}}