{"id":12132,"date":"2023-03-30T13:40:28","date_gmt":"2023-03-30T11:40:28","guid":{"rendered":"http:\/\/blogs.univ-jfc.fr\/vphn\/?page_id=12132"},"modified":"2023-03-30T13:40:28","modified_gmt":"2023-03-30T11:40:28","slug":"udr","status":"publish","type":"page","link":"https:\/\/blogs.univ-jfc.fr\/vphn\/udr\/","title":{"rendered":"UDR :"},"content":{"rendered":"\n<p>L\u2019Union des d\u00e9mocrates pour la R\u00e9publique est le nom du parti gaulliste, de 1971 \u00e0 1976, en remplacement de celui d&rsquo;Union pour la d\u00e9fense de la R\u00e9publique, port\u00e9 de 1968 \u00e0 1971.<\/p>\n","protected":false},"excerpt":{"rendered":"<p>L\u2019Union des d\u00e9mocrates pour la R\u00e9publique est le nom du parti gaulliste, de 1971 \u00e0 1976, en remplacement de celui d&rsquo;Union pour la d\u00e9fense de la R\u00e9publique, port\u00e9 de 1968 \u00e0 1971.<\/p>\n","protected":false},"author":822,"featured_media":0,"parent":0,"menu_order":0,"comment_status":"closed","ping_status":"closed","template":"","meta":[],"_links":{"self":[{"href":"https:\/\/blogs.univ-jfc.fr\/vphn\/wp-json\/wp\/v2\/pages\/12132"}],"collection":[{"href":"https:\/\/blogs.univ-jfc.fr\/vphn\/wp-json\/wp\/v2\/pages"}],"about":[{"href":"https:\/\/blogs.univ-jfc.fr\/vphn\/wp-json\/wp\/v2\/types\/page"}],"author":[{"embeddable":true,"href":"https:\/\/blogs.univ-jfc.fr\/vphn\/wp-json\/wp\/v2\/users\/822"}],"replies":[{"embeddable":true,"href":"https:\/\/blogs.univ-jfc.fr\/vphn\/wp-json\/wp\/v2\/comments?post=12132"}],"version-history":[{"count":1,"href":"https:\/\/blogs.univ-jfc.fr\/vphn\/wp-json\/wp\/v2\/pages\/12132\/revisions"}],"predecessor-version":[{"id":12133,"href":"https:\/\/blogs.univ-jfc.fr\/vphn\/wp-json\/wp\/v2\/pages\/12132\/revisions\/12133"}],"wp:attachment":[{"href":"https:\/\/blogs.univ-jfc.fr\/vphn\/wp-json\/wp\/v2\/media?parent=12132"}],"curies":[{"name":"wp","href":"https:\/\/api.w.org\/{rel}","templated":true}]}}