{"id":12134,"date":"2023-03-30T13:41:36","date_gmt":"2023-03-30T11:41:36","guid":{"rendered":"http:\/\/blogs.univ-jfc.fr\/vphn\/?page_id=12134"},"modified":"2023-03-30T13:41:36","modified_gmt":"2023-03-30T11:41:36","slug":"alain-poher","status":"publish","type":"page","link":"https:\/\/blogs.univ-jfc.fr\/vphn\/alain-poher\/","title":{"rendered":"Alain Poher :"},"content":{"rendered":"\n<p>Alain Poher est un homme politique n\u00e9 en 1909, qui \u00e0 \u00e9t\u00e9 pr\u00e9sident du S\u00e9nat de 1968 \u00e0 1992 et pr\u00e9sident de la R\u00e9publique par int\u00e9rim en 1969 et en 1974.<\/p>\n\n\n\n<figure class=\"wp-block-image size-large\"><img src=\"https:\/\/www.publicsenat.fr\/sites\/default\/files\/styles\/pse_rte_moyen\/public\/thumbnails\/image\/poher_elysee.jpg?itok=83M4bbp2\" alt=\"\" \/><figcaption>Portrait officiel d&rsquo;Alain Poher \u00e0 l&rsquo;\u00c9lys\u00e9e, Paris.<\/figcaption><\/figure>\n\n\n\n<p><\/p>\n","protected":false},"excerpt":{"rendered":"<p>Alain Poher est un homme politique n\u00e9 en 1909, qui \u00e0 \u00e9t\u00e9 pr\u00e9sident du S\u00e9nat de 1968 \u00e0 1992 et pr\u00e9sident de la R\u00e9publique par int\u00e9rim en 1969 et en 1974.<\/p>\n","protected":false},"author":822,"featured_media":0,"parent":0,"menu_order":0,"comment_status":"closed","ping_status":"closed","template":"","meta":[],"_links":{"self":[{"href":"https:\/\/blogs.univ-jfc.fr\/vphn\/wp-json\/wp\/v2\/pages\/12134"}],"collection":[{"href":"https:\/\/blogs.univ-jfc.fr\/vphn\/wp-json\/wp\/v2\/pages"}],"about":[{"href":"https:\/\/blogs.univ-jfc.fr\/vphn\/wp-json\/wp\/v2\/types\/page"}],"author":[{"embeddable":true,"href":"https:\/\/blogs.univ-jfc.fr\/vphn\/wp-json\/wp\/v2\/users\/822"}],"replies":[{"embeddable":true,"href":"https:\/\/blogs.univ-jfc.fr\/vphn\/wp-json\/wp\/v2\/comments?post=12134"}],"version-history":[{"count":1,"href":"https:\/\/blogs.univ-jfc.fr\/vphn\/wp-json\/wp\/v2\/pages\/12134\/revisions"}],"predecessor-version":[{"id":12135,"href":"https:\/\/blogs.univ-jfc.fr\/vphn\/wp-json\/wp\/v2\/pages\/12134\/revisions\/12135"}],"wp:attachment":[{"href":"https:\/\/blogs.univ-jfc.fr\/vphn\/wp-json\/wp\/v2\/media?parent=12134"}],"curies":[{"name":"wp","href":"https:\/\/api.w.org\/{rel}","templated":true}]}}