{"id":12136,"date":"2023-03-30T13:43:18","date_gmt":"2023-03-30T11:43:18","guid":{"rendered":"http:\/\/blogs.univ-jfc.fr\/vphn\/?page_id=12136"},"modified":"2023-03-30T13:43:18","modified_gmt":"2023-03-30T11:43:18","slug":"jacques-chaban-delmas","status":"publish","type":"page","link":"https:\/\/blogs.univ-jfc.fr\/vphn\/jacques-chaban-delmas\/","title":{"rendered":"Jacques Chaban-Delmas"},"content":{"rendered":"\n<p>Jacques Chaban-Delmas est un homme politique tr\u00e8s impliqu\u00e9 dans la R\u00e9sistance,il\u00a0 s&rsquo;ancre \u00e0 Bordeaux dont il fut le maire pendant quarante-huit ans. Fervent soutien du g\u00e9n\u00e9ral De Gaulle durant seize ans pr\u00e9sident de l\u2019Assembl\u00e9e nationale, Premier ministre du pr\u00e9sident Georges Pompidou de 1969 \u00e0 1972, sa carri\u00e8re politique traverse toute la seconde moiti\u00e9 du XXe si\u00e8cle.<\/p>\n\n\n\n<p><\/p>\n\n\n\n<figure class=\"wp-block-image size-large\"><img src=\"https:\/\/upload.wikimedia.org\/wikipedia\/commons\/c\/c6\/EEG-conferentie_Den_Haag_Jacques_Chaban-Delmas_%28cropped%29.jpg\" alt=\"\" \/><figcaption>Clich\u00e9 de Jacques Chaban-Delmas, 1969.<\/figcaption><\/figure>\n","protected":false},"excerpt":{"rendered":"<p>Jacques Chaban-Delmas est un homme politique tr\u00e8s impliqu\u00e9 dans la R\u00e9sistance,il\u00a0 s&rsquo;ancre \u00e0 Bordeaux dont il fut le maire pendant quarante-huit ans. Fervent soutien du g\u00e9n\u00e9ral De Gaulle durant seize ans pr\u00e9sident de l\u2019Assembl\u00e9e nationale, Premier ministre du pr\u00e9sident Georges Pompidou de 1969 \u00e0 1972, sa carri\u00e8re politique traverse toute la seconde moiti\u00e9 du XXe &hellip; <\/p>\n<p class=\"link-more\"><a href=\"https:\/\/blogs.univ-jfc.fr\/vphn\/jacques-chaban-delmas\/\" class=\"more-link\">Continuer la lecture<span class=\"screen-reader-text\"> de &laquo;&nbsp;Jacques Chaban-Delmas&nbsp;&raquo;<\/span><\/a><\/p>\n","protected":false},"author":822,"featured_media":0,"parent":0,"menu_order":0,"comment_status":"closed","ping_status":"closed","template":"","meta":[],"_links":{"self":[{"href":"https:\/\/blogs.univ-jfc.fr\/vphn\/wp-json\/wp\/v2\/pages\/12136"}],"collection":[{"href":"https:\/\/blogs.univ-jfc.fr\/vphn\/wp-json\/wp\/v2\/pages"}],"about":[{"href":"https:\/\/blogs.univ-jfc.fr\/vphn\/wp-json\/wp\/v2\/types\/page"}],"author":[{"embeddable":true,"href":"https:\/\/blogs.univ-jfc.fr\/vphn\/wp-json\/wp\/v2\/users\/822"}],"replies":[{"embeddable":true,"href":"https:\/\/blogs.univ-jfc.fr\/vphn\/wp-json\/wp\/v2\/comments?post=12136"}],"version-history":[{"count":1,"href":"https:\/\/blogs.univ-jfc.fr\/vphn\/wp-json\/wp\/v2\/pages\/12136\/revisions"}],"predecessor-version":[{"id":12138,"href":"https:\/\/blogs.univ-jfc.fr\/vphn\/wp-json\/wp\/v2\/pages\/12136\/revisions\/12138"}],"wp:attachment":[{"href":"https:\/\/blogs.univ-jfc.fr\/vphn\/wp-json\/wp\/v2\/media?parent=12136"}],"curies":[{"name":"wp","href":"https:\/\/api.w.org\/{rel}","templated":true}]}}