{"id":12139,"date":"2023-03-30T13:44:43","date_gmt":"2023-03-30T11:44:43","guid":{"rendered":"http:\/\/blogs.univ-jfc.fr\/vphn\/?page_id=12139"},"modified":"2023-03-30T13:44:43","modified_gmt":"2023-03-30T11:44:43","slug":"pierre-messmer","status":"publish","type":"page","link":"https:\/\/blogs.univ-jfc.fr\/vphn\/pierre-messmer\/","title":{"rendered":"Pierre Messmer :"},"content":{"rendered":"\n<p>Pierre Messmer, un autre fervent d\u00e9fenseur du gaullisme, ministre des Arm\u00e9es du g\u00e9n\u00e9ral de Gaulle pendant pr\u00e8s de dix ans, Pierre Messmer a \u00e9t\u00e9 nomm\u00e9 Premier ministre en 1972 par Georges Pompidou. L\u2019ancien gouverneur des colonies et grand officier de la France libre dirige trois gouvernements successifs. Son mandat se poursuit sous la pr\u00e9sidence par int\u00e9rim d&rsquo;Alain Poher et prend fin en mai 1974.<\/p>\n\n\n\n<p><\/p>\n\n\n\n<figure class=\"wp-block-image size-large is-resized\"><img loading=\"lazy\" src=\"https:\/\/upload.wikimedia.org\/wikipedia\/commons\/thumb\/8\/89\/Pierre_Messmer01_%28cropped_2%29.JPG\/220px-Pierre_Messmer01_%28cropped_2%29.JPG\" alt=\"\" width=\"220\" height=\"292\" \/><figcaption>Pierre Messmer en 1988.<\/figcaption><\/figure>\n","protected":false},"excerpt":{"rendered":"<p>Pierre Messmer, un autre fervent d\u00e9fenseur du gaullisme, ministre des Arm\u00e9es du g\u00e9n\u00e9ral de Gaulle pendant pr\u00e8s de dix ans, Pierre Messmer a \u00e9t\u00e9 nomm\u00e9 Premier ministre en 1972 par Georges Pompidou. L\u2019ancien gouverneur des colonies et grand officier de la France libre dirige trois gouvernements successifs. Son mandat se poursuit sous la pr\u00e9sidence par &hellip; <\/p>\n<p class=\"link-more\"><a href=\"https:\/\/blogs.univ-jfc.fr\/vphn\/pierre-messmer\/\" class=\"more-link\">Continuer la lecture<span class=\"screen-reader-text\"> de &laquo;&nbsp;Pierre Messmer :&nbsp;&raquo;<\/span><\/a><\/p>\n","protected":false},"author":822,"featured_media":0,"parent":0,"menu_order":0,"comment_status":"closed","ping_status":"closed","template":"","meta":[],"_links":{"self":[{"href":"https:\/\/blogs.univ-jfc.fr\/vphn\/wp-json\/wp\/v2\/pages\/12139"}],"collection":[{"href":"https:\/\/blogs.univ-jfc.fr\/vphn\/wp-json\/wp\/v2\/pages"}],"about":[{"href":"https:\/\/blogs.univ-jfc.fr\/vphn\/wp-json\/wp\/v2\/types\/page"}],"author":[{"embeddable":true,"href":"https:\/\/blogs.univ-jfc.fr\/vphn\/wp-json\/wp\/v2\/users\/822"}],"replies":[{"embeddable":true,"href":"https:\/\/blogs.univ-jfc.fr\/vphn\/wp-json\/wp\/v2\/comments?post=12139"}],"version-history":[{"count":1,"href":"https:\/\/blogs.univ-jfc.fr\/vphn\/wp-json\/wp\/v2\/pages\/12139\/revisions"}],"predecessor-version":[{"id":12141,"href":"https:\/\/blogs.univ-jfc.fr\/vphn\/wp-json\/wp\/v2\/pages\/12139\/revisions\/12141"}],"wp:attachment":[{"href":"https:\/\/blogs.univ-jfc.fr\/vphn\/wp-json\/wp\/v2\/media?parent=12139"}],"curies":[{"name":"wp","href":"https:\/\/api.w.org\/{rel}","templated":true}]}}