{"id":12146,"date":"2023-03-30T13:47:31","date_gmt":"2023-03-30T11:47:31","guid":{"rendered":"http:\/\/blogs.univ-jfc.fr\/vphn\/?page_id=12146"},"modified":"2023-03-30T13:47:31","modified_gmt":"2023-03-30T11:47:31","slug":"francois-morel","status":"publish","type":"page","link":"https:\/\/blogs.univ-jfc.fr\/vphn\/francois-morel\/","title":{"rendered":"Fran\u00e7ois Morel :"},"content":{"rendered":"\n<p>Fran\u00e7ois Morel est un acteur ,metteur en sc\u00e8ne ,humoriste , essayiste , chanteur et chroniqueur de radio fran\u00e7ais. Il travaille actuellement en tant que chroniqueur chez France Inter.<\/p>\n\n\n\n<p><\/p>\n\n\n\n<figure class=\"wp-block-image size-large\"><img src=\"https:\/\/upload.wikimedia.org\/wikipedia\/commons\/thumb\/f\/fc\/Paris_-_Salon_du_livre_de_Paris_2017_-_Fran%C3%A7ois_Morel_-_005.jpg\/260px-Paris_-_Salon_du_livre_de_Paris_2017_-_Fran%C3%A7ois_Morel_-_005.jpg\" alt=\"\" \/><figcaption>Fran\u00e7ois Morel en 2017.<\/figcaption><\/figure>\n","protected":false},"excerpt":{"rendered":"<p>Fran\u00e7ois Morel est un acteur ,metteur en sc\u00e8ne ,humoriste , essayiste , chanteur et chroniqueur de radio fran\u00e7ais. Il travaille actuellement en tant que chroniqueur chez France Inter.<\/p>\n","protected":false},"author":822,"featured_media":0,"parent":0,"menu_order":0,"comment_status":"closed","ping_status":"closed","template":"","meta":[],"_links":{"self":[{"href":"https:\/\/blogs.univ-jfc.fr\/vphn\/wp-json\/wp\/v2\/pages\/12146"}],"collection":[{"href":"https:\/\/blogs.univ-jfc.fr\/vphn\/wp-json\/wp\/v2\/pages"}],"about":[{"href":"https:\/\/blogs.univ-jfc.fr\/vphn\/wp-json\/wp\/v2\/types\/page"}],"author":[{"embeddable":true,"href":"https:\/\/blogs.univ-jfc.fr\/vphn\/wp-json\/wp\/v2\/users\/822"}],"replies":[{"embeddable":true,"href":"https:\/\/blogs.univ-jfc.fr\/vphn\/wp-json\/wp\/v2\/comments?post=12146"}],"version-history":[{"count":1,"href":"https:\/\/blogs.univ-jfc.fr\/vphn\/wp-json\/wp\/v2\/pages\/12146\/revisions"}],"predecessor-version":[{"id":12147,"href":"https:\/\/blogs.univ-jfc.fr\/vphn\/wp-json\/wp\/v2\/pages\/12146\/revisions\/12147"}],"wp:attachment":[{"href":"https:\/\/blogs.univ-jfc.fr\/vphn\/wp-json\/wp\/v2\/media?parent=12146"}],"curies":[{"name":"wp","href":"https:\/\/api.w.org\/{rel}","templated":true}]}}