{"id":12148,"date":"2023-03-30T13:48:27","date_gmt":"2023-03-30T11:48:27","guid":{"rendered":"http:\/\/blogs.univ-jfc.fr\/vphn\/?page_id=12148"},"modified":"2023-03-30T13:48:27","modified_gmt":"2023-03-30T11:48:27","slug":"pierre-baudis","status":"publish","type":"page","link":"https:\/\/blogs.univ-jfc.fr\/vphn\/pierre-baudis\/","title":{"rendered":"Pierre Baudis :"},"content":{"rendered":"\n<p>Pierre Baudis est un homme politique fran\u00e7ais, maire de Toulouse de 1971 \u00e0 1983.<br>Il \u00e0 aussi \u00e9t\u00e9 d\u00e9put\u00e9 de la Haute Garonne de 1958 \u00e0 1967, il si\u00e8ge \u00e0 ce moment l\u00e0 dans le groupe du Centre d\u00e9mocratique (Ind\u00e9pendants et MRP). Il soutiendra la candidature de Jean Lecanuet lors de l&rsquo;\u00e9lection pr\u00e9sidentielle de 1965 ou Charles de Gaulle est r\u00e9\u00e9lu.<\/p>\n\n\n\n<p><\/p>\n\n\n\n<figure class=\"wp-block-image size-large\"><img src=\"https:\/\/upload.wikimedia.org\/wikipedia\/commons\/thumb\/5\/5d\/07.03.1974._P._Baudis_et_J._Chaban_Delmas._%281974%29_-_53Fi3588_%28P._Baudis%29.jpg\/220px-07.03.1974._P._Baudis_et_J._Chaban_Delmas._%281974%29_-_53Fi3588_%28P._Baudis%29.jpg\" alt=\"\" \/><figcaption>Pierre Baudis en 1974.<\/figcaption><\/figure>\n\n\n\n<p><\/p>\n","protected":false},"excerpt":{"rendered":"<p>Pierre Baudis est un homme politique fran\u00e7ais, maire de Toulouse de 1971 \u00e0 1983.Il \u00e0 aussi \u00e9t\u00e9 d\u00e9put\u00e9 de la Haute Garonne de 1958 \u00e0 1967, il si\u00e8ge \u00e0 ce moment l\u00e0 dans le groupe du Centre d\u00e9mocratique (Ind\u00e9pendants et MRP). Il soutiendra la candidature de Jean Lecanuet lors de l&rsquo;\u00e9lection pr\u00e9sidentielle de 1965 ou &hellip; <\/p>\n<p class=\"link-more\"><a href=\"https:\/\/blogs.univ-jfc.fr\/vphn\/pierre-baudis\/\" class=\"more-link\">Continuer la lecture<span class=\"screen-reader-text\"> de &laquo;&nbsp;Pierre Baudis :&nbsp;&raquo;<\/span><\/a><\/p>\n","protected":false},"author":822,"featured_media":0,"parent":0,"menu_order":0,"comment_status":"closed","ping_status":"closed","template":"","meta":[],"_links":{"self":[{"href":"https:\/\/blogs.univ-jfc.fr\/vphn\/wp-json\/wp\/v2\/pages\/12148"}],"collection":[{"href":"https:\/\/blogs.univ-jfc.fr\/vphn\/wp-json\/wp\/v2\/pages"}],"about":[{"href":"https:\/\/blogs.univ-jfc.fr\/vphn\/wp-json\/wp\/v2\/types\/page"}],"author":[{"embeddable":true,"href":"https:\/\/blogs.univ-jfc.fr\/vphn\/wp-json\/wp\/v2\/users\/822"}],"replies":[{"embeddable":true,"href":"https:\/\/blogs.univ-jfc.fr\/vphn\/wp-json\/wp\/v2\/comments?post=12148"}],"version-history":[{"count":1,"href":"https:\/\/blogs.univ-jfc.fr\/vphn\/wp-json\/wp\/v2\/pages\/12148\/revisions"}],"predecessor-version":[{"id":12150,"href":"https:\/\/blogs.univ-jfc.fr\/vphn\/wp-json\/wp\/v2\/pages\/12148\/revisions\/12150"}],"wp:attachment":[{"href":"https:\/\/blogs.univ-jfc.fr\/vphn\/wp-json\/wp\/v2\/media?parent=12148"}],"curies":[{"name":"wp","href":"https:\/\/api.w.org\/{rel}","templated":true}]}}