{"id":12688,"date":"2023-04-20T09:34:16","date_gmt":"2023-04-20T07:34:16","guid":{"rendered":"http:\/\/blogs.univ-jfc.fr\/vphn\/?page_id=12688"},"modified":"2023-04-21T19:40:42","modified_gmt":"2023-04-21T17:40:42","slug":"bibliographie-la-forteresse-de-penne","status":"publish","type":"page","link":"https:\/\/blogs.univ-jfc.fr\/vphn\/bibliographie-la-forteresse-de-penne\/","title":{"rendered":"Bibliographie &#8211; La forteresse de Penne"},"content":{"rendered":"\n<p><br><strong>I.Le Moyen \u00c2ge<\/strong><\/p>\n\n\n\n<p><br>Ouvrages :<br>\u2022 ALBERT Jean-Marc, Petit atlas historique du Moyen \u00c2ge, Armand Colin, Paris, 2018.<br>\u2022 S. COVIAUX, R. TELLEZ, Le Moyen \u00c2ge en Occident Ve-XVe si\u00e8cle, Armand Colin, \u201cCursus\u201d, Paris, 2019.<br>\u2022 R. F\u00c9DOU (dir.), Lexique historique du Moyen \u00c2ge, Armand Colin, Paris, 2015.<br>FELLER Laurent, Paysans et seigneurs au Moyen \u00c2ge, VIIe-XVe si\u00e8cles, Armand Colin, Paris, 2017.<\/p>\n\n\n\n<p><br><strong>II. Contexte historique<\/strong><br><strong>a. Les cathares<\/strong><\/p>\n\n\n\n<p><br>Ouvrages :<br>\u2022 ROQUEBERT Michele, L\u2019\u00e9pop\u00e9e cathare I, La croisade albigeoise, Perrin, Paris, 2001.<br>Article :<br>\u2022 LE GOFF Jacques, \u201cAlbigeois (croisade contre les) \u201c, Encyclop\u00e9die Universalis, [consult\u00e9 le 13 novembre 2022], URL:<br>http:\/\/www.universalis-edu.com\/encyclopedie\/croisade-contre-les-albigeois\/.<\/p>\n\n\n\n<p><br><strong>III. Architecture<\/strong><\/p>\n\n\n\n<p><br>Ouvrages :<br>\u2022 BERNARDI Philippe, B\u00e2tir au Moyen \u00c2ge &#8211; XIIIe-milieu XVIe si\u00e8cle, CNRS \u00e9ditions, \u201cCNRS histoire\u201d, Paris, 2011.<br>\u2022 HAYOT Denis, L&rsquo;architecture fortifi\u00e9e cap\u00e9tienne au XIIIe si\u00e8cle : un paradigme \u00e0 l&rsquo;\u00e9chelle du royaume : Normandie, Pays-de-Loire, Bretagne. 4. Monographies,Centre de castellologie de Bourgogne, Chagny, 2021.<br>\u2022 MESQUI Jean, Ch\u00e2teaux et enceintes de la France m\u00e9di\u00e9vale &#8211; De la d\u00e9fense \u00e0 la r\u00e9sidence, \u00c9ditions Picard, Paris, 2013.<\/p>\n\n\n\n<p><br><strong>IV. Penne et sa forteresse<\/strong><\/p>\n\n\n\n<p><br>Ouvrages :<br>\u2022 MALRIEU Pierre, Penne d\u2019Albigeois \u00e0 travers l\u2019histoire\u2026, Honfleur : P.J. Oswald, 1969.<br>\u2022 P. MALRIEU, J. LAUTIER, Penne en Albigeois, Bruniquel en Quercy : deux villes d\u2019Occitanie \u00e0 travers l\u2019histoire, \u00c9ditions La Durauli\u00e9, \u201cLes Villes D\u00e9poss\u00e9d\u00e9es\u201d, Albi, 1986. l<br><\/p>\n\n\n\n<p>Article :<br>\u2022 F. GUILLOT, N. PORTET, N. POIRIER (\u00e9d.), Programme Collectif de Recherche &#8211; 2020 Autour du ch\u00e2teau de Penne d\u2019Albigeois (Tarn). \u00c9tudes sur la forteresse et son contexte, LandArc, HAL open science, 2021.<\/p>\n","protected":false},"excerpt":{"rendered":"<p>I.Le Moyen \u00c2ge Ouvrages :\u2022 ALBERT Jean-Marc, Petit atlas historique du Moyen \u00c2ge, Armand Colin, Paris, 2018.\u2022 S. COVIAUX, R. TELLEZ, Le Moyen \u00c2ge en Occident Ve-XVe si\u00e8cle, Armand Colin, \u201cCursus\u201d, Paris, 2019.\u2022 R. F\u00c9DOU (dir.), Lexique historique du Moyen \u00c2ge, Armand Colin, Paris, 2015.FELLER Laurent, Paysans et seigneurs au Moyen \u00c2ge, VIIe-XVe si\u00e8cles, Armand &hellip; <\/p>\n<p class=\"link-more\"><a href=\"https:\/\/blogs.univ-jfc.fr\/vphn\/bibliographie-la-forteresse-de-penne\/\" class=\"more-link\">Continuer la lecture<span class=\"screen-reader-text\"> de &laquo;&nbsp;Bibliographie &#8211; La forteresse de Penne&nbsp;&raquo;<\/span><\/a><\/p>\n","protected":false},"author":871,"featured_media":0,"parent":0,"menu_order":0,"comment_status":"closed","ping_status":"closed","template":"","meta":[],"_links":{"self":[{"href":"https:\/\/blogs.univ-jfc.fr\/vphn\/wp-json\/wp\/v2\/pages\/12688"}],"collection":[{"href":"https:\/\/blogs.univ-jfc.fr\/vphn\/wp-json\/wp\/v2\/pages"}],"about":[{"href":"https:\/\/blogs.univ-jfc.fr\/vphn\/wp-json\/wp\/v2\/types\/page"}],"author":[{"embeddable":true,"href":"https:\/\/blogs.univ-jfc.fr\/vphn\/wp-json\/wp\/v2\/users\/871"}],"replies":[{"embeddable":true,"href":"https:\/\/blogs.univ-jfc.fr\/vphn\/wp-json\/wp\/v2\/comments?post=12688"}],"version-history":[{"count":1,"href":"https:\/\/blogs.univ-jfc.fr\/vphn\/wp-json\/wp\/v2\/pages\/12688\/revisions"}],"predecessor-version":[{"id":12691,"href":"https:\/\/blogs.univ-jfc.fr\/vphn\/wp-json\/wp\/v2\/pages\/12688\/revisions\/12691"}],"wp:attachment":[{"href":"https:\/\/blogs.univ-jfc.fr\/vphn\/wp-json\/wp\/v2\/media?parent=12688"}],"curies":[{"name":"wp","href":"https:\/\/api.w.org\/{rel}","templated":true}]}}