{"id":1273,"date":"2018-03-13T10:04:48","date_gmt":"2018-03-13T09:04:48","guid":{"rendered":"http:\/\/blogs.univ-jfc.fr\/vphn\/?page_id=1273"},"modified":"2018-03-14T17:31:59","modified_gmt":"2018-03-14T16:31:59","slug":"la-resistance-dans-le-tarn-et-garonne-2017","status":"publish","type":"page","link":"https:\/\/blogs.univ-jfc.fr\/vphn\/histoire-locale\/la-resistance-dans-le-tarn-et-garonne-2017\/","title":{"rendered":"La R\u00e9sistance dans le Tarn-Et-Garonne [2017]"},"content":{"rendered":"<p style=\"text-align: left\">Certains des r\u00e9sistants les plus connus, ainsi que les groupes qu&rsquo;ils m\u00e8nent, se trouvent dans le Sud-Ouest de la France, plus particuli\u00e8rement dans le Tarn-et-Garonne, en zone dite \u00ab\u00a0libre\u00a0\u00bb. En effet, la R\u00e9sistance bien en place sur ce territoire \u00e0 partir de 1942 a su s&rsquo;organiser de mani\u00e8re \u00e0 faire partir eux-m\u00eames les Allemands entre mai et ao\u00fbt 1944, sans l&rsquo;aide de l&rsquo;arm\u00e9e fran\u00e7aise.<br \/>\nEn effet, la R\u00e9sistance dans le Tarn-et-Garonne s&rsquo;est montr\u00e9e plus active qu&rsquo;ailleurs. Elle a continuellement harcel\u00e9 les troupes ennemies. Il y eut cependant une forte r\u00e9pression allemande envers ces r\u00e9sistants avant leur d\u00e9part, qui marqua profond\u00e9ment le d\u00e9partement.<br \/>\nOn retrouve un grand nombre de st\u00e8les et de monuments aux morts \u00e0 la gloire de ces \u00ab\u00a0combattants\u00a0\u00bb partout dans le Tarn-et-Garonne, ainsi que des c\u00e9r\u00e9monies r\u00e9guli\u00e8res. Des associations d&rsquo;anciens r\u00e9sistants, des mus\u00e9es et des \u00e9crivains s&rsquo;obligent \u00e0 un devoir de m\u00e9moire pour conserver le souvenir de ces personnes qui ont donn\u00e9 leur vie pour la libert\u00e9.<\/p>\n<p><img loading=\"lazy\" class=\"size-medium wp-image-1540 aligncenter\" src=\"http:\/\/blogs.univ-jfc.fr\/vphn\/wp-content\/uploads\/sites\/65\/2018\/02\/5-300x293.jpg\" alt=\"\" width=\"300\" height=\"293\" srcset=\"https:\/\/blogs.univ-jfc.fr\/vphn\/wp-content\/uploads\/sites\/65\/2018\/02\/5-300x293.jpg 300w, https:\/\/blogs.univ-jfc.fr\/vphn\/wp-content\/uploads\/sites\/65\/2018\/02\/5-768x749.jpg 768w, https:\/\/blogs.univ-jfc.fr\/vphn\/wp-content\/uploads\/sites\/65\/2018\/02\/5-1024x999.jpg 1024w, https:\/\/blogs.univ-jfc.fr\/vphn\/wp-content\/uploads\/sites\/65\/2018\/02\/5.jpg 1630w\" sizes=\"(max-width: 300px) 100vw, 300px\" \/><\/p>\n<p>Pourquoi le Tarn-et-Garonne garde-t-il une m\u00e9moire vive de la R\u00e9sistance ?<\/p>\n<p>Les Allemands ont occup\u00e9 le Tarn-et-Garonne \u00e0 partir de 1942 car il permettait de transporter des armes et des soldats \u00e0 travers le canal du midi , le train Toulouse\/Paris et la N20. La R\u00e9sistance dans le Tarn et Garonne se manifeste par des inscriptions, des graffitis, des tracts et des journaux clandestins.<br \/>\nLes premiers mouvements de R\u00e9sistance sont men\u00e9s par le Lieutenant-Colonel NORMAND et le camp de Caylus qui permet de cacher du mat\u00e9riel de guerre (des armes, de l&rsquo;essence , des munitions).<br \/>\nL&rsquo;Arm\u00e9e Secr\u00e8te appara\u00eet. C&rsquo;est un plan national qui regroupe trois grands mouvements civils\u00a0: \u00ab\u00a0Combat\u00a0\u00bb, \u00ab\u00a0Lib\u00e9ration\u00a0\u00bb, \u00ab\u00a0Franc-Tireur\u00a0\u00bb , ces groupes forment les M.U.R (Mouvements Unis de la R\u00e9sistance) en 1943.<br \/>\nPour finir, la Phalange anti-nazi est men\u00e9e par le surveillant Louis Sabati\u00e9.<br \/>\nDes groupes de r\u00e9sistants se forment comme \u00ab\u00a0Lib\u00e9rer et F\u00e9d\u00e9rer\u00a0\u00bb et les Francs-Tireurs Partisans et cr\u00e9ent des maquis pour lutter contre l&rsquo;occupation de l&rsquo;Allemagne nazie mais aussi pour fuir le S.T.O (Service du travail obligatoire) dans les usines , les champs&#8230; en Allemagne.<\/p>\n<p><img loading=\"lazy\" class=\"aligncenter wp-image-1557 size-large\" src=\"http:\/\/blogs.univ-jfc.fr\/vphn\/wp-content\/uploads\/sites\/65\/2018\/02\/7-1024x768.jpg\" alt=\"\" width=\"525\" height=\"394\" srcset=\"https:\/\/blogs.univ-jfc.fr\/vphn\/wp-content\/uploads\/sites\/65\/2018\/02\/7-1024x768.jpg 1024w, https:\/\/blogs.univ-jfc.fr\/vphn\/wp-content\/uploads\/sites\/65\/2018\/02\/7-300x225.jpg 300w, https:\/\/blogs.univ-jfc.fr\/vphn\/wp-content\/uploads\/sites\/65\/2018\/02\/7-768x576.jpg 768w\" sizes=\"(max-width: 525px) 100vw, 525px\" \/><\/p>\n<p>Les maquis s&rsquo;occupent de la r\u00e9ception du parachutage d&rsquo;armes, de munitions, de nourriture, de m\u00e9dicaments : ces parachutages \u00e9taient annonc\u00e9s par message \u00e0 la radio et l&rsquo;\u00e9quipe entrait en contact avec l&rsquo;avion en envoyant une lettre en alphabet Morse.<\/p>\n<p><img loading=\"lazy\" class=\"size-medium wp-image-1559 alignleft\" src=\"http:\/\/blogs.univ-jfc.fr\/vphn\/wp-content\/uploads\/sites\/65\/2018\/02\/6-218x300.jpg\" alt=\"\" width=\"218\" height=\"300\" srcset=\"https:\/\/blogs.univ-jfc.fr\/vphn\/wp-content\/uploads\/sites\/65\/2018\/02\/6-218x300.jpg 218w, https:\/\/blogs.univ-jfc.fr\/vphn\/wp-content\/uploads\/sites\/65\/2018\/02\/6-768x1056.jpg 768w, https:\/\/blogs.univ-jfc.fr\/vphn\/wp-content\/uploads\/sites\/65\/2018\/02\/6-745x1024.jpg 745w, https:\/\/blogs.univ-jfc.fr\/vphn\/wp-content\/uploads\/sites\/65\/2018\/02\/6.jpg 1523w\" sizes=\"(max-width: 218px) 100vw, 218px\" \/><\/p>\n<p>Les maquis organisent des sabotages \u00e0 partir de 1943, il y a eu 29 locomotives d\u00e9truites, 7 d\u00e9raillements de trains, des lignes de haute\u00a0 tension sabot\u00e9es tout cela gr\u00e2ce \u00e0 l&rsquo;usage d&rsquo;explosifs.<\/p>\n<p>&nbsp;<\/p>\n<p>&nbsp;<\/p>\n<p>&nbsp;<\/p>\n<p>&nbsp;<\/p>\n<p>\u00c0 propos des r\u00e9pressions, elles se divisent en 2 types\u00a0:<\/p>\n<p>Individuelles\u00a0:<br \/>\n&#8211; Louis SABATI\u00c9\u00a0: (24 ao\u00fbt 1924 \u2013 17 f\u00e9vrier 1944), acteur principal d\u2019un regroupement qui lutte contre le pouvoir et la collaboration d\u00e8s le lyc\u00e9e, le jeune Sabati\u00e9 cr\u00e9\u00e9 le PAN (Phalange Anti-Nazi) en 1942. L\u2019action de ce groupe se caract\u00e9rise par l\u2019\u00e9dition et la distribution de tracts. Ces tracts anti-nazis et anti-vichystes sont affich\u00e9s sur les panneaux d\u2019affichage du lyc\u00e9e Ingres puis dans toute la ville. Il int\u00e8gre l\u2019Arm\u00e9e Secr\u00e8te, dans un premier temps il est un agent de liaison puis il s\u2019engage dans les rangs des Francs-Tireurs et Partisans Fran\u00e7ais. Le 3 f\u00e9vrier 1944 il est arr\u00eat\u00e9 au lyc\u00e9e Ingres. Il est ex\u00e9cut\u00e9 le 17 f\u00e9vrier \u00e0 la suite de son jugement par la Cour martiale.<\/p>\n<p>Collectives\u00a0:<br \/>\nLes r\u00e9pressions ont connu plusieurs formes :<br \/>\n&#8211; avec armes \u00e0 feu comme pour le maquis d\u2019Ornano\u00a0: le mardi 21 mars 1944 que le maquis d\u2019Ornano est attaqu\u00e9 par 2 colonnes allemandes, on compterait 6 victimes.<br \/>\n&#8211; incendie : sur la route nationale, entre Caussade et Montpezat 6 juin 1944, les S.S incendient des fermes et massacrent leurs habitants\u00a0: soit 11 victimes dont quatre hommes, quatre femmes et trois enfants&#8230;<br \/>\nMais ce qui fait l\u2019originalit\u00e9 dans les r\u00e9pression pour le Tarn-et-Garonne sont les pendus : la nuit du 23 juillet 1944 quatre prisonniers sont pendus place Mar\u00e9chal P\u00e9tain. Aujourd\u2019hui, elle se nomme place des Martyrs en leur honneur. L\u2019originalit\u00e9 de la r\u00e9gion s\u2019accentue avec le cas de deux personnes enterr\u00e9es vivantes : Andr\u00e9 Jouany et Lucien Lespinet pr\u00e8s de Montech en septembre 1944.<\/p>\n<p>.<img loading=\"lazy\" class=\"alignnone wp-image-1586 size-medium\" src=\"http:\/\/blogs.univ-jfc.fr\/vphn\/wp-content\/uploads\/sites\/65\/2018\/02\/1-197x300.jpg\" alt=\"\" width=\"197\" height=\"300\" srcset=\"https:\/\/blogs.univ-jfc.fr\/vphn\/wp-content\/uploads\/sites\/65\/2018\/02\/1-197x300.jpg 197w, https:\/\/blogs.univ-jfc.fr\/vphn\/wp-content\/uploads\/sites\/65\/2018\/02\/1-768x1169.jpg 768w, https:\/\/blogs.univ-jfc.fr\/vphn\/wp-content\/uploads\/sites\/65\/2018\/02\/1-672x1024.jpg 672w\" sizes=\"(max-width: 197px) 100vw, 197px\" \/>\u00a0<img loading=\"lazy\" class=\"alignnone wp-image-1626 size-medium\" src=\"http:\/\/blogs.univ-jfc.fr\/vphn\/wp-content\/uploads\/sites\/65\/2018\/02\/BIS-223x300.jpg\" alt=\"\" width=\"223\" height=\"300\" srcset=\"https:\/\/blogs.univ-jfc.fr\/vphn\/wp-content\/uploads\/sites\/65\/2018\/02\/BIS-223x300.jpg 223w, https:\/\/blogs.univ-jfc.fr\/vphn\/wp-content\/uploads\/sites\/65\/2018\/02\/BIS.jpg 642w\" sizes=\"(max-width: 223px) 100vw, 223px\" \/><\/p>\n<p>D\u2019apr\u00e8s les monuments, st\u00e8les et plaques du d\u00e9partement,\u00a0on compte au total 109 r\u00e9sistants morts au combat, fusill\u00e9s ou abattus, et 56 civils hommes, femmes et enfants pendus, abattus ou br\u00fbl\u00e9s vifs&#8230;<\/p>\n<p>Au 15 ao\u00fbt 1944, la R\u00e9sistance commence r\u00e9ellement \u00e0 affronter l&rsquo;ennemi, comme on peut le voir avec les combats \u00e0 Montauban le 19 ao\u00fbt\u00a0: les r\u00e9sistants s&rsquo;attaquent directement \u00e0 des colonnes allemandes.<br \/>\nL&rsquo;ennemi tente de fuir durant la nuit avec des otages pris au passage, mais il est rep\u00e9r\u00e9 au matin, poursuivi et harcel\u00e9 jusqu&rsquo;\u00e0 sa sortie du Tarn-et-Garonne. Le Tarn-et-Garonne est lib\u00e9r\u00e9.<br \/>\nD&rsquo;autres combats ont lieu dans les villes alentours, comme \u00e0 Castelsarrasin ou encore \u00e0 Moissac o\u00f9 les hommes du Corps Franc Pommi\u00e9s forcent le d\u00e9part de troupes.<br \/>\nLa lib\u00e9ration du Sud-Ouest est totalement achev\u00e9e le 25 ao\u00fbt 1944.<br \/>\nL&rsquo;engagement des r\u00e9sistants de 1942 \u00e0 1944 dans le d\u00e9partement a marqu\u00e9 les esprits de mani\u00e8re assez forte\u00a0: on observe en Tarn-et-Garonne un grand nombre de plaques, st\u00e8les et m\u00e9moriaux en souvenir des r\u00e9sistants morts pour la France, souvent aux endroits m\u00eames o\u00f9 des \u00e9v\u00e9nements particuliers ont eu lieu. Des associations d\u00e9partementales comme le mus\u00e9e de la R\u00e9sistance et du Combattant \u00e0 Montauban partagent le souvenir de guerre en pr\u00e9sentant l&rsquo;histoire de la guerre 39\/45 \u00e0 l&rsquo;\u00e9chelle locale, on peut y \u00e9couter des interviews d&rsquo;anciens r\u00e9sistants.<\/p>\n<p>On peut retrouver des c\u00e9r\u00e9monies comm\u00e9moratives tous les ans, comme celle qui a eu lieu \u00e0 Castelsarrasin le 20 aout 2017 pour f\u00eater les 63ans de la Lib\u00e9ration.<\/p>\n<p><img loading=\"lazy\" class=\"alignnone size-medium wp-image-1632\" src=\"http:\/\/blogs.univ-jfc.fr\/vphn\/wp-content\/uploads\/sites\/65\/2018\/02\/BIIS-249x300.jpg\" alt=\"\" width=\"249\" height=\"300\" srcset=\"https:\/\/blogs.univ-jfc.fr\/vphn\/wp-content\/uploads\/sites\/65\/2018\/02\/BIIS-249x300.jpg 249w, https:\/\/blogs.univ-jfc.fr\/vphn\/wp-content\/uploads\/sites\/65\/2018\/02\/BIIS.jpg 642w\" sizes=\"(max-width: 249px) 100vw, 249px\" \/><br \/>\nEn conclusion, le Tarn-et-Garonne garde une m\u00e9moire importante de la R\u00e9sistance :\u00a0 en effet, \u00e9norm\u00e9ment de maquis ont \u00e9t\u00e9 cr\u00e9\u00e9s et r\u00e9partis sur toute la zone, il y a eu beaucoup d&rsquo;actions sp\u00e9cifiques de leur part, r\u00e9ussies ou non. C&rsquo;est pour cela que les Allemands ont effectu\u00e9s une forte r\u00e9pression contre eux, et m\u00eame contre des civils en guise d&rsquo;exemples. On retrouve des plaques, des st\u00e8les et des monuments \u00e0 travers tout le territoire, montrant leur courage et le besoin de ne pas oublier.<\/p>\n","protected":false},"excerpt":{"rendered":"<p>Certains des r\u00e9sistants les plus connus, ainsi que les groupes qu&rsquo;ils m\u00e8nent, se trouvent dans le Sud-Ouest de la France, plus particuli\u00e8rement dans le Tarn-et-Garonne, en zone dite \u00ab\u00a0libre\u00a0\u00bb. En effet, la R\u00e9sistance bien en place sur ce territoire \u00e0 partir de 1942 a su s&rsquo;organiser de mani\u00e8re \u00e0 faire partir eux-m\u00eames les Allemands entre &hellip; <\/p>\n<p class=\"link-more\"><a href=\"https:\/\/blogs.univ-jfc.fr\/vphn\/histoire-locale\/la-resistance-dans-le-tarn-et-garonne-2017\/\" class=\"more-link\">Continuer la lecture<span class=\"screen-reader-text\"> de &laquo;&nbsp;La R\u00e9sistance dans le Tarn-Et-Garonne [2017]&nbsp;&raquo;<\/span><\/a><\/p>\n","protected":false},"author":440,"featured_media":0,"parent":1173,"menu_order":0,"comment_status":"closed","ping_status":"closed","template":"","meta":[],"_links":{"self":[{"href":"https:\/\/blogs.univ-jfc.fr\/vphn\/wp-json\/wp\/v2\/pages\/1273"}],"collection":[{"href":"https:\/\/blogs.univ-jfc.fr\/vphn\/wp-json\/wp\/v2\/pages"}],"about":[{"href":"https:\/\/blogs.univ-jfc.fr\/vphn\/wp-json\/wp\/v2\/types\/page"}],"author":[{"embeddable":true,"href":"https:\/\/blogs.univ-jfc.fr\/vphn\/wp-json\/wp\/v2\/users\/440"}],"replies":[{"embeddable":true,"href":"https:\/\/blogs.univ-jfc.fr\/vphn\/wp-json\/wp\/v2\/comments?post=1273"}],"version-history":[{"count":9,"href":"https:\/\/blogs.univ-jfc.fr\/vphn\/wp-json\/wp\/v2\/pages\/1273\/revisions"}],"predecessor-version":[{"id":2051,"href":"https:\/\/blogs.univ-jfc.fr\/vphn\/wp-json\/wp\/v2\/pages\/1273\/revisions\/2051"}],"up":[{"embeddable":true,"href":"https:\/\/blogs.univ-jfc.fr\/vphn\/wp-json\/wp\/v2\/pages\/1173"}],"wp:attachment":[{"href":"https:\/\/blogs.univ-jfc.fr\/vphn\/wp-json\/wp\/v2\/media?parent=1273"}],"curies":[{"name":"wp","href":"https:\/\/api.w.org\/{rel}","templated":true}]}}