{"id":12764,"date":"2023-04-21T19:30:32","date_gmt":"2023-04-21T17:30:32","guid":{"rendered":"http:\/\/blogs.univ-jfc.fr\/vphn\/?page_id=12764"},"modified":"2023-04-21T19:30:32","modified_gmt":"2023-04-21T17:30:32","slug":"definitions","status":"publish","type":"page","link":"https:\/\/blogs.univ-jfc.fr\/vphn\/definitions\/","title":{"rendered":"D\u00e9finitions :"},"content":{"rendered":"\n<p><strong>Tour arch\u00e8re : <\/strong>tour compos\u00e9 d\u2019arch\u00e8re, aussi appel\u00e9 des meurtri\u00e8res qui sont ouvertures faites dans un mur pour permettre la d\u00e9fense avec des armes de tir.<\/p>\n\n\n\n<p><strong>Tour \u00e9peron ou tour \u00e0 bec : <\/strong>il s\u2019agit d\u2019une tour \u00e0 laquelle on a ajout\u00e9 une avanc\u00e9e pointue, un \u00e9peron. Cet \u00e9peron est rempli de pierres et a un but d\u00e9fensif, en cas de potentielles attaques, il doit absorber les impacts et prot\u00e9ger la tour qui se trouve derri\u00e8re. La tour \u00e0 \u00e9peron est typique de l\u2019architecture cap\u00e9tienne.<\/p>\n\n\n\n<p><strong>Nef <\/strong>: c\u2019est la partie d\u2019une \u00c9glise qui s\u2019\u00e9tend du portail jusqu\u2019au c\u0153ur, lieu o\u00f9 se tiennent les fid\u00e8les lors de pri\u00e8re pendant la messe ou durant les c\u00e9l\u00e9brations.<\/p>\n\n\n\n<p><strong>Forteresse : <\/strong>une forteresse est lieu construit par un seigneur avec l\u2019objectif premier de d\u00e9fendre un territoire.<\/p>\n\n\n\n<p><strong>Architecture cap\u00e9tienne : <\/strong>architecture du nord de la France caract\u00e9ristique de la dynastie cap\u00e9tienne qui se veut plus d\u00e9fensive avec une architecture de fortification avec des tours d\u2019arch\u00e8re et tours d\u2019\u00e9peron.<\/p>\n\n\n\n<p><strong>Roue \u00e0 \u00e9chelon <\/strong>: engin de levage ancestral, qui permet d\u2019\u00e9lever des charges lourdes \u00e0 l\u2019aide de poulies.<\/p>\n","protected":false},"excerpt":{"rendered":"<p>Tour arch\u00e8re : tour compos\u00e9 d\u2019arch\u00e8re, aussi appel\u00e9 des meurtri\u00e8res qui sont ouvertures faites dans un mur pour permettre la d\u00e9fense avec des armes de tir. Tour \u00e9peron ou tour \u00e0 bec : il s\u2019agit d\u2019une tour \u00e0 laquelle on a ajout\u00e9 une avanc\u00e9e pointue, un \u00e9peron. Cet \u00e9peron est rempli de pierres et a &hellip; <\/p>\n<p class=\"link-more\"><a href=\"https:\/\/blogs.univ-jfc.fr\/vphn\/definitions\/\" class=\"more-link\">Continuer la lecture<span class=\"screen-reader-text\"> de &laquo;&nbsp;D\u00e9finitions :&nbsp;&raquo;<\/span><\/a><\/p>\n","protected":false},"author":871,"featured_media":0,"parent":0,"menu_order":0,"comment_status":"closed","ping_status":"closed","template":"","meta":[],"_links":{"self":[{"href":"https:\/\/blogs.univ-jfc.fr\/vphn\/wp-json\/wp\/v2\/pages\/12764"}],"collection":[{"href":"https:\/\/blogs.univ-jfc.fr\/vphn\/wp-json\/wp\/v2\/pages"}],"about":[{"href":"https:\/\/blogs.univ-jfc.fr\/vphn\/wp-json\/wp\/v2\/types\/page"}],"author":[{"embeddable":true,"href":"https:\/\/blogs.univ-jfc.fr\/vphn\/wp-json\/wp\/v2\/users\/871"}],"replies":[{"embeddable":true,"href":"https:\/\/blogs.univ-jfc.fr\/vphn\/wp-json\/wp\/v2\/comments?post=12764"}],"version-history":[{"count":1,"href":"https:\/\/blogs.univ-jfc.fr\/vphn\/wp-json\/wp\/v2\/pages\/12764\/revisions"}],"predecessor-version":[{"id":12765,"href":"https:\/\/blogs.univ-jfc.fr\/vphn\/wp-json\/wp\/v2\/pages\/12764\/revisions\/12765"}],"wp:attachment":[{"href":"https:\/\/blogs.univ-jfc.fr\/vphn\/wp-json\/wp\/v2\/media?parent=12764"}],"curies":[{"name":"wp","href":"https:\/\/api.w.org\/{rel}","templated":true}]}}