{"id":1304,"date":"2018-02-01T11:35:47","date_gmt":"2018-02-01T10:35:47","guid":{"rendered":"http:\/\/blogs.univ-jfc.fr\/vphn\/?page_id=1304"},"modified":"2018-02-01T11:35:47","modified_gmt":"2018-02-01T10:35:47","slug":"creation-du-comite-daccueil-des-enfants-espangols-caee","status":"publish","type":"page","link":"https:\/\/blogs.univ-jfc.fr\/vphn\/laccueil-des-enfants-espagnols-dans-le-sud-de-la-france-1937-1945-2017\/creation-du-comite-daccueil-des-enfants-espangols-caee\/","title":{"rendered":"Cr\u00e9ation du comit\u00e9 d&rsquo;accueil des enfants espangols (CAEE)"},"content":{"rendered":"<p><span style=\"color: #ffffff;font-size: small\"><span style=\"font-family: Arial,sans-serif\">Ce collectif est cr\u00e9\u00e9 par L\u00e9on Jouhaux, le secr\u00e9taire g\u00e9n\u00e9ral de la CGT et Victor Bash le pr\u00e9sident de la ligue des droits de l&rsquo;homme d\u00e8s 1936. L\u00e9on Jouhaux prend la direction du CAEE.<\/span><\/span><\/p>\n<p><span style=\"color: #ffffff;font-size: small\"><span style=\"font-family: Arial,sans-serif\">Des centres de tri sont mis en place. On inspecte l\u2019\u00e9tat de sant\u00e9 des enfants et on prend en compte les changements physiques et moraux. Les premiers lieux d&rsquo;h\u00e9bergement se constituent dans le sud de la France.<\/span><\/span><\/p>\n<p><span style=\"color: #ffffff;font-size: small\"><span style=\"font-family: Arial,sans-serif\">Afin de se financer, le comit\u00e9 organise des collectes. En avril 1937 quatre millions de francs sont rassembl\u00e9s. Entre 1936 et 1939, ce sont pr\u00e8s de 150 colonies qui sont mises en place.<\/span><\/span><\/p>\n<figure id=\"attachment_1188\" aria-describedby=\"caption-attachment-1188\" style=\"width: 212px\" class=\"wp-caption alignnone\"><img loading=\"lazy\" class=\"size-medium wp-image-1188\" src=\"http:\/\/blogs.univ-jfc.fr\/vphn\/wp-content\/uploads\/sites\/65\/2018\/02\/LEON-JOUHAUX-212x300.png\" alt=\"\" width=\"212\" height=\"300\" srcset=\"https:\/\/blogs.univ-jfc.fr\/vphn\/wp-content\/uploads\/sites\/65\/2018\/02\/LEON-JOUHAUX-212x300.png 212w, https:\/\/blogs.univ-jfc.fr\/vphn\/wp-content\/uploads\/sites\/65\/2018\/02\/LEON-JOUHAUX.png 280w\" sizes=\"(max-width: 212px) 100vw, 212px\" \/><figcaption id=\"caption-attachment-1188\" class=\"wp-caption-text\">L\u00e9on Jouhaux &#8211; Pieter Kuiper\/wikimedia Commons \u2013 1936<\/figcaption><\/figure>\n<figure id=\"attachment_1189\" aria-describedby=\"caption-attachment-1189\" style=\"width: 193px\" class=\"wp-caption alignnone\"><img loading=\"lazy\" class=\"size-medium wp-image-1189\" src=\"http:\/\/blogs.univ-jfc.fr\/vphn\/wp-content\/uploads\/sites\/65\/2018\/02\/VICTOR-BASH-193x300.png\" alt=\"\" width=\"193\" height=\"300\" srcset=\"https:\/\/blogs.univ-jfc.fr\/vphn\/wp-content\/uploads\/sites\/65\/2018\/02\/VICTOR-BASH-193x300.png 193w, https:\/\/blogs.univ-jfc.fr\/vphn\/wp-content\/uploads\/sites\/65\/2018\/02\/VICTOR-BASH.png 451w\" sizes=\"(max-width: 193px) 100vw, 193px\" \/><figcaption id=\"caption-attachment-1189\" class=\"wp-caption-text\">Victor Bash &#8211; Gilbert Ren\u00e9 &#8211; Ligue des Droits de l&rsquo;Homme : LDH Bagneux-Malakoff-Montrouge -1994<\/figcaption><\/figure>\n","protected":false},"excerpt":{"rendered":"<p>Ce collectif est cr\u00e9\u00e9 par L\u00e9on Jouhaux, le secr\u00e9taire g\u00e9n\u00e9ral de la CGT et Victor Bash le pr\u00e9sident de la ligue des droits de l&rsquo;homme d\u00e8s 1936. L\u00e9on Jouhaux prend la direction du CAEE. Des centres de tri sont mis en place. On inspecte l\u2019\u00e9tat de sant\u00e9 des enfants et on prend en compte les &hellip; <\/p>\n<p class=\"link-more\"><a href=\"https:\/\/blogs.univ-jfc.fr\/vphn\/laccueil-des-enfants-espagnols-dans-le-sud-de-la-france-1937-1945-2017\/creation-du-comite-daccueil-des-enfants-espangols-caee\/\" class=\"more-link\">Continuer la lecture<span class=\"screen-reader-text\"> de &laquo;&nbsp;Cr\u00e9ation du comit\u00e9 d&rsquo;accueil des enfants espangols (CAEE)&nbsp;&raquo;<\/span><\/a><\/p>\n","protected":false},"author":446,"featured_media":0,"parent":83,"menu_order":2,"comment_status":"closed","ping_status":"closed","template":"","meta":[],"_links":{"self":[{"href":"https:\/\/blogs.univ-jfc.fr\/vphn\/wp-json\/wp\/v2\/pages\/1304"}],"collection":[{"href":"https:\/\/blogs.univ-jfc.fr\/vphn\/wp-json\/wp\/v2\/pages"}],"about":[{"href":"https:\/\/blogs.univ-jfc.fr\/vphn\/wp-json\/wp\/v2\/types\/page"}],"author":[{"embeddable":true,"href":"https:\/\/blogs.univ-jfc.fr\/vphn\/wp-json\/wp\/v2\/users\/446"}],"replies":[{"embeddable":true,"href":"https:\/\/blogs.univ-jfc.fr\/vphn\/wp-json\/wp\/v2\/comments?post=1304"}],"version-history":[{"count":1,"href":"https:\/\/blogs.univ-jfc.fr\/vphn\/wp-json\/wp\/v2\/pages\/1304\/revisions"}],"predecessor-version":[{"id":1312,"href":"https:\/\/blogs.univ-jfc.fr\/vphn\/wp-json\/wp\/v2\/pages\/1304\/revisions\/1312"}],"up":[{"embeddable":true,"href":"https:\/\/blogs.univ-jfc.fr\/vphn\/wp-json\/wp\/v2\/pages\/83"}],"wp:attachment":[{"href":"https:\/\/blogs.univ-jfc.fr\/vphn\/wp-json\/wp\/v2\/media?parent=1304"}],"curies":[{"name":"wp","href":"https:\/\/api.w.org\/{rel}","templated":true}]}}