{"id":13057,"date":"2024-01-25T11:37:03","date_gmt":"2024-01-25T10:37:03","guid":{"rendered":"http:\/\/blogs.univ-jfc.fr\/vphn\/?page_id=13057"},"modified":"2024-03-28T11:33:21","modified_gmt":"2024-03-28T10:33:21","slug":"le-8rpima-et-castres","status":"publish","type":"page","link":"https:\/\/blogs.univ-jfc.fr\/vphn\/le-8rpima-et-castres\/","title":{"rendered":"Citation du 3e RAC"},"content":{"rendered":"\n<p><em>\u00ab R\u00e9giment r\u00e9put\u00e9 pour sa belle tenue au feu aussi bien que pour sa haute valeur technique. A montr\u00e9, depuis le d\u00e9but de la campagne, le meilleur esprit et un bel entra\u00eenement dans les circonstances les plus difficiles en Lorraine, sur l&rsquo;Yser, en Champagne, \u00e0 Verdun.<\/em><\/p>\n\n\n\n<p><em>En juin, juillet, ao\u00fbt, septembre 1917, sous le commandement du lieutenant-colonel Maurel, tant \u00e0 la C\u00f4te 304 qu&rsquo;au Mort-Homme, a, sous des bombardements particuli\u00e8rement violents, enray\u00e9 toute progression de l&rsquo;ennemi, pr\u00e9par\u00e9 et facilit\u00e9 dans une tr\u00e8s large mesure les succ\u00e8s du 17 juillet et du 20 ao\u00fbt.<\/em><\/p>\n\n\n\n<p><em>Engag\u00e9 le 2 mai 1918 sous le commandement du lieutenant-colonel Huckendubler, en pleine bataille, sans abris, sur un terrain d\u00e9couvert est rest\u00e9 en action pendant 15 jours et 15 nuits, pr\u00eatant \u00e0 l&rsquo;infanterie un appui des plus efficaces et ininterrompu, notamment aux attaques des 8, 11 et 15 mai, au cours desquelles la Division a fait 175 prisonniers, dont 4 officiers et pris de nombreuses mitrailleuses, ignorant toujours la fatigue et conservant son entrain et sa belle humeur, malgr\u00e9 les pertes s\u00e9v\u00e8res occasionn\u00e9es par de continuels bombardements par obus toxiques et explosifs \u00bb.<\/em><\/p>\n","protected":false},"excerpt":{"rendered":"<p>\u00ab R\u00e9giment r\u00e9put\u00e9 pour sa belle tenue au feu aussi bien que pour sa haute valeur technique. A montr\u00e9, depuis le d\u00e9but de la campagne, le meilleur esprit et un bel entra\u00eenement dans les circonstances les plus difficiles en Lorraine, sur l&rsquo;Yser, en Champagne, \u00e0 Verdun. En juin, juillet, ao\u00fbt, septembre 1917, sous le commandement &hellip; <\/p>\n<p class=\"link-more\"><a href=\"https:\/\/blogs.univ-jfc.fr\/vphn\/le-8rpima-et-castres\/\" class=\"more-link\">Continuer la lecture<span class=\"screen-reader-text\"> de &laquo;&nbsp;Citation du 3e RAC&nbsp;&raquo;<\/span><\/a><\/p>\n","protected":false},"author":1182,"featured_media":0,"parent":0,"menu_order":0,"comment_status":"closed","ping_status":"closed","template":"","meta":[],"_links":{"self":[{"href":"https:\/\/blogs.univ-jfc.fr\/vphn\/wp-json\/wp\/v2\/pages\/13057"}],"collection":[{"href":"https:\/\/blogs.univ-jfc.fr\/vphn\/wp-json\/wp\/v2\/pages"}],"about":[{"href":"https:\/\/blogs.univ-jfc.fr\/vphn\/wp-json\/wp\/v2\/types\/page"}],"author":[{"embeddable":true,"href":"https:\/\/blogs.univ-jfc.fr\/vphn\/wp-json\/wp\/v2\/users\/1182"}],"replies":[{"embeddable":true,"href":"https:\/\/blogs.univ-jfc.fr\/vphn\/wp-json\/wp\/v2\/comments?post=13057"}],"version-history":[{"count":6,"href":"https:\/\/blogs.univ-jfc.fr\/vphn\/wp-json\/wp\/v2\/pages\/13057\/revisions"}],"predecessor-version":[{"id":13243,"href":"https:\/\/blogs.univ-jfc.fr\/vphn\/wp-json\/wp\/v2\/pages\/13057\/revisions\/13243"}],"wp:attachment":[{"href":"https:\/\/blogs.univ-jfc.fr\/vphn\/wp-json\/wp\/v2\/media?parent=13057"}],"curies":[{"name":"wp","href":"https:\/\/api.w.org\/{rel}","templated":true}]}}