{"id":1314,"date":"2018-02-01T11:36:42","date_gmt":"2018-02-01T10:36:42","guid":{"rendered":"http:\/\/blogs.univ-jfc.fr\/vphn\/?page_id=1314"},"modified":"2018-02-01T11:36:42","modified_gmt":"2018-02-01T10:36:42","slug":"les-accords-passes-entre-gouvernements-francais-et-republicain-espagnol","status":"publish","type":"page","link":"https:\/\/blogs.univ-jfc.fr\/vphn\/laccueil-des-enfants-espagnols-dans-le-sud-de-la-france-1937-1945-2017\/les-accords-passes-entre-gouvernements-francais-et-republicain-espagnol\/","title":{"rendered":"Les accords pass\u00e9s entre gouvernements fran\u00e7ais et r\u00e9publicain espagnol."},"content":{"rendered":"<p><span style=\"color: #ffffff;font-size: small\"><span style=\"font-family: Arial,sans-serif\">Apr\u00e8s la cr\u00e9ation du CAEE en novembre 1936, les neuf \u00ab Indications pour la venue en France des enfants d\u2019Espagne \u00bb sont r\u00e9dig\u00e9es \u00e0 Paris. Cet accord est convenu entre le gouvernement fran\u00e7ais et le gouvernement r\u00e9publicain espagnol. Le but de cet accord est d\u2019encadrer les conditions d\u2019accueil de ces enfants selon les attentes du pouvoir r\u00e9publicain espagnol.<\/span><\/span><\/p>\n","protected":false},"excerpt":{"rendered":"<p>Apr\u00e8s la cr\u00e9ation du CAEE en novembre 1936, les neuf \u00ab Indications pour la venue en France des enfants d\u2019Espagne \u00bb sont r\u00e9dig\u00e9es \u00e0 Paris. Cet accord est convenu entre le gouvernement fran\u00e7ais et le gouvernement r\u00e9publicain espagnol. Le but de cet accord est d\u2019encadrer les conditions d\u2019accueil de ces enfants selon les attentes du &hellip; <\/p>\n<p class=\"link-more\"><a href=\"https:\/\/blogs.univ-jfc.fr\/vphn\/laccueil-des-enfants-espagnols-dans-le-sud-de-la-france-1937-1945-2017\/les-accords-passes-entre-gouvernements-francais-et-republicain-espagnol\/\" class=\"more-link\">Continuer la lecture<span class=\"screen-reader-text\"> de &laquo;&nbsp;Les accords pass\u00e9s entre gouvernements fran\u00e7ais et r\u00e9publicain espagnol.&nbsp;&raquo;<\/span><\/a><\/p>\n","protected":false},"author":446,"featured_media":0,"parent":83,"menu_order":3,"comment_status":"closed","ping_status":"closed","template":"","meta":[],"_links":{"self":[{"href":"https:\/\/blogs.univ-jfc.fr\/vphn\/wp-json\/wp\/v2\/pages\/1314"}],"collection":[{"href":"https:\/\/blogs.univ-jfc.fr\/vphn\/wp-json\/wp\/v2\/pages"}],"about":[{"href":"https:\/\/blogs.univ-jfc.fr\/vphn\/wp-json\/wp\/v2\/types\/page"}],"author":[{"embeddable":true,"href":"https:\/\/blogs.univ-jfc.fr\/vphn\/wp-json\/wp\/v2\/users\/446"}],"replies":[{"embeddable":true,"href":"https:\/\/blogs.univ-jfc.fr\/vphn\/wp-json\/wp\/v2\/comments?post=1314"}],"version-history":[{"count":1,"href":"https:\/\/blogs.univ-jfc.fr\/vphn\/wp-json\/wp\/v2\/pages\/1314\/revisions"}],"predecessor-version":[{"id":1318,"href":"https:\/\/blogs.univ-jfc.fr\/vphn\/wp-json\/wp\/v2\/pages\/1314\/revisions\/1318"}],"up":[{"embeddable":true,"href":"https:\/\/blogs.univ-jfc.fr\/vphn\/wp-json\/wp\/v2\/pages\/83"}],"wp:attachment":[{"href":"https:\/\/blogs.univ-jfc.fr\/vphn\/wp-json\/wp\/v2\/media?parent=1314"}],"curies":[{"name":"wp","href":"https:\/\/api.w.org\/{rel}","templated":true}]}}