{"id":13241,"date":"2024-03-20T15:17:07","date_gmt":"2024-03-20T14:17:07","guid":{"rendered":"http:\/\/blogs.univ-jfc.fr\/vphn\/?page_id=13241"},"modified":"2024-03-29T11:56:07","modified_gmt":"2024-03-29T10:56:07","slug":"liste-des-regiments-ayant-stationne-a-castres","status":"publish","type":"page","link":"https:\/\/blogs.univ-jfc.fr\/vphn\/liste-des-regiments-ayant-stationne-a-castres\/","title":{"rendered":"Liste des r\u00e9giments ayant stationn\u00e9 \u00e0 Castres"},"content":{"rendered":"\n<p>1823 : 9e r\u00e9giment de chasseurs \u00e0 cheval<\/p>\n\n\n\n<p>1824-25 : 14e r\u00e9giment de chasseurs \u00e0 cheval, dits&nbsp;<em>\u00abdu Morbihan\u00bb<\/em><\/p>\n\n\n\n<p>1826-29 : pas de garnison<\/p>\n\n\n\n<p>1830 : une partie du bataillon d&rsquo;ouvriers d&rsquo;administration dont le si\u00e8ge est \u00e0 Albi<\/p>\n\n\n\n<p>1830-31 : un bataillon du 55e r\u00e9giment d&rsquo;infanterie de ligne et deux compagnies du 14e, ainsi qu&rsquo;une partie d&rsquo;un escadron du Train des Parcs d&rsquo;artillerie<\/p>\n\n\n\n<p>1832-33 : 3 compagnies du 18e r\u00e9giment d&rsquo;infanterie l\u00e9g\u00e8re et une du Train des Parcs<\/p>\n\n\n\n<p>1834-35 : le 14e r\u00e9giment d&rsquo;artillerie et une compagnie du Train des Parcs<\/p>\n\n\n\n<p>1835 : de nouveau le 9e r\u00e9giment de chasseurs \u00e0 cheval<\/p>\n\n\n\n<p>1836-37 : le Train des Parcs<\/p>\n\n\n\n<p>1838-39 : un d\u00e9tachement du 57e r\u00e9giment d&rsquo;infanterie de ligne et le Train des parcs<\/p>\n\n\n\n<p>1840 : une partie du 38e r\u00e9giment d&rsquo;infanterie de ligne et le Train des Parcs.<\/p>\n\n\n\n<p><strong>1841-1870 : CAVALERIE L\u00c9G\u00c8RE<\/strong><\/p>\n\n\n\n<p>1841-45 : 12e r\u00e9giment de Dragons<\/p>\n\n\n\n<p>1846 : 5e r\u00e9giment de hussards<\/p>\n\n\n\n<p>1848 : 4e r\u00e9giment de chasseurs \u00e0 cheval<\/p>\n\n\n\n<p>1849 : 5e r\u00e9giment de hussards<\/p>\n\n\n\n<p>1850 : 10e r\u00e9giment de chasseurs \u00e0 cheval<\/p>\n\n\n\n<p>1852 : 7e r\u00e9giment de hussards<\/p>\n\n\n\n<p>1852-56 : 4e r\u00e9giment de hussards. Comme ce r\u00e9giment fait, \u00e0 la m\u00eame \u00e9poque la guerre de Crim\u00e9e, il ne peut s&rsquo;agir \u00e0 Castres que de son d\u00e9p\u00f4t.<\/p>\n\n\n\n<p>1857-59 : 12e r\u00e9giment de chasseurs \u00e0 cheval<\/p>\n\n\n\n<p>1859-61 : 5e r\u00e9giment de hussards<\/p>\n\n\n\n<p>1862-63: 2e r\u00e9giment de hussards<\/p>\n\n\n\n<p>1864 : 4e r\u00e9giment de chasseurs \u00e0 cheval<\/p>\n\n\n\n<p>1865-69 : 12e r\u00e9giment de chasseurs \u00e0 cheval&nbsp;<\/p>\n\n\n\n<p>1870 : 6e r\u00e9giment de hussards.<\/p>\n\n\n\n<p><strong>\u00c0 PARTIR DE 1873 : GARNISONS REGULIERES <\/strong><\/p>\n\n\n\n<p>1873 : 3e r\u00e9giment d&rsquo;artillerie de campagne<\/p>\n\n\n\n<p>1874 : 9e r\u00e9giment d&rsquo;artillerie de campagne<\/p>\n\n\n\n<p>ENTRE-DEUX-GUERRES<\/p>\n\n\n\n<p>1918-1923 : 4e r\u00e9giment de dragons<\/p>\n\n\n\n<p>1919 : 9e r\u00e9giment d&rsquo;artillerie port\u00e9e<\/p>\n\n\n\n<p>1920-1923 : 116e r\u00e9giment d&rsquo;artillerie lourde<\/p>\n\n\n\n<p>1924-1929 : 63e r\u00e9giment d&rsquo;artillerie port\u00e9e<\/p>\n\n\n\n<p>1929-1939 : 115e r\u00e9giment d&rsquo;artillerie lourde hippomobile et 20e r\u00e9giment d&rsquo;artillerie<\/p>\n\n\n\n<p><strong>SECONDE GUERRE MONDIALE<\/strong><\/p>\n\n\n\n<p>1940-1942 : 3e r\u00e9giment de dragons <\/p>\n\n\n\n<p> 1945 : 12e r\u00e9giment de dragons<\/p>\n\n\n\n<p><strong>APRES-GUERRE<\/strong><\/p>\n\n\n\n<p>1945-1950 : 1er r\u00e9giment d&rsquo;artillerie coloniale<\/p>\n\n\n\n<p>1950-1952 : 2e r\u00e9giment d&rsquo;artillerie coloniale <\/p>\n\n\n\n<p>1954-1955 : 13e r\u00e9giment de dragons parachutistes<\/p>\n\n\n\n<p>1962 : 8e r\u00e9giment parachutiste d&rsquo;infanterie de marine<\/p>\n","protected":false},"excerpt":{"rendered":"<p>1823 : 9e r\u00e9giment de chasseurs \u00e0 cheval 1824-25 : 14e r\u00e9giment de chasseurs \u00e0 cheval, dits&nbsp;\u00abdu Morbihan\u00bb 1826-29 : pas de garnison 1830 : une partie du bataillon d&rsquo;ouvriers d&rsquo;administration dont le si\u00e8ge est \u00e0 Albi 1830-31 : un bataillon du 55e r\u00e9giment d&rsquo;infanterie de ligne et deux compagnies du 14e, ainsi qu&rsquo;une partie &hellip; <\/p>\n<p class=\"link-more\"><a href=\"https:\/\/blogs.univ-jfc.fr\/vphn\/liste-des-regiments-ayant-stationne-a-castres\/\" class=\"more-link\">Continuer la lecture<span class=\"screen-reader-text\"> de &laquo;&nbsp;Liste des r\u00e9giments ayant stationn\u00e9 \u00e0 Castres&nbsp;&raquo;<\/span><\/a><\/p>\n","protected":false},"author":1182,"featured_media":0,"parent":0,"menu_order":0,"comment_status":"closed","ping_status":"closed","template":"","meta":[],"_links":{"self":[{"href":"https:\/\/blogs.univ-jfc.fr\/vphn\/wp-json\/wp\/v2\/pages\/13241"}],"collection":[{"href":"https:\/\/blogs.univ-jfc.fr\/vphn\/wp-json\/wp\/v2\/pages"}],"about":[{"href":"https:\/\/blogs.univ-jfc.fr\/vphn\/wp-json\/wp\/v2\/types\/page"}],"author":[{"embeddable":true,"href":"https:\/\/blogs.univ-jfc.fr\/vphn\/wp-json\/wp\/v2\/users\/1182"}],"replies":[{"embeddable":true,"href":"https:\/\/blogs.univ-jfc.fr\/vphn\/wp-json\/wp\/v2\/comments?post=13241"}],"version-history":[{"count":5,"href":"https:\/\/blogs.univ-jfc.fr\/vphn\/wp-json\/wp\/v2\/pages\/13241\/revisions"}],"predecessor-version":[{"id":13444,"href":"https:\/\/blogs.univ-jfc.fr\/vphn\/wp-json\/wp\/v2\/pages\/13241\/revisions\/13444"}],"wp:attachment":[{"href":"https:\/\/blogs.univ-jfc.fr\/vphn\/wp-json\/wp\/v2\/media?parent=13241"}],"curies":[{"name":"wp","href":"https:\/\/api.w.org\/{rel}","templated":true}]}}