{"id":13244,"date":"2024-03-20T15:28:50","date_gmt":"2024-03-20T14:28:50","guid":{"rendered":"http:\/\/blogs.univ-jfc.fr\/vphn\/?page_id=13244"},"modified":"2024-03-28T11:34:43","modified_gmt":"2024-03-28T10:34:43","slug":"citation-du-9e-rac","status":"publish","type":"page","link":"https:\/\/blogs.univ-jfc.fr\/vphn\/citation-du-9e-rac\/","title":{"rendered":"Citation du 9e RAC"},"content":{"rendered":"\n<p><em>\u00ab Belle unit\u00e9 de tranch\u00e9e, solide et brave. Au mois d&rsquo;ao\u00fbt 1917, sous le commandement du sous-lieutenant Herviot, a puissamment contribu\u00e9 \u00e0 la destruction des premi\u00e8res lignes ennemies, en venant s&rsquo;installer rapidement en deux points vus de l&rsquo;adversaire, mais d&rsquo;o\u00f9 son action pouvait \u00eatre particuli\u00e8rement efficace.<\/em><\/p>\n\n\n\n<p><em>A ensuite accompagn\u00e9 l&rsquo;infanterie \u00e0 l\u2019attaque, avec des canons de montagne tra\u00een\u00e9s \u00e0 bras, sur les pentes boulevers\u00e9es du Mort-Hommes\u00bb.<\/em><\/p>\n","protected":false},"excerpt":{"rendered":"<p>\u00ab Belle unit\u00e9 de tranch\u00e9e, solide et brave. Au mois d&rsquo;ao\u00fbt 1917, sous le commandement du sous-lieutenant Herviot, a puissamment contribu\u00e9 \u00e0 la destruction des premi\u00e8res lignes ennemies, en venant s&rsquo;installer rapidement en deux points vus de l&rsquo;adversaire, mais d&rsquo;o\u00f9 son action pouvait \u00eatre particuli\u00e8rement efficace. A ensuite accompagn\u00e9 l&rsquo;infanterie \u00e0 l\u2019attaque, avec des canons &hellip; <\/p>\n<p class=\"link-more\"><a href=\"https:\/\/blogs.univ-jfc.fr\/vphn\/citation-du-9e-rac\/\" class=\"more-link\">Continuer la lecture<span class=\"screen-reader-text\"> de &laquo;&nbsp;Citation du 9e RAC&nbsp;&raquo;<\/span><\/a><\/p>\n","protected":false},"author":1182,"featured_media":0,"parent":0,"menu_order":0,"comment_status":"closed","ping_status":"closed","template":"","meta":[],"_links":{"self":[{"href":"https:\/\/blogs.univ-jfc.fr\/vphn\/wp-json\/wp\/v2\/pages\/13244"}],"collection":[{"href":"https:\/\/blogs.univ-jfc.fr\/vphn\/wp-json\/wp\/v2\/pages"}],"about":[{"href":"https:\/\/blogs.univ-jfc.fr\/vphn\/wp-json\/wp\/v2\/types\/page"}],"author":[{"embeddable":true,"href":"https:\/\/blogs.univ-jfc.fr\/vphn\/wp-json\/wp\/v2\/users\/1182"}],"replies":[{"embeddable":true,"href":"https:\/\/blogs.univ-jfc.fr\/vphn\/wp-json\/wp\/v2\/comments?post=13244"}],"version-history":[{"count":1,"href":"https:\/\/blogs.univ-jfc.fr\/vphn\/wp-json\/wp\/v2\/pages\/13244\/revisions"}],"predecessor-version":[{"id":13245,"href":"https:\/\/blogs.univ-jfc.fr\/vphn\/wp-json\/wp\/v2\/pages\/13244\/revisions\/13245"}],"wp:attachment":[{"href":"https:\/\/blogs.univ-jfc.fr\/vphn\/wp-json\/wp\/v2\/media?parent=13244"}],"curies":[{"name":"wp","href":"https:\/\/api.w.org\/{rel}","templated":true}]}}