{"id":1337,"date":"2018-02-01T11:39:33","date_gmt":"2018-02-01T10:39:33","guid":{"rendered":"http:\/\/blogs.univ-jfc.fr\/vphn\/?page_id=1337"},"modified":"2018-02-01T12:37:02","modified_gmt":"2018-02-01T11:37:02","slug":"exemple-de-lecole-de-montauban","status":"publish","type":"page","link":"https:\/\/blogs.univ-jfc.fr\/vphn\/laccueil-des-enfants-espagnols-dans-le-sud-de-la-france-1937-1945-2017\/exemple-de-lecole-de-montauban\/","title":{"rendered":"Exemple de l&rsquo;\u00e9cole de Montauban."},"content":{"rendered":"<p><span style=\"font-size: small;color: #ffffff\"><span style=\"font-family: Arial,sans-serif\">Par exemple, au sein d&rsquo;une colonie d&rsquo;enfants \u00e0 Montauban, s\u2019est form\u00e9e une, puis deux classes g\u00e9r\u00e9es par des instituteurs espagnols. L\u2019\u00e9cole accueillait 140 enfants des deux sexes, de 4 \u00e0 14 ans, les classes \u00e9taient confi\u00e9es \u00e0 trois institutrices et \u00e0 un instituteur qui avaient exerc\u00e9 (en Espagne) les m\u00eames fonctions dans l\u2019enseignement public. Cet exemple illustre bien le souhait de valoriser \u201cl\u2019entre soi\u201d par le pouvoir r\u00e9publicain espagnol.<\/span><\/span><\/p>\n","protected":false},"excerpt":{"rendered":"<p>Par exemple, au sein d&rsquo;une colonie d&rsquo;enfants \u00e0 Montauban, s\u2019est form\u00e9e une, puis deux classes g\u00e9r\u00e9es par des instituteurs espagnols. L\u2019\u00e9cole accueillait 140 enfants des deux sexes, de 4 \u00e0 14 ans, les classes \u00e9taient confi\u00e9es \u00e0 trois institutrices et \u00e0 un instituteur qui avaient exerc\u00e9 (en Espagne) les m\u00eames fonctions dans l\u2019enseignement public. Cet &hellip; <\/p>\n<p class=\"link-more\"><a href=\"https:\/\/blogs.univ-jfc.fr\/vphn\/laccueil-des-enfants-espagnols-dans-le-sud-de-la-france-1937-1945-2017\/exemple-de-lecole-de-montauban\/\" class=\"more-link\">Continuer la lecture<span class=\"screen-reader-text\"> de &laquo;&nbsp;Exemple de l&rsquo;\u00e9cole de Montauban.&nbsp;&raquo;<\/span><\/a><\/p>\n","protected":false},"author":446,"featured_media":0,"parent":83,"menu_order":5,"comment_status":"closed","ping_status":"closed","template":"","meta":[],"_links":{"self":[{"href":"https:\/\/blogs.univ-jfc.fr\/vphn\/wp-json\/wp\/v2\/pages\/1337"}],"collection":[{"href":"https:\/\/blogs.univ-jfc.fr\/vphn\/wp-json\/wp\/v2\/pages"}],"about":[{"href":"https:\/\/blogs.univ-jfc.fr\/vphn\/wp-json\/wp\/v2\/types\/page"}],"author":[{"embeddable":true,"href":"https:\/\/blogs.univ-jfc.fr\/vphn\/wp-json\/wp\/v2\/users\/446"}],"replies":[{"embeddable":true,"href":"https:\/\/blogs.univ-jfc.fr\/vphn\/wp-json\/wp\/v2\/comments?post=1337"}],"version-history":[{"count":2,"href":"https:\/\/blogs.univ-jfc.fr\/vphn\/wp-json\/wp\/v2\/pages\/1337\/revisions"}],"predecessor-version":[{"id":1633,"href":"https:\/\/blogs.univ-jfc.fr\/vphn\/wp-json\/wp\/v2\/pages\/1337\/revisions\/1633"}],"up":[{"embeddable":true,"href":"https:\/\/blogs.univ-jfc.fr\/vphn\/wp-json\/wp\/v2\/pages\/83"}],"wp:attachment":[{"href":"https:\/\/blogs.univ-jfc.fr\/vphn\/wp-json\/wp\/v2\/media?parent=1337"}],"curies":[{"name":"wp","href":"https:\/\/api.w.org\/{rel}","templated":true}]}}