{"id":1344,"date":"2018-02-01T11:40:33","date_gmt":"2018-02-01T10:40:33","guid":{"rendered":"http:\/\/blogs.univ-jfc.fr\/vphn\/?page_id=1344"},"modified":"2018-02-01T12:36:08","modified_gmt":"2018-02-01T11:36:08","slug":"echecs-de-la-cgt","status":"publish","type":"page","link":"https:\/\/blogs.univ-jfc.fr\/vphn\/laccueil-des-enfants-espagnols-dans-le-sud-de-la-france-1937-1945-2017\/echecs-de-la-cgt\/","title":{"rendered":"Echecs de la CGT."},"content":{"rendered":"<p align=\"justify\"><span style=\"color: #ffffff;font-size: small\"><span style=\"font-family: Arial,sans-serif\">la CGT conna\u00eet une crise int\u00e9rieure, suite \u00e0 l\u2019\u00e9chec des gr\u00e8ves men\u00e9es par le syndicat en novembre 1938, 10 % de la classe ouvri\u00e8re est licenci\u00e9e. Selon l\u2019historien Morgan Poggioli, cette crise marque \u00ab\u00a0la fin des illusions\u00a0\u00bb de la CGT. Beaucoup de postes sont supprim\u00e9s au sein de la CGT, et en janvier 1939, la CAEE, d\u00e9pendante de la CGT fait faillite.<\/span><\/span><\/p>\n<p align=\"justify\"><span style=\"color: #ffffff;font-size: small\"><span style=\"font-family: Arial,sans-serif\">De plus, l&rsquo;\u00e9lan de solidarit\u00e9 qui s&rsquo;\u00e9tait cr\u00e9\u00e9 durant les ann\u00e9es du front populaire s&rsquo;estompe avec le retour du gouvernement de droite de Daladier, en 1938.<\/span><\/span><\/p>\n<div id=\"sdfootnote1\">\n<p class=\"sdfootnote\"><span style=\"color: #ffffff\"><a class=\"sdfootnotesym\" style=\"color: #ffffff\" href=\"#sdfootnote1anc\" name=\"sdfootnote1sym\"><\/a><\/span><\/p>\n<\/div>\n<div id=\"sdfootnote1\">\n<p align=\"justify\"><span style=\"font-family: Arial,sans-serif\"><span style=\"font-size: xx-small\"><span lang=\"en-US\">\u00a0<\/span><\/span><\/span><\/p>\n<\/div>\n<p><span style=\"font-size: small\"><span style=\"font-family: Arial,sans-serif\">\u00a0<\/span><\/span><\/p>\n","protected":false},"excerpt":{"rendered":"<p>la CGT conna\u00eet une crise int\u00e9rieure, suite \u00e0 l\u2019\u00e9chec des gr\u00e8ves men\u00e9es par le syndicat en novembre 1938, 10 % de la classe ouvri\u00e8re est licenci\u00e9e. Selon l\u2019historien Morgan Poggioli, cette crise marque \u00ab\u00a0la fin des illusions\u00a0\u00bb de la CGT. Beaucoup de postes sont supprim\u00e9s au sein de la CGT, et en janvier 1939, la &hellip; <\/p>\n<p class=\"link-more\"><a href=\"https:\/\/blogs.univ-jfc.fr\/vphn\/laccueil-des-enfants-espagnols-dans-le-sud-de-la-france-1937-1945-2017\/echecs-de-la-cgt\/\" class=\"more-link\">Continuer la lecture<span class=\"screen-reader-text\"> de &laquo;&nbsp;Echecs de la CGT.&nbsp;&raquo;<\/span><\/a><\/p>\n","protected":false},"author":446,"featured_media":0,"parent":83,"menu_order":6,"comment_status":"closed","ping_status":"closed","template":"","meta":[],"_links":{"self":[{"href":"https:\/\/blogs.univ-jfc.fr\/vphn\/wp-json\/wp\/v2\/pages\/1344"}],"collection":[{"href":"https:\/\/blogs.univ-jfc.fr\/vphn\/wp-json\/wp\/v2\/pages"}],"about":[{"href":"https:\/\/blogs.univ-jfc.fr\/vphn\/wp-json\/wp\/v2\/types\/page"}],"author":[{"embeddable":true,"href":"https:\/\/blogs.univ-jfc.fr\/vphn\/wp-json\/wp\/v2\/users\/446"}],"replies":[{"embeddable":true,"href":"https:\/\/blogs.univ-jfc.fr\/vphn\/wp-json\/wp\/v2\/comments?post=1344"}],"version-history":[{"count":4,"href":"https:\/\/blogs.univ-jfc.fr\/vphn\/wp-json\/wp\/v2\/pages\/1344\/revisions"}],"predecessor-version":[{"id":1630,"href":"https:\/\/blogs.univ-jfc.fr\/vphn\/wp-json\/wp\/v2\/pages\/1344\/revisions\/1630"}],"up":[{"embeddable":true,"href":"https:\/\/blogs.univ-jfc.fr\/vphn\/wp-json\/wp\/v2\/pages\/83"}],"wp:attachment":[{"href":"https:\/\/blogs.univ-jfc.fr\/vphn\/wp-json\/wp\/v2\/media?parent=1344"}],"curies":[{"name":"wp","href":"https:\/\/api.w.org\/{rel}","templated":true}]}}