{"id":13472,"date":"2024-04-01T13:20:07","date_gmt":"2024-04-01T11:20:07","guid":{"rendered":"http:\/\/blogs.univ-jfc.fr\/vphn\/?page_id=13472"},"modified":"2024-04-01T13:22:20","modified_gmt":"2024-04-01T11:22:20","slug":"saints-patrons-dans-larmee-francaise","status":"publish","type":"page","link":"https:\/\/blogs.univ-jfc.fr\/vphn\/saints-patrons-dans-larmee-francaise\/","title":{"rendered":"Saints patrons dans l&rsquo;arm\u00e9e fran\u00e7aise"},"content":{"rendered":"\n<p>Un saint patron est un protecteur. Chaque arme, cavalerie, artillerie, g\u00e9nie, train, et chaque corps, en poss\u00e8de un. Malgr\u00e9 l&rsquo;ind\u00e9niable la\u00efcit\u00e9 de la R\u00e9publique fran\u00e7aise, les arm\u00e9es du pays conservent cette tradition spirituelle issue du Moyen-\u00c2ge par le choix de ces patrons. \u00ab\u00a0<em>Saint S\u00e9bastien a \u00e9t\u00e9 le patron des archers puis des arbal\u00e9triers. Au XII<\/em><sup><em>e<\/em><\/sup><em> si\u00e8cle, saint Georges devient celui des chevaliers.<\/em> [\u2026] <em>Sainte Barbe<\/em> [\u2026] <em>devint la patronne des fortifications et des sapeurs, puis avec l\u2019apparition des armes \u00e0 feu, celle des artilleurs, artificiers, pompiers, mineurs.<\/em>\u00a0\u00bb (Champeaux, Antoine. \u00ab\u00a0Les saints patrons dans les arm\u00e9es fran\u00e7aises\u00a0\u00bb, <em>Revue Historique des Arm\u00e9es<\/em>, vol. 289, no. 4, 2017, pp. 115-134.).<\/p>\n\n\n\n<p>Saint Michel est le patron des parachutistes, et est encore c\u00e9l\u00e9br\u00e9 chaque ann\u00e9e dans les r\u00e9giments parachutistes. <\/p>\n\n\n\n<div class=\"wp-block-group\"><div class=\"wp-block-group__inner-container\">\n<p style=\"line-height:0\"><em>La volont\u00e9 de Dieu tout \u00e0 coup verticale et s\u00e9v\u00e8re<\/em><\/p>\n\n\n\n<p style=\"line-height:0\"><em>Qui vous saisit par les \u00e9paules<\/em>,<\/p>\n\n\n\n<p style=\"line-height:0\"><em>Vous arrache et vous l\u00e2che comme une pierre<\/em><\/p>\n\n\n\n<p style=\"line-height:0\"><em>Afin que foudroyant, inopin\u00e9, \u00e0 travers l\u2019inconnu et le jonc<\/em>,<\/p>\n\n\n\n<p style=\"line-height:0\"><em>On continue, puisque je suis fait pour \u00e7a<\/em>,<\/p>\n\n\n\n<p style=\"line-height:0\"><em>Le combat de la France contre le Dragon<\/em>,<\/p>\n\n\n\n<p style=\"line-height:0\"><em>Tout \u00e7a est pour attester aux gens une fois de plus<\/em><\/p>\n\n\n\n<p style=\"line-height:0\"><em>Cette bonne chose de tout le poids qu\u2019on est<\/em>,<\/p>\n\n\n\n<p style=\"line-height:0\"><em>Et que le Dragon n\u2019a pas raison une fois de plus<\/em><\/p>\n\n\n\n<p style=\"line-height:0\"><em>Quand il essaie de discuter avec Saint Michel\u00a0!<\/em><\/p>\n\n\n\n<p style=\"line-height:0\"><em>Salut, Champion de l\u2019Oc\u00e9an\u00a0! Salut, gendarme de Dieu\u00a0!<\/em><\/p>\n\n\n\n<p style=\"line-height:0\"><em>Repr\u00e9sentant de tout ce qui l\u00e0-haut dans le ciel<\/em>,<\/p>\n\n\n\n<p style=\"line-height:0\"><em>Sur la terre essaie de se faire comprendre comme il peut<\/em>,<\/p>\n\n\n\n<p style=\"line-height:0\"><em>De tout cela universel qui a raison contre le particulier<\/em>,<\/p>\n\n\n\n<p style=\"line-height:0\"><em>De tout cela spirituel qui a raison contre le s\u00e9culier<\/em>,<\/p>\n\n\n\n<p style=\"line-height:0\"><em>De tout cela rectiligne qui a raison contre l\u2019entortill\u00e9\u00a0!<\/em><\/p>\n\n\n\n<p style=\"line-height:0\"><em>Salut, guerrier plein de paix et confident de ce p\u00e8re<\/em><\/p>\n\n\n\n<p style=\"line-height:0\"><em>Puisqu\u2019il n\u2019y a pas moyen autrement<\/em><\/p>\n\n\n\n<p style=\"line-height:0\"><em>Qui essaye de se faire comprendre \u00e0 coups de tonnerre\u00a0!<\/em><\/p>\n\n\n\n<p style=\"line-height:0\"><em>Saint breton\u00a0! Saint brutal\u00a0! Esp\u00e8ce de colonel et de militaire\u00a0!<\/em><\/p>\n\n\n\n<p style=\"line-height:0\"><em>Aide-moi, lui comprendre, elle aussi<\/em>,<\/p>\n\n\n\n<p style=\"line-height:0\"><em>C\u2019te femme jaune par l\u00e0-dessous qu\u2019on a bizarrement \u00e9pous\u00e9e<\/em><\/p>\n\n\n\n<p style=\"line-height:0\"><em>(Et malgr\u00e9 qu\u2019on ne cause pas pareil on avait fini par s\u2019arranger)<\/em><\/p>\n\n\n\n<p style=\"line-height:0\"><em>Parce qu\u2019elle a une autre id\u00e9e, Madame<\/em>,<\/p>\n\n\n\n<p style=\"line-height:0\"><em>\u00c7a ne va pas qu\u2019elle ait le droit tout bonnement de vous l\u00e2cher\u00a0!<\/em><\/p>\n\n\n\n<p style=\"line-height:0\"><em>Il y a ce sang tout de m\u00eame entre nous qui fait une esp\u00e8ce de Sacrement\u00a0!<\/em><\/p>\n\n\n\n<p style=\"line-height:0\"><em>Le sang pas seulement de marins et de soldats et les types du gouvernement<\/em>,<\/p>\n\n\n\n<p style=\"line-height:0\"><em>Mais d\u2019\u00e9v\u00eaques et de religieuses<\/em>, <em>et de saints et de missionnaires et de martyrs<\/em>,<\/p>\n\n\n\n<p style=\"line-height:0\"><em>Tous emmanch\u00e9s \u00e0 c\u2019te terre si fort qu\u2019il n\u2019y a pas moyen qu\u2019on les en tire<\/em>,<\/p>\n\n\n\n<p style=\"line-height:0\"><em>Et si tu en avais oubli\u00e9 le go\u00fbt, Madame<\/em>,<\/p>\n\n\n\n<p style=\"line-height:0\"><em>Ce sang pourtant encore tout frais \u00e0 tes doigts<\/em>,<\/p>\n\n\n\n<p style=\"line-height:0\"><em>Il y a nous de nouveau du ciel qui descendons pour le partager avec toi\u00a0!<\/em><\/p>\n\n\n\n<p style=\"line-height:0\"><em>Cette terre o\u00f9 nous prenons pied, c\u2019est la n\u00f4tre que nous avons pay\u00e9e cher<\/em>,<\/p>\n\n\n\n<p style=\"line-height:0\"><em>Et j\u2019entends le clairon au clairon l\u00e0-bas qui r\u00e9pond \u00e0 travers la rizi\u00e8re.<\/em><\/p>\n<\/div><\/div>\n\n\n\n<p>Saint Michel archange, patron des parachutistes du corps exp\u00e9ditionnaire d\u2019Indochine, Paul Claudel, 17\u00a0juillet 1948, cit\u00e9 par Champeaux, Antoine. \u00ab\u00a0Les saints patrons dans les arm\u00e9es fran\u00e7aises\u00a0\u00bb, <em>Revue Historique des Arm\u00e9es<\/em>, vol. 289, no. 4, 2017, pp. 115-134.<\/p>\n\n\n\n<p><strong><em>Pour en savoir plus<\/em><\/strong><\/p>\n\n\n\n<p>Lien de l&rsquo;article cit\u00e9 : <a href=\"https:\/\/www-cairn-info.gorgone.univ-toulouse.fr\/revue-historique-des-armees-2017-4-page-115.htm\" target=\"_blank\" rel=\"noreferrer noopener\">https:\/\/www-cairn-info.gorgone.univ-toulouse.fr\/revue-historique-des-armees-2017-4-page-115.htm<\/a> <\/p>\n","protected":false},"excerpt":{"rendered":"<p>Un saint patron est un protecteur. Chaque arme, cavalerie, artillerie, g\u00e9nie, train, et chaque corps, en poss\u00e8de un. Malgr\u00e9 l&rsquo;ind\u00e9niable la\u00efcit\u00e9 de la R\u00e9publique fran\u00e7aise, les arm\u00e9es du pays conservent cette tradition spirituelle issue du Moyen-\u00c2ge par le choix de ces patrons. \u00ab\u00a0Saint S\u00e9bastien a \u00e9t\u00e9 le patron des archers puis des arbal\u00e9triers. Au XIIe &hellip; <\/p>\n<p class=\"link-more\"><a href=\"https:\/\/blogs.univ-jfc.fr\/vphn\/saints-patrons-dans-larmee-francaise\/\" class=\"more-link\">Continuer la lecture<span class=\"screen-reader-text\"> de &laquo;&nbsp;Saints patrons dans l&rsquo;arm\u00e9e fran\u00e7aise&nbsp;&raquo;<\/span><\/a><\/p>\n","protected":false},"author":1182,"featured_media":0,"parent":0,"menu_order":0,"comment_status":"closed","ping_status":"closed","template":"","meta":[],"_links":{"self":[{"href":"https:\/\/blogs.univ-jfc.fr\/vphn\/wp-json\/wp\/v2\/pages\/13472"}],"collection":[{"href":"https:\/\/blogs.univ-jfc.fr\/vphn\/wp-json\/wp\/v2\/pages"}],"about":[{"href":"https:\/\/blogs.univ-jfc.fr\/vphn\/wp-json\/wp\/v2\/types\/page"}],"author":[{"embeddable":true,"href":"https:\/\/blogs.univ-jfc.fr\/vphn\/wp-json\/wp\/v2\/users\/1182"}],"replies":[{"embeddable":true,"href":"https:\/\/blogs.univ-jfc.fr\/vphn\/wp-json\/wp\/v2\/comments?post=13472"}],"version-history":[{"count":5,"href":"https:\/\/blogs.univ-jfc.fr\/vphn\/wp-json\/wp\/v2\/pages\/13472\/revisions"}],"predecessor-version":[{"id":13477,"href":"https:\/\/blogs.univ-jfc.fr\/vphn\/wp-json\/wp\/v2\/pages\/13472\/revisions\/13477"}],"wp:attachment":[{"href":"https:\/\/blogs.univ-jfc.fr\/vphn\/wp-json\/wp\/v2\/media?parent=13472"}],"curies":[{"name":"wp","href":"https:\/\/api.w.org\/{rel}","templated":true}]}}