{"id":1351,"date":"2018-02-01T11:41:48","date_gmt":"2018-02-01T10:41:48","guid":{"rendered":"http:\/\/blogs.univ-jfc.fr\/vphn\/?page_id=1351"},"modified":"2018-03-05T17:15:37","modified_gmt":"2018-03-05T16:15:37","slug":"la-retirade","status":"publish","type":"page","link":"https:\/\/blogs.univ-jfc.fr\/vphn\/la-retirade\/","title":{"rendered":"La \u00ab\u00a0retirade\u00a0\u00bb"},"content":{"rendered":"<p align=\"justify\"><span style=\"font-family: Arial,sans-serif;color: #ffffff;font-size: small\">Suite \u00e0 la victoire du g\u00e9n\u00e9ral Franco en f\u00e9vrier 1939 une dictature militaire est mise en place en Espagne et met fin aux combats. L&rsquo;arm\u00e9e r\u00e9publicaine est contrainte de battre en retraite. Plusieurs milliers d&rsquo;espagnols r\u00e9publicains fuient leur pays et trouvent refuge en France<i>.<\/i> Face au grand nombre d&rsquo;exil\u00e9s, le gouvernement fran\u00e7ais est d\u00e9bord\u00e9 et doit dans l&rsquo;urgence trouver des moyens d&rsquo;accueil pour parer cette arriv\u00e9e massive. Des \u00ab\u00a0centres de triage<sup><a class=\"sdfootnoteanc\" style=\"color: #ffffff\" href=\"#sdfootnote1sym\" name=\"sdfootnote1anc\"><\/a><\/sup>\u00bb sont-ils cr\u00e9\u00e9s \u00e0 la fronti\u00e8re. Les hommes en age de travailler sont conduits dans des camps improvis\u00e9s sur les plages du Roussillon et forment des compagnies de travailleurs \u00e9trangers, ils sont charg\u00e9s de corv\u00e9es au service du ministre de l&rsquo;arm\u00e9e. Les femmes et les enfants, quant \u00e0 eux, sont dirig\u00e9s vers des r\u00e9gions \u00e9loign\u00e9es des Pyr\u00e9n\u00e9es. Ils sont alors accueillis l\u00e0 o\u00f9 les autorit\u00e9s trouvent de la place dans des conditions qui laissent \u00e0 d\u00e9sirer.<br \/>\n<\/span><\/p>\n<h1 align=\"justify\"><span style=\"color: #000000;font-size: large\"><span style=\"font-family: Arial,sans-serif\">\u00a0<\/span><\/span><\/h1>\n<p>&nbsp;<\/p>\n<div id=\"sdfootnote1\">\n<p align=\"justify\"><span style=\"color: #00000a\"><span style=\"font-family: Times New Roman,serif\"><span style=\"font-size: small\"><span lang=\"en-US\">\u00a0<\/span><\/span><\/span><\/span><\/p>\n<\/div>\n<p><img loading=\"lazy\" class=\"size-full wp-image-1233\" src=\"http:\/\/blogs.univ-jfc.fr\/vphn\/wp-content\/uploads\/sites\/65\/2018\/02\/EXIL-ESPAGNOLS.jpg\" alt=\"\" width=\"269\" height=\"188\" \/><\/p>\n<p>R\u00e9fugi\u00e9s espagnols pendant leur transfert au camp de Barcar\u00e8s &#8211; Mus\u00e9e national de l&rsquo;histoire et des cultures de l&rsquo;immigration &#8211; Robert Capa \u00a0&#8211; mars 1939.<\/p>\n","protected":false},"excerpt":{"rendered":"<p>Suite \u00e0 la victoire du g\u00e9n\u00e9ral Franco en f\u00e9vrier 1939 une dictature militaire est mise en place en Espagne et met fin aux combats. L&rsquo;arm\u00e9e r\u00e9publicaine est contrainte de battre en retraite. Plusieurs milliers d&rsquo;espagnols r\u00e9publicains fuient leur pays et trouvent refuge en France. Face au grand nombre d&rsquo;exil\u00e9s, le gouvernement fran\u00e7ais est d\u00e9bord\u00e9 et &hellip; <\/p>\n<p class=\"link-more\"><a href=\"https:\/\/blogs.univ-jfc.fr\/vphn\/la-retirade\/\" class=\"more-link\">Continuer la lecture<span class=\"screen-reader-text\"> de &laquo;&nbsp;La \u00ab\u00a0retirade\u00a0\u00bb&nbsp;&raquo;<\/span><\/a><\/p>\n","protected":false},"author":446,"featured_media":0,"parent":0,"menu_order":0,"comment_status":"closed","ping_status":"closed","template":"","meta":[],"_links":{"self":[{"href":"https:\/\/blogs.univ-jfc.fr\/vphn\/wp-json\/wp\/v2\/pages\/1351"}],"collection":[{"href":"https:\/\/blogs.univ-jfc.fr\/vphn\/wp-json\/wp\/v2\/pages"}],"about":[{"href":"https:\/\/blogs.univ-jfc.fr\/vphn\/wp-json\/wp\/v2\/types\/page"}],"author":[{"embeddable":true,"href":"https:\/\/blogs.univ-jfc.fr\/vphn\/wp-json\/wp\/v2\/users\/446"}],"replies":[{"embeddable":true,"href":"https:\/\/blogs.univ-jfc.fr\/vphn\/wp-json\/wp\/v2\/comments?post=1351"}],"version-history":[{"count":3,"href":"https:\/\/blogs.univ-jfc.fr\/vphn\/wp-json\/wp\/v2\/pages\/1351\/revisions"}],"predecessor-version":[{"id":1620,"href":"https:\/\/blogs.univ-jfc.fr\/vphn\/wp-json\/wp\/v2\/pages\/1351\/revisions\/1620"}],"wp:attachment":[{"href":"https:\/\/blogs.univ-jfc.fr\/vphn\/wp-json\/wp\/v2\/media?parent=1351"}],"curies":[{"name":"wp","href":"https:\/\/api.w.org\/{rel}","templated":true}]}}