{"id":13716,"date":"2024-04-14T14:03:39","date_gmt":"2024-04-14T12:03:39","guid":{"rendered":"http:\/\/blogs.univ-jfc.fr\/vphn\/?page_id=13716"},"modified":"2024-04-14T14:03:39","modified_gmt":"2024-04-14T12:03:39","slug":"bibliographie-indicative-la-course-a-lespace-element-de-propagande-du-modele-sovietique-de-1947-a-1975","status":"publish","type":"page","link":"https:\/\/blogs.univ-jfc.fr\/vphn\/bibliographie-indicative-la-course-a-lespace-element-de-propagande-du-modele-sovietique-de-1947-a-1975\/","title":{"rendered":"Bibliographie indicative : La course \u00e0 l&rsquo;espace, \u00e9l\u00e9ment de propagande du mod\u00e8le sovi\u00e9tique de 1947 \u00e0 1975"},"content":{"rendered":"\n<p><strong>I. OUVRAGES \u00c0 CARACT\u00c8RE DE SOURCES :&nbsp;<\/strong><\/p>\n\n\n\n<p><strong>Ouvrage sp\u00e9cialis\u00e9 :<\/strong><\/p>\n\n\n\n<p>&nbsp;&#8211; VEDENSKI, B .A., (dir), la Grande encyclop\u00e9die sovi\u00e9tique : U.R.S.S, Moscou, \u00c9ditions d\u2019\u00c9tat des \u0153uvres scientifiques, 1957, 764 p.&nbsp;<\/p>\n\n\n\n<p>&#8211; GURIAN ,Waldemar, \u00ab USA et URSS \u00bb, Politique \u00e9trang\u00e8re, 1949, pp. 441-420.<\/p>\n\n\n\n<p><strong>Oeuvres cin\u00e9matographiques :<\/strong><\/p>\n\n\n\n<p>&nbsp;&#8211; BRUMBERG,Valentina, Pol\u00ebt na lunu [vol pour la lune], So\u00efouzmoultfilm, 1953.<\/p>\n\n\n\n<p>&#8211; KLUSANCEV, Pavel, Planeta bur\u2019 [La plan\u00e8te des temp\u00eates], Moscou, So\u00efouzmoultfilm, 1961.<\/p>\n\n\n\n<p>&#8211; RAJKOVSKI, Evgenij, STEPANCEV, Boris, Murzilka na Sputnike [Mourzilka dans le spoutnik], Moscou, So\u00efouzmoultfilm, 1960.<\/p>\n\n\n\n<p>&#8211; VIKTOROV, Richard, Moskva-Kassiopeja [Moscou-Cassiop\u00e9e], Moscou, studio Gorki ,1973.<\/p>\n\n\n\n<p><strong>II. OUVRAGES G\u00c9N\u00c9RAUX :<\/strong><\/p>\n\n\n\n<p><strong>&nbsp;Histoire politique, \u00e9conomique et g\u00e9opolitique :&nbsp;<\/strong><\/p>\n\n\n\n<p>&nbsp;&#8211; GRAZIOSI, Andrea, Histoire de l\u2019URSS , Paris, Presse Universitaire de France, 2010, 624 p.<\/p>\n\n\n\n<p><strong>Propagande et repr\u00e9sentation :&nbsp;<\/strong><\/p>\n\n\n\n<p>&#8211; FERRO, Marc, Cin\u00e9ma et Histoire, Paris, Folio Historique, 1977, 290 p.&nbsp;<\/p>\n\n\n\n<p>&#8211; ELLUL, Jaques, Propagandes, Paris, Economica, 1990, 361 p.<\/p>\n\n\n\n<p><strong>&nbsp;Histoire de l\u2019espace :&nbsp;<\/strong><\/p>\n\n\n\n<p>&#8211; SPARROW, Giles, Spaceflight:the complete story, from Sputnik to curiositu, London, Dorling Kindersley Limited, 2019, 320 p.&nbsp;<\/p>\n\n\n\n<p><strong>&nbsp;III. OUVRAGES ET ARTICLES SP\u00c9CIALIS\u00c9S&nbsp;<\/strong><\/p>\n\n\n\n<p><strong>Concept de propagande sovi\u00e9tique :&nbsp;<\/strong><\/p>\n\n\n\n<p><strong>Ouvrages :&nbsp;<\/strong><\/p>\n\n\n\n<p>&#8211; JOWETT, Garth, O\u2019DONNELL, Victoria, Propaganda and Persuasion,Sage Publication, 2011, 464 p.&nbsp;<\/p>\n\n\n\n<p>&#8211; KENEZ, Peter, The Birth of the Propaganda State : Soviet m\u00e9thods of Mass Mobilisation, Londres, Cambridge University Press, 1985, 304 p. Articles :<\/p>\n\n\n\n<p>&nbsp;&#8211; LASSWEL, Harold Dwignht, \u00ab The Cold War as a Problem in Communication \u00bb, The Yale Review of International Studies , 2015, pp. 472-480.<\/p>\n\n\n\n<p><strong>&nbsp;Propagande et conqu\u00eate de l\u2019espace :<\/strong><\/p>\n\n\n\n<p><strong>&nbsp;Articles :<\/strong><\/p>\n\n\n\n<p>&nbsp;&#8211; GOUARN\u00c9, Isabelle, \u00ab D\u00e9passer les tensions Est-Ouest pour la conqu\u00eate de l\u2019espace. La coop\u00e9ration franco-sovi\u00e9tique au temps de la guerre froide \u00bb, Les Cahiers Sirice, N\u00b016, 2016, pp. 49-67.&nbsp;<\/p>\n\n\n\n<p>&#8211; SIDDIQI, Asif, \u00ab Imagining the Cosmos : Utopians, Mystics, and the Popular Culture of Spaceflight in Revolutionary Russia \u00bb, The University of Chicago Press, N\u00b023, 2008, pp. 260-288. 4&nbsp;<\/p>\n\n\n\n<p>&#8211; TARASOV, Alexander, \u00ab L&rsquo;espace et l&rsquo;identit\u00e9 nationale russe \u00bb, Herm\u00e8s, La Revue, N\u00b034, 2002, pp. 79-91.<\/p>\n\n\n\n<p>&nbsp;&#8211; BEUMERS, Brigit, SPUTNITSKAYA, Nina,\u00ab le cosmois comme terrain de jeu : l\u2019espace dans l\u2019animation sovi\u00e9tique et russe\u00bb, Slovo, 2017, pp. 169-188.&nbsp;<\/p>\n\n\n\n<p>&#8211; LE BOURGEOIS, Jacques, \u00ab La propagande sovi\u00e9tique de 1917 \u00e0 1991 : paix et armement au service de l\u2019id\u00e9ologie ? \u00bb, revue Lisa, 2008, pp. 94-123.&nbsp;<\/p>\n\n\n\n<p><strong>Le monde bipolaire :&nbsp;<\/strong><\/p>\n\n\n\n<p><strong>Articles :&nbsp;<\/strong><\/p>\n\n\n\n<p>&nbsp;&#8211; GUELTON, Fr\u00e9d\u00e9ric, \u00ab Renseignement et propagande pendant la guerre froide \u00bb, Vingti\u00e8me Si\u00e8cle. Revue d&rsquo;histoire, N\u00b062, 1999, pp.140-141.<\/p>\n\n\n\n<p>&nbsp;&#8211; KOZOVOI Andre\u00ef, \u00ab La rencontre Brejnev-Nixon de 1972 et la culture de guerre froide sovi\u00e9tique \u00bb, Revue historique, N\u00b0 652, 2009, pp. 897-914.&nbsp;<\/p>\n\n\n\n<p>&#8211; KOZOVOI, Andre\u00ef, \u00ab Pour ou contre l\u2019Am\u00e9rique : le courrier des jeunes Sovi\u00e9tiques et la propagande de la guerre froide \u00bb, La revue russe, N\u00b032, 2009, pp.153-161.<strong>&nbsp;<\/strong>&#8211; JOXE, Alain, \u00ab Fin de la pr\u00e9pond\u00e9rance strat\u00e9gique am\u00e9ricaine \u00bb, Politique \u00e9trang\u00e8re, 1969, pp. 581 \u2013 614.<\/p>\n","protected":false},"excerpt":{"rendered":"<p>I. OUVRAGES \u00c0 CARACT\u00c8RE DE SOURCES :&nbsp; Ouvrage sp\u00e9cialis\u00e9 : &nbsp;&#8211; VEDENSKI, B .A., (dir), la Grande encyclop\u00e9die sovi\u00e9tique : U.R.S.S, Moscou, \u00c9ditions d\u2019\u00c9tat des \u0153uvres scientifiques, 1957, 764 p.&nbsp; &#8211; GURIAN ,Waldemar, \u00ab USA et URSS \u00bb, Politique \u00e9trang\u00e8re, 1949, pp. 441-420. Oeuvres cin\u00e9matographiques : &nbsp;&#8211; BRUMBERG,Valentina, Pol\u00ebt na lunu [vol pour la lune], &hellip; <\/p>\n<p class=\"link-more\"><a href=\"https:\/\/blogs.univ-jfc.fr\/vphn\/bibliographie-indicative-la-course-a-lespace-element-de-propagande-du-modele-sovietique-de-1947-a-1975\/\" class=\"more-link\">Continuer la lecture<span class=\"screen-reader-text\"> de &laquo;&nbsp;Bibliographie indicative : La course \u00e0 l&rsquo;espace, \u00e9l\u00e9ment de propagande du mod\u00e8le sovi\u00e9tique de 1947 \u00e0 1975&nbsp;&raquo;<\/span><\/a><\/p>\n","protected":false},"author":1197,"featured_media":0,"parent":0,"menu_order":0,"comment_status":"closed","ping_status":"closed","template":"","meta":[],"_links":{"self":[{"href":"https:\/\/blogs.univ-jfc.fr\/vphn\/wp-json\/wp\/v2\/pages\/13716"}],"collection":[{"href":"https:\/\/blogs.univ-jfc.fr\/vphn\/wp-json\/wp\/v2\/pages"}],"about":[{"href":"https:\/\/blogs.univ-jfc.fr\/vphn\/wp-json\/wp\/v2\/types\/page"}],"author":[{"embeddable":true,"href":"https:\/\/blogs.univ-jfc.fr\/vphn\/wp-json\/wp\/v2\/users\/1197"}],"replies":[{"embeddable":true,"href":"https:\/\/blogs.univ-jfc.fr\/vphn\/wp-json\/wp\/v2\/comments?post=13716"}],"version-history":[{"count":1,"href":"https:\/\/blogs.univ-jfc.fr\/vphn\/wp-json\/wp\/v2\/pages\/13716\/revisions"}],"predecessor-version":[{"id":13717,"href":"https:\/\/blogs.univ-jfc.fr\/vphn\/wp-json\/wp\/v2\/pages\/13716\/revisions\/13717"}],"wp:attachment":[{"href":"https:\/\/blogs.univ-jfc.fr\/vphn\/wp-json\/wp\/v2\/media?parent=13716"}],"curies":[{"name":"wp","href":"https:\/\/api.w.org\/{rel}","templated":true}]}}