{"id":14030,"date":"2024-04-24T12:18:20","date_gmt":"2024-04-24T10:18:20","guid":{"rendered":"http:\/\/blogs.univ-jfc.fr\/vphn\/?page_id=14030"},"modified":"2024-04-24T12:18:20","modified_gmt":"2024-04-24T10:18:20","slug":"la-professionnalisation-du-8e-rpima","status":"publish","type":"page","link":"https:\/\/blogs.univ-jfc.fr\/vphn\/la-professionnalisation-du-8e-rpima\/","title":{"rendered":"La professionnalisation du 8e RPIMa"},"content":{"rendered":"\n<p>Plusieurs raisons expliquent le manque de personnel : \u00e0 l\u2019\u00e9poque, le niveau de ch\u00f4mage est bas, les engag\u00e9s volontaires sont mal pay\u00e9s et les travaux n\u00e9cessaires pour assurer un logement convenable aux militaires et leurs familles d\u00e9butent \u00e0 peine. En outre, les s\u00e9quelles des \u00e9v\u00e8nements de Mai 68 se font ressentir, v\u00e9hiculant un fort discours anti-militariste : l\u2019arm\u00e9e n\u2019est pas populaire et la d\u00e9sinformation s\u00e9vit. Des actions sont conduites pour faire conna\u00eetre le r\u00e9giment, d\u2019abord aupr\u00e8s de sa ville. En 1975, lors de la Saint Michel, <a rel=\"noreferrer noopener\" href=\"https:\/\/blogs.univ-jfc.fr\/vphn\/saints-patrons-dans-larmee-francaise\/\" target=\"_blank\">saint patron des parachutistes<\/a>, des f\u00eates et activit\u00e9s sont organis\u00e9es \u00e0 Castres : prise d\u2019armes, d\u00e9monstrations d\u2019arts martiaux, relai p\u00e9destre, danses folkloriques des DOM, d\u00e9fil\u00e9s etc. Le r\u00e9giment d\u00e9veloppe \u00e9galement une revue d\u2019information baptis\u00e9e \u00ab\u00a0All\u00f4 ancre, ici dragon\u00a0\u00bb.<\/p>\n\n\n\n<p>Le 8 est ensuite pr\u00e9sent\u00e9 \u00e0 la France : en 1976, il participe activement \u00e0 la \u00ab\u00a0nuit de l\u2019arm\u00e9e\u00a0\u00bb, o\u00f9 il entonne pour la premi\u00e8re fois son chant nouvellement \u00e9crit, qui sera ensuite pr\u00e9sent\u00e9 en direct au 13h de Yves Mourousi devant tous les Fran\u00e7ais, \u00e0 nouveau lors de la Saint Michel. Les candidatures doublent pendant les mois suivants. La m\u00eame ann\u00e9e, la comm\u00e9moration de Di\u00e9n Bi\u00e9n Ph\u00fb avec les nouveaux engag\u00e9s \u00e9tablit un lien entre eux et l\u2019histoire de leur r\u00e9giment ; puis l\u2019association des \u00ab\u00a0anciens du 8\u00a0\u00bb voit le jour.<\/p>\n","protected":false},"excerpt":{"rendered":"<p>Plusieurs raisons expliquent le manque de personnel : \u00e0 l\u2019\u00e9poque, le niveau de ch\u00f4mage est bas, les engag\u00e9s volontaires sont mal pay\u00e9s et les travaux n\u00e9cessaires pour assurer un logement convenable aux militaires et leurs familles d\u00e9butent \u00e0 peine. En outre, les s\u00e9quelles des \u00e9v\u00e8nements de Mai 68 se font ressentir, v\u00e9hiculant un fort discours &hellip; <\/p>\n<p class=\"link-more\"><a href=\"https:\/\/blogs.univ-jfc.fr\/vphn\/la-professionnalisation-du-8e-rpima\/\" class=\"more-link\">Continuer la lecture<span class=\"screen-reader-text\"> de &laquo;&nbsp;La professionnalisation du 8e RPIMa&nbsp;&raquo;<\/span><\/a><\/p>\n","protected":false},"author":1182,"featured_media":0,"parent":0,"menu_order":0,"comment_status":"closed","ping_status":"closed","template":"","meta":[],"_links":{"self":[{"href":"https:\/\/blogs.univ-jfc.fr\/vphn\/wp-json\/wp\/v2\/pages\/14030"}],"collection":[{"href":"https:\/\/blogs.univ-jfc.fr\/vphn\/wp-json\/wp\/v2\/pages"}],"about":[{"href":"https:\/\/blogs.univ-jfc.fr\/vphn\/wp-json\/wp\/v2\/types\/page"}],"author":[{"embeddable":true,"href":"https:\/\/blogs.univ-jfc.fr\/vphn\/wp-json\/wp\/v2\/users\/1182"}],"replies":[{"embeddable":true,"href":"https:\/\/blogs.univ-jfc.fr\/vphn\/wp-json\/wp\/v2\/comments?post=14030"}],"version-history":[{"count":1,"href":"https:\/\/blogs.univ-jfc.fr\/vphn\/wp-json\/wp\/v2\/pages\/14030\/revisions"}],"predecessor-version":[{"id":14031,"href":"https:\/\/blogs.univ-jfc.fr\/vphn\/wp-json\/wp\/v2\/pages\/14030\/revisions\/14031"}],"wp:attachment":[{"href":"https:\/\/blogs.univ-jfc.fr\/vphn\/wp-json\/wp\/v2\/media?parent=14030"}],"curies":[{"name":"wp","href":"https:\/\/api.w.org\/{rel}","templated":true}]}}