{"id":14506,"date":"2025-03-27T11:21:22","date_gmt":"2025-03-27T10:21:22","guid":{"rendered":"http:\/\/blogs.univ-jfc.fr\/vphn\/?page_id=14506"},"modified":"2025-05-25T21:39:17","modified_gmt":"2025-05-25T19:39:17","slug":"en-lien-avec-les-programmes-scolaires","status":"publish","type":"page","link":"https:\/\/blogs.univ-jfc.fr\/vphn\/en-lien-avec-les-programmes-scolaires\/","title":{"rendered":"En lien avec les programmes scolaires"},"content":{"rendered":"\n<p>Vous trouverez ici tous les blogs li\u00e9s aux programmes scolaires du secondaire:<\/p>\n\n\n\n<ul><li><a href=\"http:\/\/blogs.univ-jfc.fr\/vphn\/2023\/05\/08\/cartographie-et-besoins-militaires-2023\/\">Cartographie et besoins militaires [2023]\u00a0<\/a><\/li><li><a rel=\"noreferrer noopener\" href=\"http:\/\/blogs.univ-jfc.fr\/vphn\/2025\/03\/21\/la-place-de-lart-en-urss-de-1917-a-1953\/\" target=\"_blank\">L&rsquo;art en Union Sovietique (1917-1953) [2024]<\/a><\/li><li><a href=\"https:\/\/blogs.univ-jfc.fr\/vphn\/2024\/04\/21\/natzweiler-struthof-un-camp-de-concentration-allemand-en-alsace-annexee\/\">Natzweiler-Struthof : Un camp de concentration allemand en Alsace annex\u00e9e [2024]<\/a><\/li><li><a href=\"https:\/\/blogs.univ-jfc.fr\/vphn\/2024\/04\/08\/lentrainement-sportif-lacedemonien-a-t-il-pour-seul-but-de-former-de-futurs-soldats\/\">L\u2019entra\u00eenement sportif lac\u00e9d\u00e9monien a-t-il pour seul but de former de futurs soldats ? [2024]<\/a><\/li><li><a href=\"https:\/\/blogs.univ-jfc.fr\/vphn\/2024\/03\/28\/metissage-acculturation-et-syncretisme-a-la-nouvelle-orleans-du-xvieme-au-xviiieme-siecle\/\">M\u00e9tissage, acculturation et syncr\u00e9tisme \u00e0 la Nouvelle-Orl\u00e9ans du XVIe au XVIIIe si\u00e8cle (2024)<\/a><\/li><li><a href=\"http:\/\/blogs.univ-jfc.fr\/vphn\/2024\/04\/03\/representer-lhumain-au-debut-du-xvieme-siecle-dans-les-arts-et-les-sciences-2024\/\">Repr\u00e9senter l&rsquo;Humain au d\u00e9but du XVIe si\u00e8cle dans les arts et les sciences [2024]<\/a><\/li><li><a href=\"http:\/\/blogs.univ-jfc.fr\/vphn\/2024\/04\/22\/la-guerre-de-yougoslavie-entre-crimes-de-guerre-et-memoire\/\">La guerre de Yougoslavie : Entre crimes de guerre et m\u00e9moire<\/a>[2024]<\/li><li>L\u2019arriv\u00e9e des familles alg\u00e9riennes en R\u00e9gion Midi-Pyr\u00e9n\u00e9es apr\u00e8s la Guerre d\u2019Alg\u00e9rie (1962) <a href=\"https:\/\/blogs.univ-jfc.fr\/vphn\/2024\/04\/04\/larrivee-des-familles-algeriennes-en-region-midi-pyrenees-apres-la-guerre-dalgerie-1962\/\">[<\/a>2024<a href=\"http:\/\/blogs.univ-jfc.fr\/vphn\/patrimoine-et-sites-remarquables\/la-cathedrale-saint-alain-de-lavaur-2021\/\">]<\/a><\/li><li><a href=\"https:\/\/blogs.univ-jfc.fr\/vphn\/2024\/04\/22\/persecution-de-diocletien\/\">La Pers\u00e9cution de Diocl\u00e9tien [2024]<\/a><\/li><li><a href=\"http:\/\/blogs.univ-jfc.fr\/vphn\/2024\/04\/15\/les-survivants-des-camps-de-la-seconde-guerre-mondiale\/\">Les survivants des camps de la Seconde Guerre mondiale [2024]<\/a><\/li><li><a rel=\"noreferrer noopener\" href=\"http:\/\/blogs.univ-jfc.fr\/vphn\/2024\/02\/08\/la-course-a-lespace-element-de-propagande-du-modele-sovietique-de-1947-a-1975\/\" target=\"_blank\">La course \u00e0 l&rsquo;espace, \u00e9l\u00e9ment de propagande du mod\u00e8le sovi\u00e9tique de 1947 \u00e0 1975 [2024]<\/a><\/li><li><a href=\"https:\/\/blogs.univ-jfc.fr\/vphn\/2025\/03\/20\/holodomor-2025\/\">L&rsquo;Holodomor entre reconnaissance et camouflage [2025]<\/a><\/li><li><a href=\"http:\/\/blogs.univ-jfc.fr\/vphn\/2025\/03\/27\/lo-stato-libero-di-fiume-1920-1924\/\" data-type=\"URL\" data-id=\"http:\/\/blogs.univ-jfc.fr\/vphn\/2025\/03\/27\/lo-stato-libero-di-fiume-1920-1924\/\">Lo Stato Libero di Fiume 1920-1924<\/a><\/li><li><a href=\"http:\/\/blogs.univ-jfc.fr\/vphn\/2025\/04\/23\/le-role-des-productions-musicales-dans-lemergence-dune-contre-culture-en-occident-dans-les-annees-60-70\/\">Le r\u00f4le des productions musicales dans l&rsquo;\u00e9mergence d&rsquo;une contre-culture en Occident dans les ann\u00e9es 60-70<\/a><\/li><li><a href=\"https:\/\/blogs.univ-jfc.fr\/vphn\/2025\/04\/22\/le-maquis-du-mont-mouchet\/\" data-type=\"post\" data-id=\"14674\">Le Maquis du Mont-Mouchet<\/a><a href=\"https:\/\/blogs.univ-jfc.fr\/vphn\/2024\/04\/22\/persecution-de-diocletien\/\"> <\/a>[2025]<\/li><li><a href=\"https:\/\/blogs.univ-jfc.fr\/vphn\/2025\/03\/21\/la-place-de-lart-en-urss-de-1917-a-1953\/\">La place de l&rsquo;art en URSS de 1917 \u00e0 1953 [2025]<\/a><\/li><li><a href=\"http:\/\/blogs.univ-jfc.fr\/vphn\/2025\/03\/13\/le-sport-arme-du-soft-power-allemand-les-jeux-olympiques-de-berlin-en-1936\/\" data-type=\"URL\" data-id=\"http:\/\/blogs.univ-jfc.fr\/vphn\/2025\/03\/13\/le-sport-arme-du-soft-power-allemand-les-jeux-olympiques-de-berlin-en-1936\/\">Le sport, arme du soft power allemand : les Jeux Olympiques de Berlin en 1936 [2025]<\/a><\/li><li><a rel=\"noreferrer noopener\" href=\"https:\/\/blogs.univ-jfc.fr\/vphn\/2025\/05\/10\/les-mythes-fondateurs-dathenes-piliers-de-la-construction-de-lidentite-civique-a-lepoque-classique\/\" target=\"_blank\">Les Mythes Fondateurs d\u2019Ath\u00e8nes [2025]<\/a><\/li><li><a href=\"https:\/\/blogs.univ-jfc.fr\/vphn\/2025\/05\/25\/les-soldats-au-retour-de-la-guerre-dalgerie-du-silence-jusquaux-temoignages\/\">Les soldats au retour de la guerre d\u2019Alg\u00e9rie : Du silence jusqu\u2019aux t\u00e9moignages [2025]<\/a><\/li><\/ul>\n\n\n\n<p><\/p>\n","protected":false},"excerpt":{"rendered":"<p>Vous trouverez ici tous les blogs li\u00e9s aux programmes scolaires du secondaire: Cartographie et besoins militaires [2023]\u00a0 L&rsquo;art en Union Sovietique (1917-1953) [2024] Natzweiler-Struthof : Un camp de concentration allemand en Alsace annex\u00e9e [2024] L\u2019entra\u00eenement sportif lac\u00e9d\u00e9monien a-t-il pour seul but de former de futurs soldats ? [2024] M\u00e9tissage, acculturation et syncr\u00e9tisme \u00e0 la Nouvelle-Orl\u00e9ans &hellip; <\/p>\n<p class=\"link-more\"><a href=\"https:\/\/blogs.univ-jfc.fr\/vphn\/en-lien-avec-les-programmes-scolaires\/\" class=\"more-link\">Continuer la lecture<span class=\"screen-reader-text\"> de &laquo;&nbsp;En lien avec les programmes scolaires&nbsp;&raquo;<\/span><\/a><\/p>\n","protected":false},"author":1122,"featured_media":0,"parent":0,"menu_order":0,"comment_status":"closed","ping_status":"closed","template":"","meta":[],"_links":{"self":[{"href":"https:\/\/blogs.univ-jfc.fr\/vphn\/wp-json\/wp\/v2\/pages\/14506"}],"collection":[{"href":"https:\/\/blogs.univ-jfc.fr\/vphn\/wp-json\/wp\/v2\/pages"}],"about":[{"href":"https:\/\/blogs.univ-jfc.fr\/vphn\/wp-json\/wp\/v2\/types\/page"}],"author":[{"embeddable":true,"href":"https:\/\/blogs.univ-jfc.fr\/vphn\/wp-json\/wp\/v2\/users\/1122"}],"replies":[{"embeddable":true,"href":"https:\/\/blogs.univ-jfc.fr\/vphn\/wp-json\/wp\/v2\/comments?post=14506"}],"version-history":[{"count":27,"href":"https:\/\/blogs.univ-jfc.fr\/vphn\/wp-json\/wp\/v2\/pages\/14506\/revisions"}],"predecessor-version":[{"id":14883,"href":"https:\/\/blogs.univ-jfc.fr\/vphn\/wp-json\/wp\/v2\/pages\/14506\/revisions\/14883"}],"wp:attachment":[{"href":"https:\/\/blogs.univ-jfc.fr\/vphn\/wp-json\/wp\/v2\/media?parent=14506"}],"curies":[{"name":"wp","href":"https:\/\/api.w.org\/{rel}","templated":true}]}}