{"id":14656,"date":"2025-04-11T14:47:09","date_gmt":"2025-04-11T12:47:09","guid":{"rendered":"http:\/\/blogs.univ-jfc.fr\/vphn\/?page_id=14656"},"modified":"2025-04-11T14:47:09","modified_gmt":"2025-04-11T12:47:09","slug":"spondophore","status":"publish","type":"page","link":"https:\/\/blogs.univ-jfc.fr\/vphn\/spondophore\/","title":{"rendered":"Spondophore"},"content":{"rendered":"\n<p>Envoy\u00e9 sp\u00e9cial charg\u00e9 d&rsquo;annoncer une tr\u00eave, notamment lors des jeux olympiques.<\/p>\n","protected":false},"excerpt":{"rendered":"<p>Envoy\u00e9 sp\u00e9cial charg\u00e9 d&rsquo;annoncer une tr\u00eave, notamment lors des jeux olympiques.<\/p>\n","protected":false},"author":1730,"featured_media":0,"parent":0,"menu_order":0,"comment_status":"closed","ping_status":"closed","template":"","meta":[],"_links":{"self":[{"href":"https:\/\/blogs.univ-jfc.fr\/vphn\/wp-json\/wp\/v2\/pages\/14656"}],"collection":[{"href":"https:\/\/blogs.univ-jfc.fr\/vphn\/wp-json\/wp\/v2\/pages"}],"about":[{"href":"https:\/\/blogs.univ-jfc.fr\/vphn\/wp-json\/wp\/v2\/types\/page"}],"author":[{"embeddable":true,"href":"https:\/\/blogs.univ-jfc.fr\/vphn\/wp-json\/wp\/v2\/users\/1730"}],"replies":[{"embeddable":true,"href":"https:\/\/blogs.univ-jfc.fr\/vphn\/wp-json\/wp\/v2\/comments?post=14656"}],"version-history":[{"count":1,"href":"https:\/\/blogs.univ-jfc.fr\/vphn\/wp-json\/wp\/v2\/pages\/14656\/revisions"}],"predecessor-version":[{"id":14657,"href":"https:\/\/blogs.univ-jfc.fr\/vphn\/wp-json\/wp\/v2\/pages\/14656\/revisions\/14657"}],"wp:attachment":[{"href":"https:\/\/blogs.univ-jfc.fr\/vphn\/wp-json\/wp\/v2\/media?parent=14656"}],"curies":[{"name":"wp","href":"https:\/\/api.w.org\/{rel}","templated":true}]}}