{"id":14796,"date":"2025-05-02T22:15:04","date_gmt":"2025-05-02T20:15:04","guid":{"rendered":"http:\/\/blogs.univ-jfc.fr\/vphn\/?page_id=14796"},"modified":"2025-05-02T22:17:46","modified_gmt":"2025-05-02T20:17:46","slug":"bibliographie-12","status":"publish","type":"page","link":"https:\/\/blogs.univ-jfc.fr\/vphn\/bibliographie-12\/","title":{"rendered":"Bibliographie"},"content":{"rendered":"\n<p><strong>Sources :&nbsp;<\/strong><\/p>\n\n\n\n<ul><li>CHAREIRE, Pierre, \u201cGrand prix automobile et motocycliste de l\u2019Albigeois organis\u00e9 par le Moto-Camping-Club \u00e0 Albi, le 16 juillet\u201d, <em>L\u2019athl\u00e8te: journal hebdomadaire de tous les sports<\/em>, Bordeaux, 21\/06\/1939&nbsp;<\/li><li>CHAREIRE, Pierre, \u201cLe Grand Prix automobile de l\u2019Albigeois aura lieu le 1er juin\u201d, <em>L\u2019athl\u00e8te: journal hebdomadaire de tous les sports<\/em>, Bordeaux, 19\/03\/1952, p.3&nbsp;<\/li><li>\u201cVIIe Circuit de vitesse de l\u2019Albigeois\u201d, <em>L\u2019automobile sur la C\u00f4te d\u2019Azur<\/em>, , [s.n.], Nice, 01\/08\/1939, p.32<\/li><li>\u201cAutomobilisme\u201d [s.n.], <em>Le midi socialiste : quotidien r\u00e9gional<\/em>, Toulouse, 06\/07\/1938, p.2<\/li><li>\u201cFaisons le point\u201d, <em>Nord-matin-sports<\/em>, [s.n.], Lille, 17\/07\/1950, p.1<\/li><\/ul>\n\n\n\n<p><strong>Outils de travail :&nbsp;<\/strong><\/p>\n\n\n\n<p><strong>Ouvrages et articles sp\u00e9cialis\u00e9s :&nbsp;<\/strong><\/p>\n\n\n\n<p><strong>Ouvrages <\/strong>:&nbsp;<\/p>\n\n\n\n<ul><li>BARDOU Jean-Pierre, CHANRON Jean-Jacques, FRIDENSON Patrick, LAUX James M., <em>La R\u00e9volution automobile<\/em>, Albin Michel, 1977.<\/li><li>BELTOISE, Jean-Pierre,<em> Le Circuit d\u2019Albi : Une histoire de passion<\/em><\/li><li>PELISSIER Bernard, <em>Grands Prix d&rsquo;Albi 195, la course des champions du monde<\/em>, Un Autre Reg&rsquo;art, Histoire Locale, 2016, 40p.&nbsp;<\/li><\/ul>\n\n\n\n<ul><li>LOUBET Jean-Louis, <em>Automobiles Peugeot : Une r\u00e9ussite industrielle 1945-1974<\/em>, Economica, Paris, 1990, 505 p.<\/li><li>LOUBET Jean-Louis, <em>Histoire de l\u2019automobile fran\u00e7aise,<\/em> 1999, 424p.&nbsp;<\/li><li>LOUBET Jean-Louis, <em>L&rsquo;industrie automobile (1905-1971)<\/em>, Archives \u00e9conomiques du Cr\u00e9dit Lyonnais n\u02da4, Gen\u00e8ve, Librairie Droz. Publications d&rsquo;histoire \u00e9conomique et sociale internationale,1999, 424 p.&nbsp;<\/li><li>PELISSIER Bernard, <em>Albi et ses grands prix, 1928-1960 : \u00ab\u00a0Une histoire d&rsquo;hommes\u00a0\u00bb <\/em>1990, 270p.&nbsp;&nbsp;&nbsp;<\/li><li>TRINTIGNANT Maurice, <em>Les Grands Prix d\u2019Albi<\/em><\/li><\/ul>\n\n\n\n<p><strong>Articles :&nbsp;<\/strong><\/p>\n\n\n\n<ul><li>FRIDENSON Patrick, <em>Histoire des usines Renault<\/em>, t. 1, 2<sup>e<\/sup> \u00e9d. revue, Paris, \u00c9ditions du Seuil, 1998, 359 p.&nbsp;<\/li><li>LOUBET Jean-Louis, \u201cL&rsquo;industrie automobile fran\u00e7aise : un cas original?\u201d, <em>Histoire, \u00e9conomie et soci\u00e9t\u00e9<\/em>, 1999, 18\u1d49 ann\u00e9e, n\u00b02&nbsp;<\/li><li>SOUYRI Jean-Claude, \u201cSouvenirs du circuit automobile des Planques\u201d, <em>La Revue du Tarn<\/em>, n\u00b0250, 2018, p.73-76.<\/li><li>VINCENT Serge, \u201cLa fabuleuse histoire du circuit des Planques\u201d, <em>La Revue du Tarn<\/em>, 2021, n\u00b0262, p.23-44.<\/li><\/ul>\n\n\n\n<p>Articles web :<\/p>\n\n\n\n<ul><li>FABIEN Hisbacq, \u201cDans le Tarn, ce b\u00e2timent mythique est abandonn\u00e9 depuis des d\u00e9cennies: qu\u2019est-ce c\u2019est?\u201d, <em>Actu<\/em>, 6 sept. 2024,&nbsp;<\/li><li>PELISSIER Bernard, \u201cLa m\u00e9moire des Grands prix\u201d, <em>La D\u00e9p\u00eache<\/em>, 16\/08\/2015,&nbsp;<\/li><\/ul>\n","protected":false},"excerpt":{"rendered":"<p>Sources :&nbsp; CHAREIRE, Pierre, \u201cGrand prix automobile et motocycliste de l\u2019Albigeois organis\u00e9 par le Moto-Camping-Club \u00e0 Albi, le 16 juillet\u201d, L\u2019athl\u00e8te: journal hebdomadaire de tous les sports, Bordeaux, 21\/06\/1939&nbsp; CHAREIRE, Pierre, \u201cLe Grand Prix automobile de l\u2019Albigeois aura lieu le 1er juin\u201d, L\u2019athl\u00e8te: journal hebdomadaire de tous les sports, Bordeaux, 19\/03\/1952, p.3&nbsp; \u201cVIIe Circuit de &hellip; <\/p>\n<p class=\"link-more\"><a href=\"https:\/\/blogs.univ-jfc.fr\/vphn\/bibliographie-12\/\" class=\"more-link\">Continuer la lecture<span class=\"screen-reader-text\"> de &laquo;&nbsp;Bibliographie&nbsp;&raquo;<\/span><\/a><\/p>\n","protected":false},"author":1718,"featured_media":0,"parent":0,"menu_order":0,"comment_status":"closed","ping_status":"closed","template":"","meta":[],"_links":{"self":[{"href":"https:\/\/blogs.univ-jfc.fr\/vphn\/wp-json\/wp\/v2\/pages\/14796"}],"collection":[{"href":"https:\/\/blogs.univ-jfc.fr\/vphn\/wp-json\/wp\/v2\/pages"}],"about":[{"href":"https:\/\/blogs.univ-jfc.fr\/vphn\/wp-json\/wp\/v2\/types\/page"}],"author":[{"embeddable":true,"href":"https:\/\/blogs.univ-jfc.fr\/vphn\/wp-json\/wp\/v2\/users\/1718"}],"replies":[{"embeddable":true,"href":"https:\/\/blogs.univ-jfc.fr\/vphn\/wp-json\/wp\/v2\/comments?post=14796"}],"version-history":[{"count":2,"href":"https:\/\/blogs.univ-jfc.fr\/vphn\/wp-json\/wp\/v2\/pages\/14796\/revisions"}],"predecessor-version":[{"id":14800,"href":"https:\/\/blogs.univ-jfc.fr\/vphn\/wp-json\/wp\/v2\/pages\/14796\/revisions\/14800"}],"wp:attachment":[{"href":"https:\/\/blogs.univ-jfc.fr\/vphn\/wp-json\/wp\/v2\/media?parent=14796"}],"curies":[{"name":"wp","href":"https:\/\/api.w.org\/{rel}","templated":true}]}}