{"id":148,"date":"2018-03-05T17:31:12","date_gmt":"2018-03-05T16:31:12","guid":{"rendered":"http:\/\/blogs.univ-jfc.fr\/vphn\/?page_id=148"},"modified":"2018-03-14T18:11:30","modified_gmt":"2018-03-14T17:11:30","slug":"la-bete-du-gevaudan-2017","status":"publish","type":"page","link":"https:\/\/blogs.univ-jfc.fr\/vphn\/patrimoine-immateriel\/la-bete-du-gevaudan-2017\/","title":{"rendered":"La B\u00eate du G\u00e9vaudan [2017]"},"content":{"rendered":"<p>La B\u00eate du G\u00e9vaudan est un mythe qui a fascin\u00e9 de nombreuses g\u00e9n\u00e9rations.<\/p>\n<p>Au XVIII \u00e8me si\u00e8cle,\u00a0 entre le 30 juin 1764\u00a0 et le 19 juin 1767,\u00a0 se produisirent les fameuses attaques sanglantes,\u00a0 ayant eu des retentissements \u00e0 l&rsquo;\u00e9chelle nationale, d&rsquo;une cr\u00e9ature myst\u00e9rieuse dans la r\u00e9gion de l&rsquo;actuelle Loz\u00e8re (Occitanie). Devenue mythe fondateur d&rsquo;une r\u00e9gion pour le reste d\u00e9laiss\u00e9 \u00e0 notre \u00e9poque, la b\u00eate du G\u00e9vaudan\u00a0 a su acqu\u00e9rir un caract\u00e8re l\u00e9gendaire.<\/p>\n<p>Le nombre de victimes exact de la b\u00eate reste flou, mais il est g\u00e9n\u00e9ralement admis que celles-ci s&rsquo;\u00e9l\u00e8vent entre 88 et 124. Les principales cibles de la b\u00eate \u00e9taient les femmes et les enfants, souvent isol\u00e9s.<\/p>\n<p>L&rsquo;affaire a \u00e9t\u00e9 si m\u00e9diatis\u00e9e que le roi lui-m\u00eame ( Louis XV) s&rsquo;est notamment impliqu\u00e9 en envoyant sa porte-arquebuse Fran\u00e7ois Antoine ainsi qu&rsquo;en offrant une prime \u00e0 quiconque tuerait la b\u00eate.<\/p>\n<p>C&rsquo;est finalement le 19 juin 1767 que Jean Chastel, un natif de la r\u00e9gion, mettra un terme aux attaques, tuant la b\u00eate.<\/p>\n<p>Des myst\u00e8res subsistent toujours quant \u00e0 l&rsquo;origine v\u00e9ritable de la b\u00eate, le principal suspect \u00e9tait un gros loup. Mais d&rsquo;autres th\u00e9ories apparaissent au fil du temps, telles que la piste de l&rsquo;animal exotique (panth\u00e8re, tigre &#8230;) ou encore celle du tueur en s\u00e9rie.<\/p>\n<p>De nos jours, la b\u00eate du G\u00e9vaudan est devenue un outil au service de la r\u00e9gion, favorisant le tourisme, gr\u00e2ce \u00e0 des infrastructures telles que <a href=\"http:\/\/www.loupsdugevaudan.com\/\">Le Parc des Loups du G\u00e9vaudan<\/a>\u00a0 ou <a href=\"http:\/\/www.musee-bete-gevaudan.com\/\">le mus\u00e9e fantastique de la b\u00eate du G\u00e9vaudan<\/a>. On peut aussi trouver de nombreuses repr\u00e9sentations mat\u00e9rielles du mythe comme des statues en bronze ou en pierre, ainsi que des st\u00e8les, tableaux, gravures&#8230;<\/p>\n<p><img loading=\"lazy\" class=\"irc_mi\" src=\"http:\/\/www.routard.com\/images_contenu\/mag\/dossier_mag\/monstres-france\/gevaudan.jpg\" alt=\"R\u00e9sultat de recherche d'images pour &quot;statue b\u00eate du g\u00e9vaudan&quot;\" width=\"545\" height=\"409\" \/>Statue \u00e0 Auvers des Marie Jeanne Valet, r\u00e9alis\u00e9 par Philippe Kaeppelin en 1995<\/p>\n<p>D&rsquo;un point de vue religieux, la b\u00eate a aussi eu un r\u00f4le non n\u00e9gligeable. En effet l&rsquo;\u00e9v\u00eaque de Mende a prononc\u00e9\u00a0 un mandement qui proclame \u00ab\u00a0l&rsquo;arr\u00eat de mort de la b\u00eate\u00a0\u00bb. De plus un appel \u00e0 la pri\u00e8re est ordonn\u00e9, celui-ci pr\u00e9conise une p\u00e9nitence de quarante heures r\u00e9parties sur trois dimanche cons\u00e9cutifs.<\/p>\n<p>Le contexte d\u00e9mographique de l&rsquo;\u00e9poque ainsi que le contexte g\u00e9ographique global de la r\u00e9gion ont favoris\u00e9 une plus grande influence de l\u2019\u00c9glise que dans le reste de la France o\u00f9 les id\u00e9es des lumi\u00e8res commen\u00e7aient \u00e0 occulter les dogmes religieux. Cette situation a permis un certain contr\u00f4le sur la population locale et a contribu\u00e9 \u00e0 la p\u00e9rennit\u00e9 de la l\u00e9gende.<\/p>\n<p>&nbsp;<\/p>\n<p><img loading=\"lazy\" class=\"irc_mi\" src=\"https:\/\/upload.wikimedia.org\/wikipedia\/commons\/thumb\/8\/8f\/Gevaudan_Monster.jpg\/800px-Gevaudan_Monster.jpg\" alt=\"R\u00e9sultat de recherche d'images pour &quot;gravure bete gevaudan&quot;\" width=\"374\" height=\"236\" \/>Gravure allemande repr\u00e9sentant la b\u00eate du G\u00e9vaudan (artiste inconnu)<\/p>\n<p>De nos jours, la b\u00eate du G\u00e9vaudan continue d&rsquo;habiter les esprits et les espaces. Sa l\u00e9gende demeure vivace au travers de diff\u00e9rents blasons, tel que sur les h\u00e9raldiques de Rocles, repr\u00e9sentant la b\u00eate ainsi que l&rsquo;implication du clerg\u00e9 dans l&rsquo;affaire<\/p>\n<p><img loading=\"lazy\" class=\"\" src=\"https:\/\/armorialdefrance.fr\/documents\/SI\/ROCLES-48-01.JPG\" width=\"306\" height=\"298\" \/><\/p>\n<p>Blason de la ville de Rocles (Loz\u00e8re) adopt\u00e9 en 2014<\/p>\n<p>Ce blason se lit de la mani\u00e8re suivante : \u00ab\u00a0D&rsquo;or au mont rocheux d&rsquo;argent mouvant des flancs et pos\u00e9 sur une rivi\u00e8re d&rsquo;azur mouvant de la pointe, somm\u00e9 \u00e0 senestre de la B\u00eate du G\u00e9vaudan, rampante, de sable, arm\u00e9, lampass\u00e9e et allum\u00e9 de gueules et surmont\u00e9 \u00e0 dextre d&rsquo;une croix latine aux quatre extr\u00e9mit\u00e9s enflamm\u00e9es de gueules\u00a0\u00bb.<\/p>\n<p>&nbsp;<\/p>\n<p>&nbsp;<\/p>\n<p>&nbsp;<\/p>\n","protected":false},"excerpt":{"rendered":"<p>La B\u00eate du G\u00e9vaudan est un mythe qui a fascin\u00e9 de nombreuses g\u00e9n\u00e9rations. Au XVIII \u00e8me si\u00e8cle,\u00a0 entre le 30 juin 1764\u00a0 et le 19 juin 1767,\u00a0 se produisirent les fameuses attaques sanglantes,\u00a0 ayant eu des retentissements \u00e0 l&rsquo;\u00e9chelle nationale, d&rsquo;une cr\u00e9ature myst\u00e9rieuse dans la r\u00e9gion de l&rsquo;actuelle Loz\u00e8re (Occitanie). Devenue mythe fondateur d&rsquo;une r\u00e9gion &hellip; <\/p>\n<p class=\"link-more\"><a href=\"https:\/\/blogs.univ-jfc.fr\/vphn\/patrimoine-immateriel\/la-bete-du-gevaudan-2017\/\" class=\"more-link\">Continuer la lecture<span class=\"screen-reader-text\"> de &laquo;&nbsp;La B\u00eate du G\u00e9vaudan [2017]&nbsp;&raquo;<\/span><\/a><\/p>\n","protected":false},"author":433,"featured_media":0,"parent":33,"menu_order":0,"comment_status":"closed","ping_status":"closed","template":"","meta":[],"_links":{"self":[{"href":"https:\/\/blogs.univ-jfc.fr\/vphn\/wp-json\/wp\/v2\/pages\/148"}],"collection":[{"href":"https:\/\/blogs.univ-jfc.fr\/vphn\/wp-json\/wp\/v2\/pages"}],"about":[{"href":"https:\/\/blogs.univ-jfc.fr\/vphn\/wp-json\/wp\/v2\/types\/page"}],"author":[{"embeddable":true,"href":"https:\/\/blogs.univ-jfc.fr\/vphn\/wp-json\/wp\/v2\/users\/433"}],"replies":[{"embeddable":true,"href":"https:\/\/blogs.univ-jfc.fr\/vphn\/wp-json\/wp\/v2\/comments?post=148"}],"version-history":[{"count":6,"href":"https:\/\/blogs.univ-jfc.fr\/vphn\/wp-json\/wp\/v2\/pages\/148\/revisions"}],"predecessor-version":[{"id":2066,"href":"https:\/\/blogs.univ-jfc.fr\/vphn\/wp-json\/wp\/v2\/pages\/148\/revisions\/2066"}],"up":[{"embeddable":true,"href":"https:\/\/blogs.univ-jfc.fr\/vphn\/wp-json\/wp\/v2\/pages\/33"}],"wp:attachment":[{"href":"https:\/\/blogs.univ-jfc.fr\/vphn\/wp-json\/wp\/v2\/media?parent=148"}],"curies":[{"name":"wp","href":"https:\/\/api.w.org\/{rel}","templated":true}]}}