{"id":14884,"date":"2025-05-25T21:43:13","date_gmt":"2025-05-25T19:43:13","guid":{"rendered":"http:\/\/blogs.univ-jfc.fr\/vphn\/?page_id=14884"},"modified":"2025-05-25T21:44:46","modified_gmt":"2025-05-25T19:44:46","slug":"definition","status":"publish","type":"page","link":"https:\/\/blogs.univ-jfc.fr\/vphn\/definition\/","title":{"rendered":"D\u00e9finitions"},"content":{"rendered":"\n<p><strong>Accords d\u2019\u00c9vian <\/strong>: Sign\u00e9s le 18 mars 1962 entre le gouvernement fran\u00e7ais et le FLN alg\u00e9rien, les accords d\u2019\u00c9vian constituent un accord de cessez-le-feu et suite au r\u00e9f\u00e9rendum du 8 avril 1962, cet accord permet\u00a0 d\u2019avancer vers l\u2019ind\u00e9pendance de l\u2019Alg\u00e9rie.<\/p>\n\n\n\n<p><strong>Contingents<\/strong> : hommes ayant l\u2019\u00e2ge de faire le service militaire envoy\u00e9 directement au \u201cfront\u201d.<\/p>\n\n\n\n<p><strong>FLN<\/strong> : Front de Lib\u00e9ration National : Parti politique alg\u00e9rien fond\u00e9 en 1954. Il lutte pour l\u2019Ind\u00e9pendance du pays.\u00a0<\/p>\n\n\n\n<p><strong>FNACA<\/strong> : La F\u00e9d\u00e9ration Nationale des Anciens Combattants d\u2019Afrique du Nord : Consid\u00e9r\u00e9e comme la premi\u00e8re association, elle regroupe des anciens combattants de la guerre d\u2019Alg\u00e9rie mais aussi du Maroc et de la Tunisie. Elle est fond\u00e9e pour pouvoir garantir les droits et de la reconnaissance aux anciens combattants. Aujourd\u2019hui, elle est aussi consid\u00e9r\u00e9e comme porteuse de m\u00e9moire.\u00a0\u00a0<\/p>\n\n\n\n<p><strong>Harkis<\/strong> : Personne native d\u2019Alg\u00e9rie mais ayant combattu au c\u00f4t\u00e9 de l\u2019arm\u00e9e fran\u00e7aise lors de la guerre d\u2019Ind\u00e9pendance.<\/p>\n\n\n\n<p><strong>\u00ab La valise ou le cercueil \u00bb<\/strong> : Slogan du parti du peuple alg\u00e9rien diffus\u00e9 d\u00e8s 1946 mais repris par des nationalistes alg\u00e9riens pendant la guerre d\u2019Alg\u00e9rie contre les Pieds-Noirs<\/p>\n\n\n\n<p><strong>OAS<\/strong> : Organisation de l\u2019Arm\u00e9e Secr\u00e8te : Organisation fran\u00e7aise, partisane d\u2019une Alg\u00e9rie fran\u00e7aise. Elle est fond\u00e9e en 1961 et n\u2019h\u00e9site pas \u00e0 mener des actions terroristes pour accomplir son objectif.\u00a0\u00a0<\/p>\n\n\n\n<p><strong>Pieds-noirs <\/strong>: Fran\u00e7ais d\u2019origine europ\u00e9enne install\u00e9s en Alg\u00e9rie jusqu\u2019\u00e0 l\u2019Ind\u00e9pendance.\u00a0<\/p>\n","protected":false},"excerpt":{"rendered":"<p>Accords d\u2019\u00c9vian : Sign\u00e9s le 18 mars 1962 entre le gouvernement fran\u00e7ais et le FLN alg\u00e9rien, les accords d\u2019\u00c9vian constituent un accord de cessez-le-feu et suite au r\u00e9f\u00e9rendum du 8 avril 1962, cet accord permet\u00a0 d\u2019avancer vers l\u2019ind\u00e9pendance de l\u2019Alg\u00e9rie. Contingents : hommes ayant l\u2019\u00e2ge de faire le service militaire envoy\u00e9 directement au \u201cfront\u201d. FLN &hellip; <\/p>\n<p class=\"link-more\"><a href=\"https:\/\/blogs.univ-jfc.fr\/vphn\/definition\/\" class=\"more-link\">Continuer la lecture<span class=\"screen-reader-text\"> de &laquo;&nbsp;D\u00e9finitions&nbsp;&raquo;<\/span><\/a><\/p>\n","protected":false},"author":1699,"featured_media":0,"parent":0,"menu_order":0,"comment_status":"closed","ping_status":"closed","template":"","meta":[],"_links":{"self":[{"href":"https:\/\/blogs.univ-jfc.fr\/vphn\/wp-json\/wp\/v2\/pages\/14884"}],"collection":[{"href":"https:\/\/blogs.univ-jfc.fr\/vphn\/wp-json\/wp\/v2\/pages"}],"about":[{"href":"https:\/\/blogs.univ-jfc.fr\/vphn\/wp-json\/wp\/v2\/types\/page"}],"author":[{"embeddable":true,"href":"https:\/\/blogs.univ-jfc.fr\/vphn\/wp-json\/wp\/v2\/users\/1699"}],"replies":[{"embeddable":true,"href":"https:\/\/blogs.univ-jfc.fr\/vphn\/wp-json\/wp\/v2\/comments?post=14884"}],"version-history":[{"count":2,"href":"https:\/\/blogs.univ-jfc.fr\/vphn\/wp-json\/wp\/v2\/pages\/14884\/revisions"}],"predecessor-version":[{"id":14886,"href":"https:\/\/blogs.univ-jfc.fr\/vphn\/wp-json\/wp\/v2\/pages\/14884\/revisions\/14886"}],"wp:attachment":[{"href":"https:\/\/blogs.univ-jfc.fr\/vphn\/wp-json\/wp\/v2\/media?parent=14884"}],"curies":[{"name":"wp","href":"https:\/\/api.w.org\/{rel}","templated":true}]}}