{"id":14888,"date":"2025-05-25T21:45:46","date_gmt":"2025-05-25T19:45:46","guid":{"rendered":"http:\/\/blogs.univ-jfc.fr\/vphn\/?page_id=14888"},"modified":"2025-05-25T21:45:46","modified_gmt":"2025-05-25T19:45:46","slug":"bibliographie-annexe","status":"publish","type":"page","link":"https:\/\/blogs.univ-jfc.fr\/vphn\/bibliographie-annexe\/","title":{"rendered":"Bibliographie annexe :"},"content":{"rendered":"\n<p>DALISSON R\u00e9mi, <em>La guerre d\u2019Alg\u00e9rie : l\u2019impossible comm\u00e9moration, <\/em>Paris, Armand Colin, 2018, 298 p<\/p>\n\n\n\n<p><a href=\"https:\/\/shs-cairn-info.gorgone.univ-toulouse.fr\/publications-de-paul-max-morin--762870?lang=fr\">&nbsp;M<\/a>ORIN Paul Max, Les jeunes et la guerre d&rsquo;Alg\u00e9rie Une nouvelle g\u00e9n\u00e9ration face \u00e0 son histoire, Hors collection, Presses Universitaires de France,&nbsp; 2022<\/p>\n\n\n\n<p>ROSSELLA Spina, <em>Enfants de harkis et enfants d&rsquo;immigr\u00e9s Parcours crois\u00e9s, identit\u00e9 \u00e0 recoudre<\/em>, Karthala, Hommes et soci\u00e9t\u00e9s, 2012<\/p>\n\n\n\n<p>STORA Benjamin, <em>La Guerre d\u2019Alg\u00e9rie expliqu\u00e9e&nbsp; \u00e0 tous, <\/em>Seuil, 2012, 144p<\/p>\n\n\n\n<p>STORA Benjamin, (Directeur de publication), Quemeneur Tramor, (Collaborateur), Alg\u00e9rie : 1954-1962 : lettres, carnets et r\u00e9cits des Fran\u00e7ais et des Alg\u00e9riens dans la guerre&nbsp;<\/p>\n\n\n\n<p>THENAULT Sylvie, <em>Alg\u00e9rie : des \u00e9v\u00e9nements \u00e0 la guerre (id\u00e9es re\u00e7ues sur la guerre d\u2019ind\u00e9pendance alg\u00e9rienne),&nbsp; <\/em>Paris, le Cavalier Bleu, 2012, 208p.<\/p>\n\n\n\n<p>&nbsp;VA\u00cfSSE&nbsp; Maurice&nbsp; <em>Le putsch d\u2019Alger<\/em>&nbsp; Hors collection Odile Jacob, 2021, 330 pages<\/p>\n","protected":false},"excerpt":{"rendered":"<p>DALISSON R\u00e9mi, La guerre d\u2019Alg\u00e9rie : l\u2019impossible comm\u00e9moration, Paris, Armand Colin, 2018, 298 p &nbsp;MORIN Paul Max, Les jeunes et la guerre d&rsquo;Alg\u00e9rie Une nouvelle g\u00e9n\u00e9ration face \u00e0 son histoire, Hors collection, Presses Universitaires de France,&nbsp; 2022 ROSSELLA Spina, Enfants de harkis et enfants d&rsquo;immigr\u00e9s Parcours crois\u00e9s, identit\u00e9 \u00e0 recoudre, Karthala, Hommes et soci\u00e9t\u00e9s, 2012 &hellip; <\/p>\n<p class=\"link-more\"><a href=\"https:\/\/blogs.univ-jfc.fr\/vphn\/bibliographie-annexe\/\" class=\"more-link\">Continuer la lecture<span class=\"screen-reader-text\"> de &laquo;&nbsp;Bibliographie annexe :&nbsp;&raquo;<\/span><\/a><\/p>\n","protected":false},"author":1699,"featured_media":0,"parent":0,"menu_order":0,"comment_status":"closed","ping_status":"closed","template":"","meta":[],"_links":{"self":[{"href":"https:\/\/blogs.univ-jfc.fr\/vphn\/wp-json\/wp\/v2\/pages\/14888"}],"collection":[{"href":"https:\/\/blogs.univ-jfc.fr\/vphn\/wp-json\/wp\/v2\/pages"}],"about":[{"href":"https:\/\/blogs.univ-jfc.fr\/vphn\/wp-json\/wp\/v2\/types\/page"}],"author":[{"embeddable":true,"href":"https:\/\/blogs.univ-jfc.fr\/vphn\/wp-json\/wp\/v2\/users\/1699"}],"replies":[{"embeddable":true,"href":"https:\/\/blogs.univ-jfc.fr\/vphn\/wp-json\/wp\/v2\/comments?post=14888"}],"version-history":[{"count":1,"href":"https:\/\/blogs.univ-jfc.fr\/vphn\/wp-json\/wp\/v2\/pages\/14888\/revisions"}],"predecessor-version":[{"id":14889,"href":"https:\/\/blogs.univ-jfc.fr\/vphn\/wp-json\/wp\/v2\/pages\/14888\/revisions\/14889"}],"wp:attachment":[{"href":"https:\/\/blogs.univ-jfc.fr\/vphn\/wp-json\/wp\/v2\/media?parent=14888"}],"curies":[{"name":"wp","href":"https:\/\/api.w.org\/{rel}","templated":true}]}}