{"id":1525,"date":"2018-02-01T12:13:30","date_gmt":"2018-02-01T11:13:30","guid":{"rendered":"http:\/\/blogs.univ-jfc.fr\/vphn\/?page_id=1525"},"modified":"2018-02-01T12:13:30","modified_gmt":"2018-02-01T11:13:30","slug":"bibliographie-la-resistance-en-midi-pyrenees","status":"publish","type":"page","link":"https:\/\/blogs.univ-jfc.fr\/vphn\/bibliographie-la-resistance-en-midi-pyrenees\/","title":{"rendered":"Bibliographie: La r\u00e9sistance en Midi-Pyr\u00e9n\u00e9es"},"content":{"rendered":"<ul>\n<li>\n<p align=\"justify\"><span style=\"font-size: medium\">C.VAST, <i>L&rsquo;identit\u00e9 de la R\u00e9sistance, <\/i>\u00c9ditions<i> <\/i>Payot, 2010, Paris<\/span><\/p>\n<\/li>\n<li>\n<p align=\"justify\"><span style=\"font-size: medium\">J.CUBERO, <i>La r\u00e9sistance \u00e0 Toulouse et dans la R\u00e9gion 4<\/i>, \u00c9ditions Sud-Ouest, 2005, Bordeaux<\/span><\/p>\n<\/li>\n<li>\n<p align=\"justify\"><span style=\"font-size: medium\">O.WIEVIORKA, <i>Une certaine id\u00e9e de la R\u00e9sistance<\/i>, \u00c9ditions Seuil, 1995, Paris<\/span><\/p>\n<\/li>\n<li>\n<p align=\"justify\"><span style=\"font-size: medium\">F.G DREYFUS, <i>Histoire de la r\u00e9sistance<\/i>, \u00c9ditions de Fallois, 1996, Paris<\/span><\/p>\n<\/li>\n<li>\n<p align=\"justify\"><span style=\"font-size: medium\">M.GOUBET, <i>La r\u00e9sistance dans le Midi toulousain, <\/i>\u00c9ditions Privat, 2015, Toulouse<\/span><\/p>\n<\/li>\n<li>\n<p align=\"justify\"><span style=\"font-size: medium\">S.SIMMONET, <i>Maquis et maquisards: La R\u00e9sistance en armes (1942-1944), <\/i>\u00c9ditions Belin, 2015, Paris<\/span><\/p>\n<\/li>\n<li>\n<p align=\"justify\"><span style=\"font-size: medium\">B.CROCHET, <i>Maquis en France sous l&rsquo;occupation<\/i>, \u00c9ditions Ouest-France, 2015, Rennes<\/span><\/p>\n<\/li>\n<li>\n<p align=\"justify\"><span style=\"font-size: medium\">G.PIKETTY<i>, Francais en R\u00e9sistance,<\/i> Editions Robert Laffont, 2009, Paris<\/span><\/p>\n<\/li>\n<li>\n<p align=\"justify\"><span style=\"font-size: medium\">L.DOUZOU, <i>La d\u00e9sob\u00e9issance, histoire du mouvement lib\u00e9ration-sud<\/i>, \u00c9ditions Odile Jacob, 1995, Paris<\/span><\/p>\n<\/li>\n<li>\n<p align=\"justify\"><span style=\"font-size: medium\">L.DOUZOU, <i>R\u00e9sistance francaise : une histoire p\u00e9rilleuse<\/i>, \u00c9ditions du Seuil, 2015, Paris<\/span><\/p>\n<\/li>\n<li>\n<p align=\"justify\"><span style=\"font-size: medium\">P.LABORIE et F.ICHER, <i>Ils ont su dire non, paroles de r\u00e9sistants<\/i>, \u00c9ditions de la Martini\u00e8re, 2008, Paris<\/span><\/p>\n<\/li>\n<li>\n<p align=\"justify\"><span style=\"font-size: medium\">R.GILABERT, <i>Oradour-sur-Glane<\/i><i>, <\/i>\u00c9ditions un Autre Reg&rsquo;Art, 2008, Albi<\/span><\/p>\n<\/li>\n<li>\n<p align=\"justify\"><span style=\"font-size: medium\">G.PENAUD, <i>Histoire secr\u00e8te de la r\u00e9sistance dans le Sud-Ouest<\/i>, \u00c9ditions Sud Ouest, 1993, Bordeaux<\/span><\/p>\n<\/li>\n<li>\n<p align=\"justify\"><span style=\"font-size: medium\">H. AMOUROUX, <i>La grande histoire des fran\u00e7ais sous l&rsquo;occupation<\/i>, \u00c9ditions Robert Laffon, 1998, Paris<\/span><\/p>\n<\/li>\n<\/ul>\n","protected":false},"excerpt":{"rendered":"<p>C.VAST, L&rsquo;identit\u00e9 de la R\u00e9sistance, \u00c9ditions Payot, 2010, Paris J.CUBERO, La r\u00e9sistance \u00e0 Toulouse et dans la R\u00e9gion 4, \u00c9ditions Sud-Ouest, 2005, Bordeaux O.WIEVIORKA, Une certaine id\u00e9e de la R\u00e9sistance, \u00c9ditions Seuil, 1995, Paris F.G DREYFUS, Histoire de la r\u00e9sistance, \u00c9ditions de Fallois, 1996, Paris M.GOUBET, La r\u00e9sistance dans le Midi toulousain, \u00c9ditions Privat, 2015, &hellip; <\/p>\n<p class=\"link-more\"><a href=\"https:\/\/blogs.univ-jfc.fr\/vphn\/bibliographie-la-resistance-en-midi-pyrenees\/\" class=\"more-link\">Continuer la lecture<span class=\"screen-reader-text\"> de &laquo;&nbsp;Bibliographie: La r\u00e9sistance en Midi-Pyr\u00e9n\u00e9es&nbsp;&raquo;<\/span><\/a><\/p>\n","protected":false},"author":420,"featured_media":0,"parent":0,"menu_order":0,"comment_status":"closed","ping_status":"closed","template":"","meta":[],"_links":{"self":[{"href":"https:\/\/blogs.univ-jfc.fr\/vphn\/wp-json\/wp\/v2\/pages\/1525"}],"collection":[{"href":"https:\/\/blogs.univ-jfc.fr\/vphn\/wp-json\/wp\/v2\/pages"}],"about":[{"href":"https:\/\/blogs.univ-jfc.fr\/vphn\/wp-json\/wp\/v2\/types\/page"}],"author":[{"embeddable":true,"href":"https:\/\/blogs.univ-jfc.fr\/vphn\/wp-json\/wp\/v2\/users\/420"}],"replies":[{"embeddable":true,"href":"https:\/\/blogs.univ-jfc.fr\/vphn\/wp-json\/wp\/v2\/comments?post=1525"}],"version-history":[{"count":1,"href":"https:\/\/blogs.univ-jfc.fr\/vphn\/wp-json\/wp\/v2\/pages\/1525\/revisions"}],"predecessor-version":[{"id":1530,"href":"https:\/\/blogs.univ-jfc.fr\/vphn\/wp-json\/wp\/v2\/pages\/1525\/revisions\/1530"}],"wp:attachment":[{"href":"https:\/\/blogs.univ-jfc.fr\/vphn\/wp-json\/wp\/v2\/media?parent=1525"}],"curies":[{"name":"wp","href":"https:\/\/api.w.org\/{rel}","templated":true}]}}