{"id":1527,"date":"2018-02-01T12:14:51","date_gmt":"2018-02-01T11:14:51","guid":{"rendered":"http:\/\/blogs.univ-jfc.fr\/vphn\/?page_id=1527"},"modified":"2018-02-01T12:16:43","modified_gmt":"2018-02-01T11:16:43","slug":"bibliographie-pierres-seches","status":"publish","type":"page","link":"https:\/\/blogs.univ-jfc.fr\/vphn\/patrimoine-et-sites-remarquables\/les-constructions-en-pierres-seches-dans-le-lot-2017\/bibliographie-pierres-seches\/","title":{"rendered":"Bibliographie Pierres S\u00e8ches"},"content":{"rendered":"<p>Bibliographie<\/p>\n<p>Ouvrages :<\/p>\n<p>CABLAT A, Les habitats de pierre s\u00e8che de l\u2019H\u00e9rault : Quelques aspects de la vie rurale au moyen-age dans la r\u00e9gion d\u2019aniane. Paris, Arch\u00e9ologie en Languedoc, 1982-1983 (p149\u2013176)<\/p>\n<p>CAPEB. Guide des bonnes pratiques de construction de murs de sout\u00e8nement en pierre s\u00e8che. Paris, CAPEB, 2008<\/p>\n<p>DESAULLE P, Les bories du Vaucluse, Paris, Edition Picard, 1965.<\/p>\n<p>GIRAULT J-P, Le Dolmen de Souillac \u00e0 murs de pierres s\u00e8ches (Lot), Cabrerets, Associations des amis du Mus\u00e9e Am\u00e9d\u00e9e Lemozi, 1986.<\/p>\n<p>LASSURE C. La pierre s\u00e8che, mode d\u2019emploi. Paris, Eyrolles, 2008.<\/p>\n<p>LASSURE C, Essai de classifications fonctionnelles des constructions en pierre s\u00e8che dans du Lot, Paris, \u00c9dition Jean-Michel, 1976<\/p>\n<p>MAGNAUDEIX I, Pierres assises, pierres mouvantes, Alpes de Lumi\u00e8res, 2004.<\/p>\n<p>Ouvrages Collectifs :<\/p>\n<p>CAGIN L et MURIOT M, Pierre s\u00e8che, th\u00e9orie et pratique d\u2019un syst\u00e8me traditionnel de construction, Eyrolle, Paris, 2017<\/p>\n<p>CAGIN L et NICOLAS L, Construire en pierre s\u00e8che, 2e \u00e9dition. Paris, Eyrolles, 2011<\/p>\n<p>CAYLA A et CAYLA B, Habitat et vie paysanne en Quercy, Paris, Garnier, 1979<\/p>\n<p>COIGNET J et COIGNET L, Ma\u00e7onnerie de pierre, Paris, Eyrolles, 2007.<\/p>\n<p>COSTE.P et MARTEL.P , Pierres s\u00e8ches en Provence, Mane : Alpes de Lumi\u00e8res, 1986.<\/p>\n<p>COSTE P, CORNU C, LARCENA D, SETTE R et EMERY F-X : Pierre S\u00e8che, Marseille, le bec en l\u2019air, 2008.<\/p>\n<p>FRAPA P., GIORGIS S. et AMBROISE R., Paysages de terrasses, Paris : Edisud, 1982.<\/p>\n<p>LASSURE C et REPERANT D, Cabanes en pierre s\u00e8che de France. \u00c9disud, Aix-en-Provence, 2004<\/p>\n<p>SENAT R et CANOU G, Caselles du Quercy, Lot, Du Laquet Eds, 2001<\/p>\n<p>Articles :<\/p>\n<p>ACOVISTSIOTI H-A \u00ab Constructions et paysages en pierre s\u00e8che en M\u00e9diterran\u00e9e : pour une reconversion en souplesse \u00bb Bulletin de l&rsquo;Association de g\u00e9ographes fran\u00e7ais, Paris, 2002, pp. 332-343.<\/p>\n<p>URL : http:\/\/www.persee.fr\/doc\/bagf_0004-5322_2002_num_79_3_2283<\/p>\n<p>CLASTRIER S, \u00ab Anciennes constructions en pierres s\u00e8ches dans la Nerthe, \u00e0 Marseille. \u00bb, Bulletin de la Soci\u00e9t\u00e9 pr\u00e9historique de France, Volume 15, Num\u00e9ro 8, Paris, 1918, pp.450-453.<\/p>\n<p>GALY G-R, \u00ab L\u2019Habitat de pierres s\u00e8ches en M\u00e9diterran\u00e9e nord occidentale \u00bb, M\u00e9diterran\u00e9, volume 1, num\u00e9ro 2, Marseille, 1970, p.95-119.<\/p>\n<p>URL:http:\/\/www.persee.fr\/doc\/medit_0025-8296_1970_num_1_2_1350?q=pierres%20s%C3%A8ches<\/p>\n<p>GALY G-R, \u00ab L\u2019habitat en pierres s\u00e8ches. Essai de m\u00e9thodologie \u00bb, Bulletin de l\u2019association de g\u00e9ographe fran\u00e7ais,Volume 41, Num\u00e9ro 328,Paris, 1964, p.57-69.<\/p>\n<p>Le Vicomte de Sartiges, \u00ab Les Cabanes en pierres s\u00e8ches du Sud de la France \u00bb, Bulletin de la Soci\u00e9t\u00e9 pr\u00e9historique de France, Volume 18, Num\u00e9ro 12, Paris, 1921, p. 338-358.<\/p>\n<p>NICOD J. \u00ab D\u00e9fense et illustration de la Pierre s\u00e8che \u00bb M\u00e9diterran\u00e9e, tome 90, Arch\u00e9ologie et pal\u00e9opaysages, 1998, pp. 65-66.<\/p>\n<p>URL : http:\/\/www.persee.fr\/doc\/medit_0025-8296_1998_num_90_4_3078<\/p>\n","protected":false},"excerpt":{"rendered":"<p>Bibliographie Ouvrages : CABLAT A, Les habitats de pierre s\u00e8che de l\u2019H\u00e9rault : Quelques aspects de la vie rurale au moyen-age dans la r\u00e9gion d\u2019aniane. Paris, Arch\u00e9ologie en Languedoc, 1982-1983 (p149\u2013176) CAPEB. Guide des bonnes pratiques de construction de murs de sout\u00e8nement en pierre s\u00e8che. Paris, CAPEB, 2008 DESAULLE P, Les bories du Vaucluse, Paris, &hellip; <\/p>\n<p class=\"link-more\"><a href=\"https:\/\/blogs.univ-jfc.fr\/vphn\/patrimoine-et-sites-remarquables\/les-constructions-en-pierres-seches-dans-le-lot-2017\/bibliographie-pierres-seches\/\" class=\"more-link\">Continuer la lecture<span class=\"screen-reader-text\"> de &laquo;&nbsp;Bibliographie Pierres S\u00e8ches&nbsp;&raquo;<\/span><\/a><\/p>\n","protected":false},"author":291,"featured_media":0,"parent":164,"menu_order":0,"comment_status":"closed","ping_status":"closed","template":"","meta":[],"_links":{"self":[{"href":"https:\/\/blogs.univ-jfc.fr\/vphn\/wp-json\/wp\/v2\/pages\/1527"}],"collection":[{"href":"https:\/\/blogs.univ-jfc.fr\/vphn\/wp-json\/wp\/v2\/pages"}],"about":[{"href":"https:\/\/blogs.univ-jfc.fr\/vphn\/wp-json\/wp\/v2\/types\/page"}],"author":[{"embeddable":true,"href":"https:\/\/blogs.univ-jfc.fr\/vphn\/wp-json\/wp\/v2\/users\/291"}],"replies":[{"embeddable":true,"href":"https:\/\/blogs.univ-jfc.fr\/vphn\/wp-json\/wp\/v2\/comments?post=1527"}],"version-history":[{"count":2,"href":"https:\/\/blogs.univ-jfc.fr\/vphn\/wp-json\/wp\/v2\/pages\/1527\/revisions"}],"predecessor-version":[{"id":1541,"href":"https:\/\/blogs.univ-jfc.fr\/vphn\/wp-json\/wp\/v2\/pages\/1527\/revisions\/1541"}],"up":[{"embeddable":true,"href":"https:\/\/blogs.univ-jfc.fr\/vphn\/wp-json\/wp\/v2\/pages\/164"}],"wp:attachment":[{"href":"https:\/\/blogs.univ-jfc.fr\/vphn\/wp-json\/wp\/v2\/media?parent=1527"}],"curies":[{"name":"wp","href":"https:\/\/api.w.org\/{rel}","templated":true}]}}